{"id":222124,"date":"2024-06-04T13:53:19","date_gmt":"2024-06-04T11:53:19","guid":{"rendered":"https:\/\/editorialalegoria.com\/web\/?page_id=222124"},"modified":"2024-06-04T13:54:26","modified_gmt":"2024-06-04T11:54:26","slug":"222124-2","status":"publish","type":"page","link":"https:\/\/editorialalegoria.com\/web\/222124-2\/","title":{"rendered":""},"content":{"rendered":"<p>[et_pb_section fb_built=\u00bb1&#8243; _builder_version=\u00bb4.23.1&#8243; _module_preset=\u00bbdefault\u00bb custom_padding=\u00bb||12px|||\u00bb global_module=\u00bb14515&#8243; global_colors_info=\u00bb{}\u00bb][\/et_pb_section][et_pb_section fb_built=\u00bb1&#8243; _builder_version=\u00bb4.16&#8243; _module_preset=\u00bbdefault\u00bb background_color=\u00bb#A50004&#8243; background_image=\u00bbhttps:\/\/editorialalegoria.com\/web\/wp-content\/uploads\/chicks-1788230.jpg\u00bb parallax=\u00bbon\u00bb height=\u00bb394px\u00bb custom_margin=\u00bb10px||10px||true|\u00bb custom_padding=\u00bb71px||71px||true|false\u00bb global_colors_info=\u00bb{}\u00bb][et_pb_row _builder_version=\u00bb4.16&#8243; _module_preset=\u00bbdefault\u00bb background_color=\u00bbrgba(255,255,255,0.87)\u00bb width=\u00bb75.2%\u00bb custom_margin=\u00bb||||false|false\u00bb custom_padding=\u00bb0px|50px|0px|65px|true|false\u00bb border_radii=\u00bbon|14px|14px|14px|14px\u00bb border_width_all=\u00bb1px\u00bb border_color_all=\u00bbrgba(165,0,4,0.71)\u00bb box_shadow_style=\u00bbpreset1&#8243; global_colors_info=\u00bb{}\u00bb][et_pb_column type=\u00bb4_4&#8243; _builder_version=\u00bb4.16&#8243; _module_preset=\u00bbdefault\u00bb global_colors_info=\u00bb{}\u00bb][et_pb_post_title meta=\u00bboff\u00bb featured_image=\u00bboff\u00bb _builder_version=\u00bb4.16&#8243; _module_preset=\u00bbdefault\u00bb title_font=\u00bbRubik|300|||||||\u00bb title_font_size=\u00bb22px\u00bb title_line_height=\u00bb1.6em\u00bb custom_margin=\u00bb7px||7px||true|false\u00bb locked=\u00bboff\u00bb global_colors_info=\u00bb{}\u00bb][\/et_pb_post_title][et_pb_text _builder_version=\u00bb4.16&#8243; _module_preset=\u00bbdefault\u00bb custom_margin=\u00bb||21px|||\u00bb global_colors_info=\u00bb{}\u00bb]<\/p>\n<p style=\"text-align: center;\"><span style=\"font-size: large;\"><strong><a href=\"https:\/\/academiavirtual.editorialalegoria.com\/\">ACADEMIA VIRTUAL ALEGOR\u00cdA<\/a> (<a href=\"https:\/\/academiavirtual.editorialalegoria.com\/\">https:\/\/academiavirtual.editorialalegoria.com\/<\/a>)<\/strong><\/span><\/p>\n<p style=\"text-align: center;\"><span style=\"font-size: large;\"><strong>Este espacio est\u00e1 creado y reservado a los usuarios de los libros de texto de Editorial Alegor\u00eda.<\/strong><\/span><\/p>\n<p style=\"text-align: center;\"><span style=\"font-size: large;\"><strong>\u00a0Si eres profesor o alumno, dir\u00edgete all\u00ed y podr\u00e1s gestionar tu acceso.<\/strong><\/span><\/p>\n<p style=\"text-align: center;\"><span style=\"font-size: large;\"><strong>\u00a0Gracias por confiar en Alegor\u00eda.<\/strong><\/span><\/p>\n<p><b><\/b><\/p>\n<p>[\/et_pb_text][\/et_pb_column][\/et_pb_row][\/et_pb_section]<\/p>\n","protected":false},"excerpt":{"rendered":"<p>ACADEMIA VIRTUAL ALEGOR\u00cdA (https:\/\/academiavirtual.editorialalegoria.com\/) Este espacio est\u00e1 creado y reservado a los usuarios de los libros de texto de Editorial Alegor\u00eda. \u00a0Si eres profesor o alumno, dir\u00edgete all\u00ed y podr\u00e1s gestionar tu acceso. \u00a0Gracias por confiar en Alegor\u00eda.<\/p>\n","protected":false},"author":3,"featured_media":0,"parent":0,"menu_order":0,"comment_status":"closed","ping_status":"closed","template":"","meta":{"_et_pb_use_builder":"on","_et_pb_old_content":"","_et_gb_content_width":"","footnotes":""},"class_list":["post-222124","page","type-page","status-publish","hentry"],"_links":{"self":[{"href":"https:\/\/editorialalegoria.com\/web\/wp-json\/wp\/v2\/pages\/222124","targetHints":{"allow":["GET"]}}],"collection":[{"href":"https:\/\/editorialalegoria.com\/web\/wp-json\/wp\/v2\/pages"}],"about":[{"href":"https:\/\/editorialalegoria.com\/web\/wp-json\/wp\/v2\/types\/page"}],"author":[{"embeddable":true,"href":"https:\/\/editorialalegoria.com\/web\/wp-json\/wp\/v2\/users\/3"}],"replies":[{"embeddable":true,"href":"https:\/\/editorialalegoria.com\/web\/wp-json\/wp\/v2\/comments?post=222124"}],"version-history":[{"count":4,"href":"https:\/\/editorialalegoria.com\/web\/wp-json\/wp\/v2\/pages\/222124\/revisions"}],"predecessor-version":[{"id":223254,"href":"https:\/\/editorialalegoria.com\/web\/wp-json\/wp\/v2\/pages\/222124\/revisions\/223254"}],"wp:attachment":[{"href":"https:\/\/editorialalegoria.com\/web\/wp-json\/wp\/v2\/media?parent=222124"}],"curies":[{"name":"wp","href":"https:\/\/api.w.org\/{rel}","templated":true}]}}