{"id":222258,"date":"2022-10-10T13:46:12","date_gmt":"2022-10-10T11:46:12","guid":{"rendered":"https:\/\/editorialalegoria.com\/web\/?page_id=222258"},"modified":"2025-09-29T13:04:26","modified_gmt":"2025-09-29T11:04:26","slug":"isbn-libros-de-texto","status":"publish","type":"page","link":"https:\/\/editorialalegoria.com\/web\/isbn-libros-de-texto\/","title":{"rendered":"ISBN &#8211; LIBROS DE TEXTO"},"content":{"rendered":"<p>[et_pb_section fb_built=\u00bb1&#8243; _builder_version=\u00bb4.23.1&#8243; _module_preset=\u00bbdefault\u00bb custom_padding=\u00bb||12px|||\u00bb global_module=\u00bb14515&#8243; global_colors_info=\u00bb{}\u00bb][\/et_pb_section][et_pb_section fb_built=\u00bb1&#8243; _builder_version=\u00bb4.16&#8243; _module_preset=\u00bbdefault\u00bb custom_margin=\u00bb-4px||-4px|||\u00bb custom_padding=\u00bb13px||7px|||\u00bb locked=\u00bboff\u00bb global_colors_info=\u00bb{}\u00bb][et_pb_row _builder_version=\u00bb4.16&#8243; _module_preset=\u00bbdefault\u00bb custom_margin=\u00bb|auto|-6px|auto||\u00bb custom_padding=\u00bb5px||7px|||\u00bb global_colors_info=\u00bb{}\u00bb][et_pb_column type=\u00bb4_4&#8243; _builder_version=\u00bb4.16&#8243; _module_preset=\u00bbdefault\u00bb global_colors_info=\u00bb{}\u00bb][et_pb_post_title meta=\u00bboff\u00bb featured_image=\u00bboff\u00bb _builder_version=\u00bb4.16&#8243; _module_preset=\u00bbdefault\u00bb title_font=\u00bbRubik|300|||||||\u00bb title_font_size=\u00bb22px\u00bb title_line_height=\u00bb1.6em\u00bb custom_margin=\u00bb1px||1px||true|false\u00bb locked=\u00bboff\u00bb global_colors_info=\u00bb{}\u00bb][\/et_pb_post_title][\/et_pb_column][\/et_pb_row][\/et_pb_section][et_pb_section fb_built=\u00bb1&#8243; padding_top_2=\u00bb7vw\u00bb _builder_version=\u00bb4.16&#8243; _module_preset=\u00bbdefault\u00bb background_color=\u00bbrgba(232,245,233,0.36)\u00bb custom_margin=\u00bb8px|||||\u00bb custom_padding=\u00bb28px||30px|||\u00bb global_colors_info=\u00bb{}\u00bb][et_pb_row column_structure=\u00bb1_2,1_2&#8243; _builder_version=\u00bb4.16&#8243; _module_preset=\u00bbdefault\u00bb custom_padding=\u00bb||8px|||\u00bb locked=\u00bboff\u00bb global_colors_info=\u00bb{}\u00bb][et_pb_column type=\u00bb1_2&#8243; _builder_version=\u00bb4.16&#8243; _module_preset=\u00bbdefault\u00bb global_colors_info=\u00bb{}\u00bb][et_pb_text _builder_version=\u00bb4.25.1&#8243; _module_preset=\u00bbdefault\u00bb header_2_font=\u00bbRubik|300|||||||\u00bb header_2_text_color=\u00bb#494949&#8243; header_2_font_size=\u00bb30px\u00bb header_2_line_height=\u00bb1.5em\u00bb header_3_font=\u00bb||||||||\u00bb header_3_text_align=\u00bbleft\u00bb header_3_text_color=\u00bb#A50004&#8243; header_3_font_size=\u00bb16px\u00bb header_3_line_height=\u00bb1.3em\u00bb background_color=\u00bbRGBA(0,0,0,0)\u00bb custom_margin=\u00bb||12px||false|false\u00bb custom_padding=\u00bb||||false|false\u00bb hover_enabled=\u00bb0&#8243; global_colors_info=\u00bb{}\u00bb sticky_enabled=\u00bb0&#8243;]<\/p>\n<h3><strong><span style=\"color: #3366ff;\">LENGUA CASTELLANA Y LITERATURA<\/span><\/strong><\/h3>\n<h6><span style=\"color: #3366ff;\"><strong>Proyecto Isegor\u00eda<\/strong><\/span><\/h6>\n<ul>\n<li><span style=\"color: #333333;\">Lengua castellana y Literatura <strong>1\u00ba ESO<\/strong> Proyecto Isegor\u00eda Ed. 2020: 9788415380818<\/span><\/li>\n<li><span style=\"color: #333333;\">Lengua castellana y Literatura <strong>2\u00ba ESO<\/strong> Proyecto Isegor\u00eda Ed. 2020: 9788415380825<\/span><\/li>\n<li><span style=\"color: #333333;\">Lengua castellana y Literatura <strong>3\u00ba ESO<\/strong> Proyecto Isegor\u00eda Ed. 2020: 9788415380832<\/span><\/li>\n<li><span style=\"color: #333333;\">Lengua castellana y Literatura <strong>4\u00ba ESO<\/strong> Proyecto Isegor\u00eda Ed. 2020: 9788415380849<\/span><\/li>\n<li><span style=\"color: #333333;\">Lengua castellana y Literatura <strong>1\u00ba Bachillerato Proyecto Isegor\u00eda<\/strong> Ed. 2020: 9788415380603<\/span><\/li>\n<\/ul>\n<h6><span style=\"color: #3366ff;\"><strong>Proyecto Alejandr\u00eda<\/strong><\/span><\/h6>\n<ul>\n<li><span style=\"color: #333333;\">Lengua castellana y Literatura <strong>1\u00ba Bachillerato LOMLOE_Proyecto Alejandr\u00eda Ed. 2023<\/strong>: 978-84-15380-97-9 (EAN: 9788415380979)<\/span><\/li>\n<li style=\"text-align: left;\"><span style=\"color: #0407db;\"><span style=\"color: #333333;\">Lengua castellana y Literatura <strong>2\u00ba Bachillerato LOMLOE_Proyecto Alejandr\u00eda Ed. 2024<\/strong>: <\/span><span style=\"color: #000000;\"><span style=\"color: #333333;\">978-84-15380-98-6 (EAN: 9788415380986)<br \/><\/span><\/span><\/span><span style=\"color: #0407db;\"><span style=\"color: #000000;\"><span style=\"color: #333333;\"><br \/><\/span><\/span><\/span><em>En extinci\u00f3n:<\/em><\/li>\n<\/ul>\n<ul>\n<li><em><span style=\"color: #000000;\">Lengua castellana y Literatura 1\u00ba Bachillerato Proyecto Alejandr\u00eda: 9788415380580 (Edici\u00f3n en extinci\u00f3n LOMCE)<\/span><\/em><\/li>\n<li><em><span style=\"color: #000000;\">Lengua castellana y Literatura 2\u00ba Bachillerato Proyecto Alejandr\u00eda: 9788415380528 (Edici\u00f3n en extinci\u00f3n LOMCE)<\/span><\/em><\/li>\n<\/ul>\n<p>[\/et_pb_text][\/et_pb_column][et_pb_column type=\u00bb1_2&#8243; _builder_version=\u00bb4.16&#8243; _module_preset=\u00bbdefault\u00bb global_colors_info=\u00bb{}\u00bb][et_pb_text _builder_version=\u00bb4.25.1&#8243; _module_preset=\u00bbdefault\u00bb global_colors_info=\u00bb{}\u00bb]<\/p>\n<h3><span style=\"color: #800080;\"><strong>ORATORIA Y DEBATE<\/strong><\/span><\/h3>\n<ul>\n<li><strong>Oratoria y Debate 1.<\/strong> Nivel iniciaci\u00f3n: 978-84-15380-93-1 (EAN: 9788415380931)<\/li>\n<li><strong>Oratoria y Debate 2.<\/strong> Nivel medio: 978-84-15380-94-8 (EAN: 9788415380948)<\/li>\n<li><strong>Oratoria y Debate 3.<\/strong> Nivel avanzado: 978-84-15380-99-3 (EAN: 9788415380993)<\/li>\n<\/ul>\n<p>[\/et_pb_text][et_pb_text _builder_version=\u00bb4.25.1&#8243; _module_preset=\u00bbdefault\u00bb header_2_font=\u00bbRubik|300|||||||\u00bb header_2_text_color=\u00bb#494949&#8243; header_2_font_size=\u00bb30px\u00bb header_2_line_height=\u00bb1.5em\u00bb header_3_font=\u00bb||||||||\u00bb header_3_text_align=\u00bbleft\u00bb header_3_text_color=\u00bb#A50004&#8243; header_3_font_size=\u00bb16px\u00bb header_3_line_height=\u00bb1.3em\u00bb background_color=\u00bbRGBA(0,0,0,0)\u00bb custom_margin=\u00bb||12px||false|false\u00bb custom_padding=\u00bb||||false|false\u00bb global_colors_info=\u00bb{}\u00bb]<\/p>\n<h3><span style=\"color: #ff6600;\"><strong>FILOSOF\u00cdA<\/strong><\/span><\/h3>\n<ul>\n<li><strong>PEBAU<\/strong>. Historia de la Filosof\u00eda. Andaluc\u00eda: 978-84-15380-47-4<\/li>\n<li><strong>Apuntes de Filosof\u00eda<\/strong>: 978-84-15380-02-3<\/li>\n<li><strong>Ocho Fil\u00f3sofos<\/strong>. PAU Andaluc\u00eda: 978-84-15380-01-6<\/li>\n<li><strong>Cuatro Fil\u00f3sofos<\/strong>: 978-84-15380-14-6<\/li>\n<\/ul>\n<p>[\/et_pb_text][\/et_pb_column][\/et_pb_row][et_pb_row column_structure=\u00bb1_2,1_2&#8243; _builder_version=\u00bb4.16&#8243; _module_preset=\u00bbdefault\u00bb custom_padding=\u00bb||8px|||\u00bb locked=\u00bboff\u00bb global_colors_info=\u00bb{}\u00bb][et_pb_column type=\u00bb1_2&#8243; _builder_version=\u00bb4.16&#8243; _module_preset=\u00bbdefault\u00bb global_colors_info=\u00bb{}\u00bb][et_pb_text _builder_version=\u00bb4.25.1&#8243; _module_preset=\u00bbdefault\u00bb header_2_font=\u00bbRubik|300|||||||\u00bb header_2_text_color=\u00bb#494949&#8243; header_2_font_size=\u00bb30px\u00bb header_2_line_height=\u00bb1.5em\u00bb header_3_font=\u00bb||||||||\u00bb header_3_text_align=\u00bbleft\u00bb header_3_text_color=\u00bb#A50004&#8243; header_3_font_size=\u00bb16px\u00bb header_3_line_height=\u00bb1.3em\u00bb background_color=\u00bbRGBA(0,0,0,0)\u00bb custom_margin=\u00bb||12px||false|false\u00bb custom_padding=\u00bb||||false|false\u00bb global_colors_info=\u00bb{}\u00bb]<\/p>\n<h3><span style=\"color: #008000;\"><strong>GEOGRAF\u00cdA E HISTORIA<\/strong><\/span><\/h3>\n<ul>\n<li>Geograf\u00eda e Historia <strong>1\u00ba ESO<\/strong>: 9788415380665<\/li>\n<li>Geograf\u00eda e Historia<strong> 2\u00ba ESO<\/strong>: 9788415380672<\/li>\n<li>Geograf\u00eda <strong>3\u00ba ESO<\/strong>: 9788415380689<\/li>\n<li>Historia <strong>4\u00ba ESO<\/strong>: 9788415380696<\/li>\n<li>Historia del Mundo contempor\u00e1neo <strong>1\u00ba Bachillerat<\/strong>o: 9788415380702<\/li>\n<li>Historia de Espa\u00f1a <strong>2\u00ba Bachillerato<\/strong>: 9788415380719<\/li>\n<\/ul>\n<p>[\/et_pb_text][\/et_pb_column][et_pb_column type=\u00bb1_2&#8243; _builder_version=\u00bb4.16&#8243; _module_preset=\u00bbdefault\u00bb global_colors_info=\u00bb{}\u00bb][et_pb_text _builder_version=\u00bb4.25.1&#8243; _module_preset=\u00bbdefault\u00bb header_2_font=\u00bbRubik|300|||||||\u00bb header_2_text_color=\u00bb#494949&#8243; header_2_font_size=\u00bb30px\u00bb header_2_line_height=\u00bb1.5em\u00bb header_3_font=\u00bb||||||||\u00bb header_3_text_align=\u00bbleft\u00bb header_3_text_color=\u00bb#A50004&#8243; header_3_font_size=\u00bb16px\u00bb header_3_line_height=\u00bb1.3em\u00bb background_color=\u00bbRGBA(0,0,0,0)\u00bb custom_margin=\u00bb||12px||false|false\u00bb custom_padding=\u00bb||||false|false\u00bb global_colors_info=\u00bb{}\u00bb]<\/p>\n<h3><span style=\"color: #ff00ff;\"><strong>M\u00daSICA &#8211;\u00a0 CULTURA DEL FLAMENCO<\/strong><\/span><\/h3>\n<ul>\n<li><strong>M\u00fasica Uno. Edici\u00f3n 2024<\/strong>: 978-84-15380-77-1 (EAN: 9788415380771)<\/li>\n<li><strong>M\u00fasica<\/strong> <strong>Dos. Edici\u00f3n 2024<\/strong>: 978-84-15380-73-3 (EAN: 9788415380733)<\/li>\n<li><strong>Cultura del Flamenco<\/strong>: 978-84-15380-39-9 (EAN: 9788415380399)<\/li>\n<\/ul>\n<p><em>En extinci\u00f3n:<\/em><\/p>\n<ul>\n<li><em>M\u00fasica Uno: 9788415380542 (edici\u00f3n 2020)<\/em><\/li>\n<li><em>M\u00fasica Dos: 9788415380566 (edici\u00f3n 2021)<\/em><\/li>\n<\/ul>\n<p>&nbsp;<\/p>\n<p>[\/et_pb_text][\/et_pb_column][\/et_pb_row][\/et_pb_section]<\/p>\n","protected":false},"excerpt":{"rendered":"<p>LENGUA CASTELLANA Y LITERATURA Proyecto Isegor\u00eda Lengua castellana y Literatura 1\u00ba ESO Proyecto Isegor\u00eda Ed. 2020: 9788415380818 Lengua castellana y Literatura 2\u00ba ESO Proyecto Isegor\u00eda Ed. 2020: 9788415380825 Lengua castellana y Literatura 3\u00ba ESO Proyecto Isegor\u00eda Ed. 2020: 9788415380832 Lengua castellana y Literatura 4\u00ba ESO Proyecto Isegor\u00eda Ed. 2020: 9788415380849 Lengua castellana y Literatura 1\u00ba [&hellip;]<\/p>\n","protected":false},"author":1,"featured_media":0,"parent":0,"menu_order":0,"comment_status":"closed","ping_status":"closed","template":"","meta":{"_et_pb_use_builder":"on","_et_pb_old_content":"[et_pb_section fb_built=\"1\" _builder_version=\"4.8.1\" _module_preset=\"default\" custom_padding=\"||12px|||\" global_module=\"14515\"][et_pb_row _builder_version=\"4.9.4\" _module_preset=\"default\" background_image=\"https:\/\/editorialalegoria.com\/web\/wp-content\/uploads\/chicks-1788230.jpg\" width=\"96%\" width_tablet=\"\" width_phone=\"90%\" width_last_edited=\"on|phone\" custom_margin=\"-3px||-2px||false|false\" custom_padding=\"11px||8px|||\"][et_pb_column type=\"4_4\" _builder_version=\"4.8.1\" _module_preset=\"default\"][et_pb_text _builder_version=\"4.8.1\" _module_preset=\"default\" text_font=\"Rubik|300|||||||\" text_text_color=\"#000000\" text_font_size=\"15px\" text_line_height=\"1.3em\"]\r\n\r\n[rank_math_breadcrumb]\r\n\r\n[\/et_pb_text][\/et_pb_column][\/et_pb_row][\/et_pb_section][et_pb_section fb_built=\"1\" _builder_version=\"4.8.1\" _module_preset=\"default\" custom_margin=\"-4px||-4px|||\" custom_padding=\"13px||7px|||\" locked=\"off\"][et_pb_row _builder_version=\"4.8.1\" _module_preset=\"default\" custom_margin=\"|auto|-6px|auto||\" custom_padding=\"5px||7px|||\"][et_pb_column type=\"4_4\" _builder_version=\"4.8.1\" _module_preset=\"default\"][et_pb_post_title meta=\"off\" featured_image=\"off\" _builder_version=\"4.8.1\" _module_preset=\"default\" title_font=\"Rubik|300|||||||\" title_font_size=\"22px\" title_line_height=\"1.6em\" custom_margin=\"1px||1px||true|false\" locked=\"off\"][\/et_pb_post_title][\/et_pb_column][\/et_pb_row][\/et_pb_section][et_pb_section fb_built=\"1\" padding_top_2=\"7vw\" _builder_version=\"4.8.1\" _module_preset=\"default\" background_color=\"rgba(219,219,219,0.45)\" custom_margin=\"8px|||||\" custom_padding=\"28px||30px|||\"][et_pb_row column_structure=\"1_2,1_2\" _builder_version=\"4.9.4\" _module_preset=\"default\" custom_padding=\"||8px|||\" locked=\"off\"][et_pb_column type=\"1_2\" _builder_version=\"4.8.1\" _module_preset=\"default\"][et_pb_text _builder_version=\"4.9.4\" _module_preset=\"default\" header_2_font=\"Rubik|300|||||||\" header_2_text_color=\"#494949\" header_2_font_size=\"30px\" header_2_line_height=\"1.5em\" header_3_font=\"||||||||\" header_3_text_align=\"left\" header_3_text_color=\"#A50004\" header_3_font_size=\"16px\" header_3_line_height=\"1.3em\" custom_margin=\"||12px||false|false\" custom_padding=\"||||false|false\" hover_enabled=\"0\" sticky_enabled=\"0\"]\r\n<h2>Somos todo o\u00eddos. Estamos deseando escuchar lo que tienes que decirnos.<\/h2>\r\n[\/et_pb_text][et_pb_text _builder_version=\"4.9.4\" _module_preset=\"default\" header_4_text_color=\"#494949\" header_4_font_size=\"16px\" hover_enabled=\"0\" sticky_enabled=\"0\" min_height=\"45px\"]\r\n<ul>\r\n \t<li>Tel\u00e9fono:\u00a0<strong><a href=\"tel:+34644332200\">644 332 200<\/a><\/strong><\/li>\r\n<\/ul>\r\n[\/et_pb_text][et_pb_text _builder_version=\"4.9.4\" _module_preset=\"default\" header_4_text_color=\"#494949\" header_4_font_size=\"16px\" hover_enabled=\"0\" sticky_enabled=\"0\" min_height=\"93px\"]\r\n<ul>\r\n \t<li>Correo electr\u00f3nico <strong><span style=\"text-decoration: underline;\"><span style=\"color: #3366ff; text-decoration: underline;\">profesores<\/span><\/span>: <\/strong><a href=\"mailto:contacto@editorialalegoria.com\" target=\"_blank\" rel=\"noopener\">libroslibres@editorialalegoria.com<\/a><\/li>\r\n<\/ul>\r\n<ul>\r\n \t<li>Correo electr\u00f3nico general: <a href=\"mailto:contacto@editorialalegoria.com\" target=\"_blank\" rel=\"noopener\">contacto@editorialalegoria.com<\/a><\/li>\r\n<\/ul>\r\n[\/et_pb_text][\/et_pb_column][et_pb_column type=\"1_2\" _builder_version=\"4.8.1\" _module_preset=\"default\"][et_pb_image src=\"https:\/\/editorialalegoria.com\/web\/wp-content\/uploads\/contacto.png\" title_text=\"contacto\" _builder_version=\"4.9.4\" _module_preset=\"default\" animation_style=\"fade\"][\/et_pb_image][\/et_pb_column][\/et_pb_row][\/et_pb_section][et_pb_section fb_built=\"1\" _builder_version=\"4.8.1\" _module_preset=\"default\" background_color=\"#e8e8e8\" custom_padding=\"40px|||||\"][et_pb_row _builder_version=\"4.8.1\" _module_preset=\"default\" custom_margin=\"|auto|100px|auto||\"][et_pb_column type=\"4_4\" _builder_version=\"4.8.1\" _module_preset=\"default\"][et_pb_text _builder_version=\"4.9.4\" _module_preset=\"default\" header_2_font=\"Rubik|300|||||||\" header_2_text_color=\"#494949\" header_2_font_size=\"22px\" header_2_line_height=\"1.5em\" header_3_font=\"|300|||||||\" header_3_text_align=\"left\" header_3_text_color=\"#A50004\" header_3_font_size=\"18px\" header_3_line_height=\"1.3em\" custom_margin=\"||7px||false|false\" custom_padding=\"||0px||false|false\" hover_enabled=\"0\" sticky_enabled=\"0\"]\r\n\r\nY si lo prefieres, puedes rellenar el siguiente formulario para enviarnos tu mensaje.\r\n\r\n<span style=\"color: #800080;\"><strong>\u00a1OJO, PROFESORES! Las solicitudes de ejemplares de muestra no se tramitan en este formulario.<\/strong><\/span>\r\n\r\n<span style=\"color: #800080;\"><strong> Accede a la p\u00e1gina del libro de tu inter\u00e9s y rellena all\u00ed el formulario \"SOLICITA TU EJEMPLAR\".\u00a0<\/strong><\/span>\r\n\r\n[\/et_pb_text][et_pb_text _builder_version=\"4.8.1\" _module_preset=\"default\" custom_padding=\"0px|||||\"]\r\n\r\n[gravityform id=\"5\" title=\"false\" description=\"false\" ajax=\"true\" tabindex=\"49\"]\r\n\r\n[\/et_pb_text][\/et_pb_column][\/et_pb_row][\/et_pb_section]","_et_gb_content_width":"","footnotes":""},"class_list":["post-222258","page","type-page","status-publish","hentry"],"_links":{"self":[{"href":"https:\/\/editorialalegoria.com\/web\/wp-json\/wp\/v2\/pages\/222258","targetHints":{"allow":["GET"]}}],"collection":[{"href":"https:\/\/editorialalegoria.com\/web\/wp-json\/wp\/v2\/pages"}],"about":[{"href":"https:\/\/editorialalegoria.com\/web\/wp-json\/wp\/v2\/types\/page"}],"author":[{"embeddable":true,"href":"https:\/\/editorialalegoria.com\/web\/wp-json\/wp\/v2\/users\/1"}],"replies":[{"embeddable":true,"href":"https:\/\/editorialalegoria.com\/web\/wp-json\/wp\/v2\/comments?post=222258"}],"version-history":[{"count":31,"href":"https:\/\/editorialalegoria.com\/web\/wp-json\/wp\/v2\/pages\/222258\/revisions"}],"predecessor-version":[{"id":223812,"href":"https:\/\/editorialalegoria.com\/web\/wp-json\/wp\/v2\/pages\/222258\/revisions\/223812"}],"wp:attachment":[{"href":"https:\/\/editorialalegoria.com\/web\/wp-json\/wp\/v2\/media?parent=222258"}],"curies":[{"name":"wp","href":"https:\/\/api.w.org\/{rel}","templated":true}]}}