{"id":223268,"date":"2024-06-25T12:03:53","date_gmt":"2024-06-25T10:03:53","guid":{"rendered":"https:\/\/editorialalegoria.com\/web\/?page_id=223268"},"modified":"2024-09-26T10:23:56","modified_gmt":"2024-09-26T08:23:56","slug":"zona-profesores","status":"publish","type":"page","link":"https:\/\/editorialalegoria.com\/web\/zona-profesores\/","title":{"rendered":"ZONA PROFESORES"},"content":{"rendered":"<p>[et_pb_section fb_built=\u00bb1&#8243; _builder_version=\u00bb4.25.1&#8243; _module_preset=\u00bbdefault\u00bb global_colors_info=\u00bb{}\u00bb][et_pb_row column_structure=\u00bb1_2,1_2&#8243; _builder_version=\u00bb4.25.1&#8243; _module_preset=\u00bbdefault\u00bb transform_translate=\u00bb7px|6px\u00bb min_height=\u00bb387px\u00bb custom_margin=\u00bb|auto|-88px|auto|false|false\u00bb global_colors_info=\u00bb{}\u00bb][et_pb_column type=\u00bb1_2&#8243; _builder_version=\u00bb4.25.1&#8243; _module_preset=\u00bbdefault\u00bb global_colors_info=\u00bb{}\u00bb][et_pb_image src=\u00bbhttps:\/\/editorialalegoria.com\/web\/wp-content\/uploads\/la-editorial-1.jpg\u00bb title_text=\u00bbla-editorial\u00bb _builder_version=\u00bb4.25.1&#8243; _module_preset=\u00bbdefault\u00bb global_colors_info=\u00bb{}\u00bb][\/et_pb_image][\/et_pb_column][et_pb_column type=\u00bb1_2&#8243; _builder_version=\u00bb4.25.1&#8243; _module_preset=\u00bbdefault\u00bb global_colors_info=\u00bb{}\u00bb][et_pb_text _builder_version=\u00bb4.25.1&#8243; _module_preset=\u00bbdefault\u00bb min_height=\u00bb347.9px\u00bb custom_margin=\u00bb10px||69px||false|false\u00bb custom_padding=\u00bb9px|7px|9px|7px|true|true\u00bb global_colors_info=\u00bb{}\u00bb]<\/p>\n<h5><span style=\"color: #808000;\">Estimado docente:<\/span><\/h5>\n<h5><span style=\"color: #808000;\">Est\u00e1s en la<strong> ZONA PROFESORES de Editorial Alegor\u00eda<\/strong>.<\/span><\/h5>\n<h5><span style=\"color: #808000;\">Si\u00e9ntete en casa.<\/span><\/h5>\n<h5 style=\"padding-left: 40px;\"><span style=\"color: #808000;\">Antes de seguir leyendo, te comunico que el registro en la <strong>Academia Virtual Alegor\u00eda (AVA)<\/strong> lo completa la editorial cuando recibe el formulario de parte de la jefa o el jefe del departamento y si se cumplen los requisitos explicados m\u00e1s abajo; el resto de profesores no debe registrarse, pues dichas solicitudes son eliminadas de forma autom\u00e1tica&#8230; \u00a1una l\u00e1stima!<\/span><\/h5>\n<h5><span style=\"color: #808000;\">Te explicamos qu\u00e9 debes hacer si eres jefa o jefe de departamento; por favor, sigue leyendo.<\/span><\/h5>\n<p>[\/et_pb_text][\/et_pb_column][\/et_pb_row][et_pb_row _builder_version=\u00bb4.25.1&#8243; _module_preset=\u00bbdefault\u00bb transform_translate=\u00bb0px|30px\u00bb min_height=\u00bb115px\u00bb height=\u00bb178px\u00bb custom_margin=\u00bb0px||||false|false\u00bb custom_padding=\u00bb8px||8px||true|false\u00bb box_shadow_style=\u00bbpreset2&#8243; global_colors_info=\u00bb{}\u00bb][et_pb_column type=\u00bb4_4&#8243; _builder_version=\u00bb4.25.1&#8243; _module_preset=\u00bbdefault\u00bb global_colors_info=\u00bb{}\u00bb][et_pb_cta title=\u00bbES MUY SENCILLO\u00bb button_text=\u00bbClics\u00bb _builder_version=\u00bb4.25.1&#8243; _module_preset=\u00bbdefault\u00bb header_font=\u00bb|&#8211;et_global_heading_font_weight|||||||\u00bb background_color=\u00bb#c9d3c2&#8243; transform_translate=\u00bb-1px|-73px\u00bb min_height=\u00bb125px\u00bb height=\u00bb176px\u00bb custom_padding=\u00bb15px||15px||true|false\u00bb animation_style=\u00bbroll\u00bb global_colors_info=\u00bb{}\u00bb]<\/p>\n<p>Por favor, lee atentamente las indicaciones que te mostramos a continuaci\u00f3n para tramitar con la m\u00e1xima eficacia los accesos a la Academia Virtual Alegor\u00eda y cualquier otra cosa que requieras. Gracias por tu colaboraci\u00f3n.<br \/><span style=\"color: #808000;\"><strong>Si te asalta alguna duda, contacta con nosotros: libroslibres@editorialalegoria.com \/ 644332200<\/strong><\/span><\/p>\n<p>[\/et_pb_cta][\/et_pb_column][\/et_pb_row][et_pb_row column_structure=\u00bb1_3,1_3,1_3&#8243; _builder_version=\u00bb4.25.1&#8243; _module_preset=\u00bbdefault\u00bb custom_padding=\u00bb||0px|||\u00bb global_colors_info=\u00bb{}\u00bb][et_pb_column type=\u00bb1_3&#8243; _builder_version=\u00bb4.25.1&#8243; _module_preset=\u00bbdefault\u00bb global_colors_info=\u00bb{}\u00bb][et_pb_text _builder_version=\u00bb4.25.1&#8243; _module_preset=\u00bbdefault\u00bb background_color=\u00bb#FFFFFF\u00bb background_enable_image=\u00bboff\u00bb background_position=\u00bbbottom_center\u00bb background_blend=\u00bbcolor-dodge\u00bb background_enable_mask_style=\u00bbon\u00bb background_mask_style=\u00bbcorner-blob\u00bb background_mask_color=\u00bbrgba(213,224,215,0.27)\u00bb background_mask_transform=\u00bbflip_horizontal|invert\u00bb min_height=\u00bb1366.8px\u00bb custom_margin=\u00bb-1px||-1px||true|false\u00bb custom_padding=\u00bb14px|20px|14px|20px|true|true\u00bb box_shadow_style=\u00bbpreset2&#8243; global_colors_info=\u00bb{}\u00bb]<\/p>\n<h1><strong>Nuevos CENTROS CLIENTES: <\/strong><strong>c\u00f3mo acceder a la Academia<\/strong><\/h1>\n<p>Si en tu centro hab\u00e9is seleccionado alg\u00fan manual de Editorial Alegor\u00eda como libro del alumno (<strong>cada alumno tiene su propio ejemplar<\/strong>) tu centro se ha convertido en un <strong>CENTRO CLIENTE<\/strong>.<\/p>\n<p>Por tanto, ahora tienes derecho a entrar en la <strong>Academia Virtual Alegor\u00eda<\/strong>. Para ello, <span style=\"color: #a50004;\"><strong><u>\u00fanicamente<\/u><\/strong> <strong><u>quien ostente la jefatura del departamento<\/u><\/strong><\/span> debe pulsar en el bot\u00f3n y rellenar el formulario.<\/p>\n<p><strong>INFORMACI\u00d3N IMPORTANTE:<\/strong><\/p>\n<ol>\n<li>No se dar\u00e1n altas en la Academia a profesores que no sean jefes de departamento.<\/li>\n<li>Jefes de departamento: para rellenar el formulario, necesitar\u00e1s tener a mano el nombre, apellidos, tel\u00e9fono y correo electr\u00f3nico de cada miembro del departamento que impartir\u00e1 clase con el manual de Editorial Alegor\u00eda.<\/li>\n<li><span style=\"color: #800000;\"><strong>La solicitud debe rellenarse tras haber hecho el reparto de grupos en el departamento<\/strong><\/span>. Las solicitudes que se hagan antes de repartir los grupos podr\u00edan tener que hacerse nuevamente.<\/li>\n<li><span style=\"color: #800000;\"><strong>MUY IMPORTANTE: no incluir libros que no hayan sido elegidos como obligatorios para los alumnos<\/strong> <\/span>(y, por tanto, no cumplan los requisitos explicados; las solicitudes que llegan con ese tipo de erratas son postergadas).\n<ol>\n<li>Si no trabajas en un CENTRO CLIENTE, no debes rellenar el formulario de acceso.<\/li>\n<li>Si no eres jefa o jefe del departamento, no rellenes el formulario.\u00a0<\/li>\n<\/ol>\n<\/li>\n<\/ol>\n<p style=\"text-align: center;\"><span style=\"color: #a50004;\"><strong>Los recursos del profesor no est\u00e1n a la venta.\u00a0<\/strong><strong>Son de acceso gratuito para nuestros clientes.<\/strong><\/span><\/p>\n<p style=\"text-align: center;\"><span style=\"color: #a50004;\"><strong> Gracias por tu colaboraci\u00f3n.<\/strong><\/span><\/p>\n<p style=\"text-align: center;\">\n<p style=\"text-align: center;\">\n<h2 style=\"text-align: center;\"><a href=\"https:\/\/forms.zohopublic.eu\/editorialalegoria\/form\/FormularioProfesoresJefedepartamento\/formperma\/lqr4ArPDMgmBLB_-Igvc_1vjUlnINZNDZu0nwrV91aY\" class=\"small-button smallred\" target=\"_blank\" rel=\"noopener\"><span style=\"color: #000000;\"><strong>CUMPLO LOS REQUISITOS: SOLICITO ACCESO A LA ACADEMIA VIRTUAL ALEGOR\u00cdA<\/strong><\/span><\/a><\/h2>\n<p>[\/et_pb_text][\/et_pb_column][et_pb_column type=\u00bb1_3&#8243; _builder_version=\u00bb4.25.1&#8243; _module_preset=\u00bbdefault\u00bb global_colors_info=\u00bb{}\u00bb][et_pb_text _builder_version=\u00bb4.25.1&#8243; _module_preset=\u00bbdefault\u00bb background_color=\u00bbrgba(232,245,233,0.49)\u00bb background_enable_image=\u00bboff\u00bb background_position=\u00bbbottom_right\u00bb background_vertical_offset=\u00bb-54%\u00bb background_enable_mask_style=\u00bbon\u00bb background_mask_style=\u00bbcorner-paint\u00bb custom_margin=\u00bb0px||0px||true|false\u00bb custom_padding=\u00bb1px|20px|1px|20px|true|true\u00bb hover_enabled=\u00bb0&#8243; box_shadow_style=\u00bbpreset2&#8243; locked=\u00bboff\u00bb global_colors_info=\u00bb{}\u00bb sticky_enabled=\u00bb0&#8243;]<\/p>\n<h1><span style=\"color: #808000;\"><strong>\u00bfQu\u00e9 es un CENTRO CLIENTE?<\/strong><\/span><\/h1>\n<p><strong>\u00a0<\/strong><span style=\"font-size: 16px;\">Centros clientes son aquellos que ponen nuestros libros de texto como manuales obligatorios y\u00a0los alumnos trabajan con su propio ejemplar.<\/span><\/p>\n<h1><span style=\"color: #808000;\"><strong>\u00bfQu\u00e9 NO es un CENTRO CLIENTE?<\/strong><\/span><\/h1>\n<p>Si el centro escolar compra uno o varios ejemplares para uso del profesorado, pero no lo pone como manual de compra obligatoria para los alumnos, no ser\u00e1 considerado centro cliente y, por tanto, los docentes no tendr\u00e1n acceso a la Academia Virtual Alegor\u00eda (reservada a los centros clientes).<\/p>\n<h1><span style=\"color: #808000;\"><strong>\u00bfC\u00f3mo sabr\u00e1 Editorial Alegor\u00eda que un centro ha puesto nuestros libros como obligatorios?<\/strong><\/span><\/h1>\n<p>De dos maneras:<\/p>\n<ol>\n<li>El centro har\u00e1 una <strong>compra directa de un m\u00ednimo de 15 libros<\/strong> f\u00edsicos de un mismo t\u00edtulo o 15 licencias digitales de un mismo t\u00edtulo. (IMPORTANTE: si la compra no es directamente a la editorial sino a trav\u00e9s de terceros, tendr\u00e1 que darse el requisito segundo: listados oficiales). En este caso, se dar\u00e1 una licencia por cada 20 alumnos. En compras de hasta 20 ejemplares el acceso a la Academia Virtual Alegor\u00eda tendr\u00e1 una duraci\u00f3n de 2 cursos escolares.<\/li>\n<li>El centro enviar\u00e1 a la editorial un <strong>enlace directo<\/strong> <strong>al listado oficial<\/strong> <strong>de libros de texto<\/strong> de su centro (ojo: si el enlace recibido no lleva a dicho listado, la tramitaci\u00f3n del alta en la Academia Virtual Alegor\u00eda se pospondr\u00e1 hasta que el docente env\u00ede el listado oficial de libros de texto).<\/li>\n<\/ol>\n<p style=\"text-align: center;\">[\/et_pb_text][\/et_pb_column][et_pb_column type=\u00bb1_3&#8243; _builder_version=\u00bb4.25.1&#8243; _module_preset=\u00bbdefault\u00bb global_colors_info=\u00bb{}\u00bb][et_pb_text _builder_version=\u00bb4.25.1&#8243; _module_preset=\u00bbdefault\u00bb background_color=\u00bb#FFFFFF\u00bb background_enable_image=\u00bboff\u00bb background_blend=\u00bbluminosity\u00bb background_enable_mask_style=\u00bbon\u00bb background_mask_style=\u00bbcorner-blob\u00bb background_mask_color=\u00bbrgba(213,224,215,0.27)\u00bb background_mask_transform=\u00bbinvert\u00bb width=\u00bb92.7%\u00bb min_height=\u00bb861.5px\u00bb custom_margin=\u00bb0px||0px||true|false\u00bb custom_padding=\u00bb46px|20px|46px|20px|true|true\u00bb box_shadow_style=\u00bbpreset2&#8243; locked=\u00bboff\u00bb global_colors_info=\u00bb{}\u00bb]<\/p>\n<h2 style=\"text-align: center;\"><a href=\"https:\/\/academiavirtual.editorialalegoria.com\/#\/login\" class=\"small-button smallred\"><span style=\"color: #000000;\">REGISTRO COMPLETADO. ENTRAR EN LA ACADEMIA<\/span><span style=\"font-size: 16px;\"><\/a><\/span><\/h2>\n<h1><strong>\u00bfQu\u00e9 encontrar\u00e9 en la Academia Virtual Alegor\u00eda?<\/strong><\/h1>\n<p>Cada uno de los manuales de Editorial Alegor\u00eda va acompa\u00f1ado de lo siguiente:<\/p>\n<ol>\n<li style=\"list-style-type: none;\">\n<ol>\n<li>La <strong>programaci\u00f3n did\u00e1ctica<\/strong> en formato word, para que cada centro la modifique seg\u00fan sus necesidades.<\/li>\n<li>La <strong>gu\u00eda did\u00e1ctica<\/strong>, con ciertas recomendaciones para utilizar los manuales.<\/li>\n<li>El <strong>solucionario completo<\/strong>.<\/li>\n<li><strong>Otros recursos<\/strong> que enriquecen al manual, si se da el caso.<\/li>\n<\/ol>\n<\/li>\n<\/ol>\n<p><strong style=\"color: #a50004; font-size: 16px; text-align: center;\"><\/strong><\/p>\n<p><strong style=\"color: #a50004; font-size: 16px; text-align: center;\">Recuerda: los recursos del profesor no est\u00e1n a la venta. <\/strong><strong style=\"color: #a50004; font-size: 16px; text-align: center;\">Son de acceso gratuito para nuestros clientes.<\/strong><\/p>\n<p><strong style=\"color: #a50004; font-size: 16px; text-align: center;\"><\/strong><\/p>\n<p><strong style=\"color: #a50004; font-size: 16px; text-align: center;\"><\/strong><\/p>\n<h2 style=\"text-align: center;\"><strong style=\"color: #a50004; font-size: 16px; text-align: center;\">\u00a1Que tengas un feliz curso!<\/strong><\/h2>\n<p style=\"text-align: center;\"><span style=\"color: #a50004;\"><strong><\/strong><\/span><\/p>\n<p>[\/et_pb_text][\/et_pb_column][\/et_pb_row][\/et_pb_section]<\/p>\n","protected":false},"excerpt":{"rendered":"<p>Estimado docente: Est\u00e1s en la ZONA PROFESORES de Editorial Alegor\u00eda. Si\u00e9ntete en casa. Antes de seguir leyendo, te comunico que el registro en la Academia Virtual Alegor\u00eda (AVA) lo completa la editorial cuando recibe el formulario de parte de la jefa o el jefe del departamento y si se cumplen los requisitos explicados m\u00e1s abajo; [&hellip;]<\/p>\n","protected":false},"author":3,"featured_media":0,"parent":0,"menu_order":0,"comment_status":"closed","ping_status":"closed","template":"","meta":{"_et_pb_use_builder":"on","_et_pb_old_content":"","_et_gb_content_width":"","footnotes":""},"class_list":["post-223268","page","type-page","status-publish","hentry"],"_links":{"self":[{"href":"https:\/\/editorialalegoria.com\/web\/wp-json\/wp\/v2\/pages\/223268","targetHints":{"allow":["GET"]}}],"collection":[{"href":"https:\/\/editorialalegoria.com\/web\/wp-json\/wp\/v2\/pages"}],"about":[{"href":"https:\/\/editorialalegoria.com\/web\/wp-json\/wp\/v2\/types\/page"}],"author":[{"embeddable":true,"href":"https:\/\/editorialalegoria.com\/web\/wp-json\/wp\/v2\/users\/3"}],"replies":[{"embeddable":true,"href":"https:\/\/editorialalegoria.com\/web\/wp-json\/wp\/v2\/comments?post=223268"}],"version-history":[{"count":23,"href":"https:\/\/editorialalegoria.com\/web\/wp-json\/wp\/v2\/pages\/223268\/revisions"}],"predecessor-version":[{"id":223464,"href":"https:\/\/editorialalegoria.com\/web\/wp-json\/wp\/v2\/pages\/223268\/revisions\/223464"}],"wp:attachment":[{"href":"https:\/\/editorialalegoria.com\/web\/wp-json\/wp\/v2\/media?parent=223268"}],"curies":[{"name":"wp","href":"https:\/\/api.w.org\/{rel}","templated":true}]}}