{"id":13796,"date":"2021-03-11T15:15:40","date_gmt":"2021-03-11T14:15:40","guid":{"rendered":"http:\/\/editorialalegoria.com\/web\/producto\/camino-de-nieve\/"},"modified":"2023-08-29T10:42:38","modified_gmt":"2023-08-29T08:42:38","slug":"camino-de-nieve","status":"publish","type":"product","link":"https:\/\/editorialalegoria.com\/web\/libro\/camino-de-nieve\/","title":{"rendered":"Camino de nieve"},"content":{"rendered":"<p>\u201cEl caminante y la orop\u00e9ndola se pierden en el camino de nieve. El caminante y la orop\u00e9ndola se encuentran en el camino de nieve\u201d. As\u00ed comienza Camino de nieve, una delicia para los o\u00eddos, la vista y el alma. Los dibujos de Miguel Parra nos sugieren la existencia de un mundo m\u00e1gico m\u00e1s all\u00e1 de las palabras, m\u00e1s ac\u00e1 de la vida. Conmovedor, como casi todo lo inexplicable.<\/p>\n","protected":false},"excerpt":{"rendered":"<p>Obra l\u00edrica magistralmente ilustrada.<\/p>\n","protected":false},"featured_media":13650,"template":"","meta":{"_et_pb_use_builder":"","_et_pb_old_content":"","_et_gb_content_width":""},"product_brand":[],"product_cat":[82,89],"product_tag":[],"class_list":{"0":"post-13796","1":"product","2":"type-product","3":"status-publish","4":"has-post-thumbnail","6":"product_cat-fondo-editorial","7":"product_cat-lirica","9":"first","10":"instock","11":"purchasable","12":"product-type-simple"},"_links":{"self":[{"href":"https:\/\/editorialalegoria.com\/web\/wp-json\/wp\/v2\/product\/13796","targetHints":{"allow":["GET"]}}],"collection":[{"href":"https:\/\/editorialalegoria.com\/web\/wp-json\/wp\/v2\/product"}],"about":[{"href":"https:\/\/editorialalegoria.com\/web\/wp-json\/wp\/v2\/types\/product"}],"wp:featuredmedia":[{"embeddable":true,"href":"https:\/\/editorialalegoria.com\/web\/wp-json\/wp\/v2\/media\/13650"}],"wp:attachment":[{"href":"https:\/\/editorialalegoria.com\/web\/wp-json\/wp\/v2\/media?parent=13796"}],"wp:term":[{"taxonomy":"product_brand","embeddable":true,"href":"https:\/\/editorialalegoria.com\/web\/wp-json\/wp\/v2\/product_brand?post=13796"},{"taxonomy":"product_cat","embeddable":true,"href":"https:\/\/editorialalegoria.com\/web\/wp-json\/wp\/v2\/product_cat?post=13796"},{"taxonomy":"product_tag","embeddable":true,"href":"https:\/\/editorialalegoria.com\/web\/wp-json\/wp\/v2\/product_tag?post=13796"}],"curies":[{"name":"wp","href":"https:\/\/api.w.org\/{rel}","templated":true}]}}