{"id":13797,"date":"2021-03-11T15:15:40","date_gmt":"2021-03-11T14:15:40","guid":{"rendered":"http:\/\/editorialalegoria.com\/web\/producto\/comentario-de-textos-resueltos\/"},"modified":"2024-01-23T10:29:30","modified_gmt":"2024-01-23T09:29:30","slug":"comentario-de-textos-resueltos","status":"publish","type":"product","link":"https:\/\/editorialalegoria.com\/web\/libro\/comentario-de-textos-resueltos\/","title":{"rendered":"Comentario de textos resueltos"},"content":{"rendered":"<p><span data-sheets-value=\"{&quot;1&quot;:2,&quot;2&quot;:&quot;Ocho comentarios de ocho textos cl\u00e1sicos de Filosof\u00eda: Plat\u00f3n, Santo Tom\u00e1s, Descartes, Kant, Marx, Nietzsche, Ortega y Mar\u00eda Zambrano.\\n\\nLenguaje claro y rico en sugerencias de l\u00edneas de lectura.\\n\\nEste libro sirve de ayuda para aprender a hacer comentarios del tipo del examen de Selectividad en Andaluc\u00eda. &quot;}\" data-sheets-userformat=\"{&quot;2&quot;:15297,&quot;3&quot;:{&quot;1&quot;:0},&quot;9&quot;:0,&quot;10&quot;:0,&quot;11&quot;:4,&quot;12&quot;:0,&quot;14&quot;:[null,2,16711680],&quot;15&quot;:&quot;Arial&quot;,&quot;16&quot;:10}\">Ocho comentarios de ocho textos cl\u00e1sicos de Filosof\u00eda: Plat\u00f3n, Santo Tom\u00e1s, Descartes, Kant, Marx, Nietzsche, Ortega y Mar\u00eda Zambrano.<\/span><\/p>\n<p>Lenguaje claro y rico en sugerencias de l\u00edneas de lectura.<\/p>\n<p>Este libro sirve de ayuda para aprender a hacer comentarios del tipo del examen de Selectividad en Andaluc\u00eda.<\/p>\n","protected":false},"excerpt":{"rendered":"<p>Ocho comentarios de ocho textos cl\u00e1sicos de Filosof\u00eda: Plat\u00f3n, Santo Tom\u00e1s, Descartes, Kant, Marx, Nietzsche, Ortega y Mar\u00eda Zambrano.<\/p>\n","protected":false},"featured_media":13651,"template":"","meta":{"_et_pb_use_builder":"","_et_pb_old_content":"","_et_gb_content_width":""},"product_brand":[],"product_cat":[81,85,167],"product_tag":[],"class_list":{"0":"post-13797","1":"product","2":"type-product","3":"status-publish","4":"has-post-thumbnail","6":"product_cat-libros-de-uso-academico","7":"product_cat-filosofia-y-ciudadania","8":"product_cat-filosofia-segundo-de-bachillerato","10":"first","11":"instock","12":"purchasable","13":"product-type-simple"},"_links":{"self":[{"href":"https:\/\/editorialalegoria.com\/web\/wp-json\/wp\/v2\/product\/13797","targetHints":{"allow":["GET"]}}],"collection":[{"href":"https:\/\/editorialalegoria.com\/web\/wp-json\/wp\/v2\/product"}],"about":[{"href":"https:\/\/editorialalegoria.com\/web\/wp-json\/wp\/v2\/types\/product"}],"wp:featuredmedia":[{"embeddable":true,"href":"https:\/\/editorialalegoria.com\/web\/wp-json\/wp\/v2\/media\/13651"}],"wp:attachment":[{"href":"https:\/\/editorialalegoria.com\/web\/wp-json\/wp\/v2\/media?parent=13797"}],"wp:term":[{"taxonomy":"product_brand","embeddable":true,"href":"https:\/\/editorialalegoria.com\/web\/wp-json\/wp\/v2\/product_brand?post=13797"},{"taxonomy":"product_cat","embeddable":true,"href":"https:\/\/editorialalegoria.com\/web\/wp-json\/wp\/v2\/product_cat?post=13797"},{"taxonomy":"product_tag","embeddable":true,"href":"https:\/\/editorialalegoria.com\/web\/wp-json\/wp\/v2\/product_tag?post=13797"}],"curies":[{"name":"wp","href":"https:\/\/api.w.org\/{rel}","templated":true}]}}