{"id":13798,"date":"2021-03-11T15:15:40","date_gmt":"2021-03-11T14:15:40","guid":{"rendered":"http:\/\/editorialalegoria.com\/web\/producto\/conciencia-imagen-y-concepto\/"},"modified":"2023-08-29T10:42:38","modified_gmt":"2023-08-29T08:42:38","slug":"conciencia-imagen-y-concepto","status":"publish","type":"product","link":"https:\/\/editorialalegoria.com\/web\/libro\/conciencia-imagen-y-concepto\/","title":{"rendered":"Conciencia: imagen y concepto"},"content":{"rendered":"<p>En el a\u00f1o 2003, un peque\u00f1o grupo de amigos, relacionados desde distintas perspectivas con el estudio de las tradiciones espirituales de la humanidad, fundaron el C\u00edrculo de Estudios Espirituales Comparados (CEEC). El CEEC no es, ni pretende ser, propiamente un grupo; es simplemente una estructura organizativa m\u00ednima que permite la organizaci\u00f3n anual de un \u00abEncuentro\u00bb en el que se exponen y debaten temas relacionados con la filosof\u00eda, la espiritualidad, la historia y filosof\u00eda de las tradiciones espirituales y materias afines. No depende de ninguna instituci\u00f3n, ni acad\u00e9mica ni de otro tipo, ni tiene una orientaci\u00f3n ideol\u00f3gica concreta; m\u00e1s bien al contrario, pretende precisamente ser un lugar de encuentro en el que confrontar visiones distintas del hecho espiritual y su dimensi\u00f3n filos\u00f3fica. Esto no quiere decir que no haya, l\u00f3gicamente, un cierto \u00abesp\u00edritu\u00bb que lo anime y que marque ciertos l\u00edmites que lo identifiquen, aunque estos no sean f\u00e1ciles de precisar. Se podr\u00eda hablar, quiz\u00e1, aunque la formulaci\u00f3n sea necesariamente vaga, de una voluntad de aunar el rigor intelectual y la profundidad espiritual, pues como ya dijo el m\u00edstico y visionario persa S. Y. Sohravardi: \u00abNo hay verdadera filosof\u00eda que no alcance su culminaci\u00f3n en una metaf\u00edsica de \u00e9xtasis, ni experiencia m\u00edstica que no exija una seria preparaci\u00f3n filos\u00f3fica\u00bb.<\/p>\n<p>Distanciarse, pues, tanto de la erudici\u00f3n autosatisfecha que con frecuencia cultivan las estructuras acad\u00e9micas como de los dogmatismos confesionales y las elucubraciones fantasiosas que florecen en diversos \u00e1mbitos de la \u00abespiritualidad\u00bb parecer ser la v\u00eda ineludible para llegar a un conocimiento transformador que cambie el modo de presencia del conocedor: un conocimiento que es m\u00e1s gnosis que filosof\u00eda. Los Encuentros, de dos\/tres d\u00edas de duraci\u00f3n, se vienen celebrando cada oto\u00f1o en la localidad de Arenas de San Pedro (\u00c1vila). Cada a\u00f1o se propone un tema monogr\u00e1fico. En el presente libro se recoge el encuentro celebrado desde el 28 al 31 de octubre de 2011 sobre el tema <em>Conciencia: imagen y concepto<\/em>, que cont\u00f3 con las siguientes ponencias: Jos\u00e9 Antonio Ant\u00f3n Pacheco (La fenomenolog\u00eda en el origen del pensamiento de Henry Corbin), Enrique Gal\u00e1n Santamar\u00eda (El \u00abLibro rojo\u00bb de Jung: imaginaci\u00f3n y reflexi\u00f3n), Eugenio Silverio Garc\u00eda (La gnosis de los simples: el problema de la receptividad en la fenomenolog\u00eda de la vida de Michel Henry), Mar\u00eda Jes\u00fas Hermoso F\u00e9lix (El s\u00edmbolo y la imagen en el De Mysteriis de J\u00e1mblico: un itinerario de contemplaci\u00f3n), Jos\u00e9 Miguel Puerta V\u00edlchez (El coraz\u00f3n percibe lo que no capta la vista (caligraf\u00eda \u00e1rabe e inspiraci\u00f3n suf\u00ed), Jes\u00fas Moreno Sanz (El logos oscuro en Mar\u00eda Zambrano).<\/p>\n","protected":false},"excerpt":{"rendered":"<p>Este libro recoge el encuentro celebrado por el C\u00edrculo de Estudios Espirituales Comparados (CEEC) en octubre de 2011 sobre el tema Conciencia: imagen y concepto.<\/p>\n","protected":false},"featured_media":13652,"template":"","meta":{"_et_pb_use_builder":"","_et_pb_old_content":"","_et_gb_content_width":""},"product_brand":[],"product_cat":[90,145,82],"product_tag":[],"class_list":{"0":"post-13798","1":"product","2":"type-product","3":"status-publish","4":"has-post-thumbnail","6":"product_cat-ensayo","7":"product_cat-ensayo-pensamiento","8":"product_cat-fondo-editorial","10":"first","11":"instock","12":"purchasable","13":"product-type-simple"},"_links":{"self":[{"href":"https:\/\/editorialalegoria.com\/web\/wp-json\/wp\/v2\/product\/13798","targetHints":{"allow":["GET"]}}],"collection":[{"href":"https:\/\/editorialalegoria.com\/web\/wp-json\/wp\/v2\/product"}],"about":[{"href":"https:\/\/editorialalegoria.com\/web\/wp-json\/wp\/v2\/types\/product"}],"wp:featuredmedia":[{"embeddable":true,"href":"https:\/\/editorialalegoria.com\/web\/wp-json\/wp\/v2\/media\/13652"}],"wp:attachment":[{"href":"https:\/\/editorialalegoria.com\/web\/wp-json\/wp\/v2\/media?parent=13798"}],"wp:term":[{"taxonomy":"product_brand","embeddable":true,"href":"https:\/\/editorialalegoria.com\/web\/wp-json\/wp\/v2\/product_brand?post=13798"},{"taxonomy":"product_cat","embeddable":true,"href":"https:\/\/editorialalegoria.com\/web\/wp-json\/wp\/v2\/product_cat?post=13798"},{"taxonomy":"product_tag","embeddable":true,"href":"https:\/\/editorialalegoria.com\/web\/wp-json\/wp\/v2\/product_tag?post=13798"}],"curies":[{"name":"wp","href":"https:\/\/api.w.org\/{rel}","templated":true}]}}