{"id":13799,"date":"2021-03-11T15:15:40","date_gmt":"2021-03-11T14:15:40","guid":{"rendered":"http:\/\/editorialalegoria.com\/web\/producto\/criminalmente-bella\/"},"modified":"2024-09-12T15:02:11","modified_gmt":"2024-09-12T13:02:11","slug":"criminalmente-bella","status":"publish","type":"product","link":"https:\/\/editorialalegoria.com\/web\/libro\/criminalmente-bella\/","title":{"rendered":"Criminalmente bella"},"content":{"rendered":"<p>Escrito de forma simple, casi na\u00eff, <i>Criminalmente bella<\/i> parte de un hecho que conmociona a los habitantes de Parrot: la muerte de una ni\u00f1a de cinco a\u00f1os, Little Daryl, al caer de un columpio. A partir de ah\u00ed, Vaughan nos ir\u00e1 insinuando la investigaci\u00f3n policial, los secretos y los extra\u00f1os comportamientos de los habitantes de Parrot y la fascinaci\u00f3n que sobre ellos ejerce el misterioso y temido Parrot Park: un espacio amurallado compuesto por enrevesadas construcciones de colores donde se amalgaman maravillosas m\u00fasicas y espeluznantes gritos de dolor que las murallas no son capaces de contener.<\/p>\n","protected":false},"excerpt":{"rendered":"<p>Por primera vez ve la luz en espa\u00f1ol la \u00fanica novela del exc\u00e9ntrico y pol\u00e9mico escritor, periodista deportivo y guionista radiof\u00f3nico norteamericano Fred Vaughan. En esta obra se dan cita casi todas sus obsesiones: la crueldad humana, el crimen, el conflicto entre las minor\u00edas \u00e9tnicas&#8230;<\/p>\n","protected":false},"featured_media":13653,"template":"","meta":{"_et_pb_use_builder":"","_et_pb_old_content":"","_et_gb_content_width":""},"product_brand":[],"product_cat":[82,88,146],"product_tag":[],"class_list":{"0":"post-13799","1":"product","2":"type-product","3":"status-publish","4":"has-post-thumbnail","6":"product_cat-fondo-editorial","7":"product_cat-narrativa","8":"product_cat-narrativa-general","10":"first","11":"instock","12":"purchasable","13":"product-type-simple"},"_links":{"self":[{"href":"https:\/\/editorialalegoria.com\/web\/wp-json\/wp\/v2\/product\/13799","targetHints":{"allow":["GET"]}}],"collection":[{"href":"https:\/\/editorialalegoria.com\/web\/wp-json\/wp\/v2\/product"}],"about":[{"href":"https:\/\/editorialalegoria.com\/web\/wp-json\/wp\/v2\/types\/product"}],"wp:featuredmedia":[{"embeddable":true,"href":"https:\/\/editorialalegoria.com\/web\/wp-json\/wp\/v2\/media\/13653"}],"wp:attachment":[{"href":"https:\/\/editorialalegoria.com\/web\/wp-json\/wp\/v2\/media?parent=13799"}],"wp:term":[{"taxonomy":"product_brand","embeddable":true,"href":"https:\/\/editorialalegoria.com\/web\/wp-json\/wp\/v2\/product_brand?post=13799"},{"taxonomy":"product_cat","embeddable":true,"href":"https:\/\/editorialalegoria.com\/web\/wp-json\/wp\/v2\/product_cat?post=13799"},{"taxonomy":"product_tag","embeddable":true,"href":"https:\/\/editorialalegoria.com\/web\/wp-json\/wp\/v2\/product_tag?post=13799"}],"curies":[{"name":"wp","href":"https:\/\/api.w.org\/{rel}","templated":true}]}}