{"id":13800,"date":"2021-03-11T15:15:40","date_gmt":"2021-03-11T14:15:40","guid":{"rendered":"http:\/\/editorialalegoria.com\/web\/producto\/cronica-negra-del-magisterio-espanol\/"},"modified":"2024-09-12T15:02:12","modified_gmt":"2024-09-12T13:02:12","slug":"cronica-negra-del-magisterio-espanol","status":"publish","type":"product","link":"https:\/\/editorialalegoria.com\/web\/libro\/cronica-negra-del-magisterio-espanol\/","title":{"rendered":"Cr\u00f3nica negra del magisterio espa\u00f1ol"},"content":{"rendered":"<p><strong>Rese\u00f1a 1: El pasado necesario<\/strong><\/p>\n<p>La profesi\u00f3n de maestro ha venido siendo a lo largo de la Historia una de aquellas que parecen destinadas a convertirse en referencia y origen de innumerables t\u00f3picos y lugares comunes del habla que a menudo se olvidan del mundo en el que nacieron y se independizan. Se hace necesario, cada cierto tiempo, recordar ese origen; y m\u00e1s en el caso del magisterio en la actualidad, cuando ha vuelto a ser contenido y argumento de mil y una pol\u00e9micas alimentadas por los medios de comunicaci\u00f3n en cuanto ha merecido su atenci\u00f3n el mundo escolar. Ferm\u00edn Ezpeleta rescata en Cr\u00f3nica negra del magisterio espa\u00f1ol los que podr\u00edamos llamar \u00aboriginales\u00bb, acudiendo directamente a las fuentes, y compone una deliciosa obra de erudici\u00f3n, humor y reflexi\u00f3n.<\/p>\n<p>Un impresionante trabajo de investigaci\u00f3n hemerogr\u00e1fica ha tenido como resultado la reuni\u00f3n de fragmentos de la prensa de la \u00e9poca de la Restauraci\u00f3n, tiempo en el que se centra la obra, y particularmente de la prensa especializada del magisterio, por aquellos a\u00f1os numerosa y abundante como luego no ha vuelto a serlo. Esta prensa, afectada como todo el ambiente de esos a\u00f1os por la polarizaci\u00f3n pol\u00edtica, recoge sucesos, opiniones, propuestas, denuncias y panfletos sobre la cuesti\u00f3n escolar y sobre la profesi\u00f3n de maestro, siempre con intenciones y tendencias evidentes; Ezpeleta ha sabido clasificar ese ingente material, y presentarlo ordenado por cap\u00edtulos seg\u00fan contenido: son innumerables las comparaciones que entonces se hac\u00edan entre maestros y toreros, y as\u00ed titulado, Maestros y toreros, nos ofrece tal cap\u00edtulo; Los retrasos en los pagos, Se mueren de hambre, A veces los asesinan y otros son claro ejemplo de la labor de clasificaci\u00f3n que ha realizado el autor para conseguir con ella que el lector, al final, tenga la impresi\u00f3n de haber realizado una especie de viaje en el tiempo de amplia panor\u00e1mica. Completa la obra una selecci\u00f3n de textos m\u00e1s extensos sobre asuntos escolares escritos por famosas plumas de la \u00e9poca (desde Alejandro Sawa hasta Emilio Castelar), y otra de textos literarios y po\u00e9ticos compuestos por los mismos maestros, invariablemente acerca de su penosa situaci\u00f3n y la vocaci\u00f3n y la resignaci\u00f3n o, por el contrario, la rebeld\u00eda y la exigencia de mejoras.<\/p>\n<p>Pero Ferm\u00edn Ezpeleta no se ha limitado a reunir en cent\u00f3n todo ese material. Su presencia en la obra, si bien sutil y comedida en la forma, es poderosa y definitiva, y determinante como enfoque y propuesta de reflexi\u00f3n: la iron\u00eda ti\u00f1e de un extremo a otro la obra, y desde las mismas categor\u00edas de agrupaci\u00f3n de las citas hasta los breves comentarios de introducci\u00f3n, consigue que quede perfectamente claro en el lector que no hay modo de entender la situaci\u00f3n actual de la ense\u00f1anza si no es partiendo de la comprensi\u00f3n de los vicios acumulados desde hace ciento veinte a\u00f1os; y que si en ciertos aspectos la situaci\u00f3n ha cambiado se dir\u00eda que irreversible y felizmente, en otros no se ha hecho m\u00e1s que heredar y aceptar ciertos usos y defectos que, precisamente por su edad, puede que sean de m\u00e1s dif\u00edcil desarraigo, y que habitualmente, en los actuales debates, se atribuyen con demasiada ligereza a causas cercanas. CR\u00d3NICA NEGRA DEL MAGISTERIO ESPA\u00d1OL descubre y demuestra que no es as\u00ed, que hay un pasado del que proviene el actual estado de las cosas, y que ninguna reflexi\u00f3n ser\u00e1 completa si no conoce ese pasado.<\/p>\n<p><strong>Rese\u00f1a 2: \u00abCUANDO LOS MAESTROS MOR\u00cdAN DE HAMBRE\u00bb. HERALDO DE ARAG\u00d3N, 24 DE JUNIO DE 2001<\/strong><\/p>\n<p>El autor de Cr\u00f3nica negra del magisterio espa\u00f1ol resalta que esta triste realidad contrasta con los intentos de los intelectuales de la \u00e9poca por dotar a la profesi\u00f3n del maestro de la dignidad que sin duda se merece. (&#8230;) Pero estos intentos de la intelectualidad chocan con lo que ocurre en el d\u00eda a d\u00eda de los maestros de escuela.<\/p>\n<p><strong>Fragmentos de la obra<\/strong><\/p>\n<p>\u00abLa concesi\u00f3n de vacaciones de verano se ve satisfecha finalmente en 1887. Antes la prensa ha jaleado la injusticia que se produc\u00eda al no estar regulado tal derecho: se conced\u00edan graciosamente por parte de los alcaldes y, claro est\u00e1, los maestros \u00abdif\u00edciles\u00bb no las disfrutaban de igual manera que los \u00abafectos\u00bb. De ese mismo a\u00f1o data la regulaci\u00f3n de los derechos pasivos (jubilaciones) para las familias de los maestros. El resto de los funcionarios las disfrutaba desde hac\u00eda tiempo.\u00bb<\/p>\n<p>Suceso de El Magisterio Extreme\u00f1o. Asesinato de un maestro al que en la actualidad se le adeudaba de sus haberes m\u00e1s de 3.000 pesetas, siendo su sueldo s\u00f3lo de 625 anuales. Deja viuda y seis hijos&#8230; (1893)<\/p>\n<p>Maestro muerto de hambre una vez realizada la autopsia. (1893)<\/p>\n","protected":false},"excerpt":{"rendered":"<p>Un relato que muestra la cara m\u00e1s negra de la educaci\u00f3n en Espa\u00f1a. El lector se adentra en la historia para conocer las condiciones laborales extremas de aquellos maestros dedicados a la transmisi\u00f3n de la cultura. Hambre en la mesa y ciencia para el alma. Toda una lecci\u00f3n de vida.<\/p>\n","protected":false},"featured_media":13750,"template":"","meta":{"_et_pb_use_builder":"","_et_pb_old_content":"","_et_gb_content_width":""},"product_brand":[],"product_cat":[82,90,147],"product_tag":[],"class_list":{"0":"post-13800","1":"product","2":"type-product","3":"status-publish","4":"has-post-thumbnail","6":"product_cat-fondo-editorial","7":"product_cat-ensayo","8":"product_cat-ensayo-educacion","10":"first","11":"instock","12":"purchasable","13":"product-type-simple"},"_links":{"self":[{"href":"https:\/\/editorialalegoria.com\/web\/wp-json\/wp\/v2\/product\/13800","targetHints":{"allow":["GET"]}}],"collection":[{"href":"https:\/\/editorialalegoria.com\/web\/wp-json\/wp\/v2\/product"}],"about":[{"href":"https:\/\/editorialalegoria.com\/web\/wp-json\/wp\/v2\/types\/product"}],"wp:featuredmedia":[{"embeddable":true,"href":"https:\/\/editorialalegoria.com\/web\/wp-json\/wp\/v2\/media\/13750"}],"wp:attachment":[{"href":"https:\/\/editorialalegoria.com\/web\/wp-json\/wp\/v2\/media?parent=13800"}],"wp:term":[{"taxonomy":"product_brand","embeddable":true,"href":"https:\/\/editorialalegoria.com\/web\/wp-json\/wp\/v2\/product_brand?post=13800"},{"taxonomy":"product_cat","embeddable":true,"href":"https:\/\/editorialalegoria.com\/web\/wp-json\/wp\/v2\/product_cat?post=13800"},{"taxonomy":"product_tag","embeddable":true,"href":"https:\/\/editorialalegoria.com\/web\/wp-json\/wp\/v2\/product_tag?post=13800"}],"curies":[{"name":"wp","href":"https:\/\/api.w.org\/{rel}","templated":true}]}}