{"id":13801,"date":"2021-03-11T15:15:40","date_gmt":"2021-03-11T14:15:40","guid":{"rendered":"http:\/\/editorialalegoria.com\/web\/producto\/cuaderno-de-costa\/"},"modified":"2024-09-12T15:02:12","modified_gmt":"2024-09-12T13:02:12","slug":"cuaderno-de-costa","status":"publish","type":"product","link":"https:\/\/editorialalegoria.com\/web\/libro\/cuaderno-de-costa\/","title":{"rendered":"Cuaderno de Costa"},"content":{"rendered":"<p>Cuaderno de Costa se inspira en los a\u00f1os de residencia del autor en C\u00e1diz y El Puerto de Santa Mar\u00eda. Los poemas evocan un tiempo luminoso de goce a la orilla del mar Atl\u00e1ntico, entre la memoria y la p\u00e9rdida.<\/p>\n<p>La maqueta del poemario, al cuidado de Yesu Gague, incluye ilustraciones y fotograf\u00edas del siglo XIX, en un af\u00e1n de di\u00e1logo con el propio texto l\u00edrico.<\/p>\n","protected":false},"excerpt":{"rendered":"<p><span data-sheets-value=\"{&quot;1&quot;:2,&quot;2&quot;:&quot;Poemario colmado de la clara luz del mar en C\u00e1diz&quot;}\" data-sheets-userformat=\"{&quot;2&quot;:15297,&quot;3&quot;:{&quot;1&quot;:0},&quot;9&quot;:0,&quot;10&quot;:0,&quot;11&quot;:4,&quot;12&quot;:0,&quot;14&quot;:[null,2,16711680],&quot;15&quot;:&quot;Arial&quot;,&quot;16&quot;:10}\">Poemario colmado de la clara luz del mar en C\u00e1diz.<\/span><\/p>\n","protected":false},"featured_media":13655,"template":"","meta":{"_et_pb_use_builder":"","_et_pb_old_content":"","_et_gb_content_width":""},"product_brand":[],"product_cat":[82,89],"product_tag":[],"class_list":{"0":"post-13801","1":"product","2":"type-product","3":"status-publish","4":"has-post-thumbnail","6":"product_cat-fondo-editorial","7":"product_cat-lirica","9":"first","10":"instock","11":"purchasable","12":"product-type-simple"},"_links":{"self":[{"href":"https:\/\/editorialalegoria.com\/web\/wp-json\/wp\/v2\/product\/13801","targetHints":{"allow":["GET"]}}],"collection":[{"href":"https:\/\/editorialalegoria.com\/web\/wp-json\/wp\/v2\/product"}],"about":[{"href":"https:\/\/editorialalegoria.com\/web\/wp-json\/wp\/v2\/types\/product"}],"wp:featuredmedia":[{"embeddable":true,"href":"https:\/\/editorialalegoria.com\/web\/wp-json\/wp\/v2\/media\/13655"}],"wp:attachment":[{"href":"https:\/\/editorialalegoria.com\/web\/wp-json\/wp\/v2\/media?parent=13801"}],"wp:term":[{"taxonomy":"product_brand","embeddable":true,"href":"https:\/\/editorialalegoria.com\/web\/wp-json\/wp\/v2\/product_brand?post=13801"},{"taxonomy":"product_cat","embeddable":true,"href":"https:\/\/editorialalegoria.com\/web\/wp-json\/wp\/v2\/product_cat?post=13801"},{"taxonomy":"product_tag","embeddable":true,"href":"https:\/\/editorialalegoria.com\/web\/wp-json\/wp\/v2\/product_tag?post=13801"}],"curies":[{"name":"wp","href":"https:\/\/api.w.org\/{rel}","templated":true}]}}