{"id":13802,"date":"2021-03-11T15:15:40","date_gmt":"2021-03-11T14:15:40","guid":{"rendered":"http:\/\/editorialalegoria.com\/web\/producto\/cuatro-filosofos\/"},"modified":"2024-09-12T15:00:38","modified_gmt":"2024-09-12T13:00:38","slug":"cuatro-filosofos","status":"publish","type":"product","link":"https:\/\/editorialalegoria.com\/web\/libro\/cuatro-filosofos\/","title":{"rendered":"Cuatro Fil\u00f3sofos"},"content":{"rendered":"<p>Este libro se ocupa \u00fanicamente de la l\u00ednea onto-epist\u00e9mica (o sea, Plat\u00f3n, Descartes, Nietzsche y Ortega), que es la l\u00ednea m\u00e1s elegida para la Selectividad. Pero no es la \u00fanica novedad: se ha hecho un esfuerzo por hacer el libro m\u00e1s accesible y amigable al alumnado, tanto en el texto como en todos los elementos gr\u00e1ficos. Adem\u00e1s, incluye breve resumen de la filosof\u00eda de los cuatro autores para que sirva de <em>Justificaci\u00f3n filos\u00f3fica<\/em>, tal como demanda la pregunta <em>2c)<\/em> de Selectividad. Resulta ideal para ser utilizado como libro de texto o como material auxiliar al libro de texto.<\/p>\n","protected":false},"excerpt":{"rendered":"<p class=\"Formatolibre\"><span lang=\"ES-TRAD\" style=\"font-weight: normal;\">Libro de uso acad\u00e9mico del nivel de 2\u00ba de Bachillerato para la materia de Filosof\u00eda. Contiene \u00fanicamente la l\u00ednea onto-epist\u00e9mica (o sea, Plat\u00f3n, Descartes, Nietzsche y Ortega)<\/span><\/p>\n","protected":false},"featured_media":13656,"template":"","meta":{"_et_pb_use_builder":"","_et_pb_old_content":"","_et_gb_content_width":""},"product_brand":[],"product_cat":[81,85,167],"product_tag":[],"class_list":{"0":"post-13802","1":"product","2":"type-product","3":"status-publish","4":"has-post-thumbnail","6":"product_cat-libros-de-uso-academico","7":"product_cat-filosofia-y-ciudadania","8":"product_cat-filosofia-segundo-de-bachillerato","10":"first","11":"instock","12":"purchasable","13":"product-type-simple"},"_links":{"self":[{"href":"https:\/\/editorialalegoria.com\/web\/wp-json\/wp\/v2\/product\/13802","targetHints":{"allow":["GET"]}}],"collection":[{"href":"https:\/\/editorialalegoria.com\/web\/wp-json\/wp\/v2\/product"}],"about":[{"href":"https:\/\/editorialalegoria.com\/web\/wp-json\/wp\/v2\/types\/product"}],"wp:featuredmedia":[{"embeddable":true,"href":"https:\/\/editorialalegoria.com\/web\/wp-json\/wp\/v2\/media\/13656"}],"wp:attachment":[{"href":"https:\/\/editorialalegoria.com\/web\/wp-json\/wp\/v2\/media?parent=13802"}],"wp:term":[{"taxonomy":"product_brand","embeddable":true,"href":"https:\/\/editorialalegoria.com\/web\/wp-json\/wp\/v2\/product_brand?post=13802"},{"taxonomy":"product_cat","embeddable":true,"href":"https:\/\/editorialalegoria.com\/web\/wp-json\/wp\/v2\/product_cat?post=13802"},{"taxonomy":"product_tag","embeddable":true,"href":"https:\/\/editorialalegoria.com\/web\/wp-json\/wp\/v2\/product_tag?post=13802"}],"curies":[{"name":"wp","href":"https:\/\/api.w.org\/{rel}","templated":true}]}}