{"id":13804,"date":"2021-03-11T15:15:40","date_gmt":"2021-03-11T14:15:40","guid":{"rendered":"http:\/\/editorialalegoria.com\/web\/producto\/don-quijote-de-la-mancha-antologia\/"},"modified":"2024-09-12T14:58:09","modified_gmt":"2024-09-12T12:58:09","slug":"don-quijote-de-la-mancha-antologia","status":"publish","type":"product","link":"https:\/\/editorialalegoria.com\/web\/libro\/don-quijote-de-la-mancha-antologia\/","title":{"rendered":"Don Quijote de la Mancha (Antolog\u00eda)"},"content":{"rendered":"<p>La lectura de los cl\u00e1sicos y, en especial, de <em>Don Quijote de la Mancha<\/em>, supone un esfuerzo considerable en muchos j\u00f3venes estudiantes y lectores, que, a menudo, se ven forzados a abandonar el libro antes de su conclusi\u00f3n. Existen en el mercado versiones, adaptaciones y modernizaciones del <em>Quijote<\/em>, que permiten conocer la esencia de su argumento, pero privando a los lectores de la genuina lengua de Cervantes.<\/p>\n<p>En esta edici\u00f3n se ha optado por seleccionar los pasajes y cap\u00edtulos m\u00e1s importantes del texto original, ofreciendo un resumen sucinto de las partes suprimidas. De este modo, se agiliza la lectura de la inmortal obra, pero teniendo la certeza de que lo que se lee son las palabras de Cervantes y no las de un adaptador. La selecci\u00f3n es lo suficientemente amplia para dar una idea muy completa de la obra y viene acompa\u00f1ada de notas aclaratorias, a veces ampliadas en cuadros explicativos, y otros cuadros referidos a los temas y a la t\u00e9cnica narrativa en la que Cervantes dio cauce a las felices invenciones de su ingenio. Una amplia introducci\u00f3n sit\u00faa la obra en sus coordenadas literarias y se completa con una gu\u00eda de actividades, orientadas tanto a la comprensi\u00f3n del libro como a la reflexi\u00f3n, el debate y la creatividad.<\/p>\n<p>De este modo se dota a estudiantes y profesores de un instrumento para leer <em>Don Quijote<\/em> y poder profundizar en su contenido, trascendencia y forma literaria. Y brinda al lector en general un camino para acercarse a la obra de Cervantes superando sus principales escollos.<\/p>\n<p><strong>Francisco Mart\u00ednez Cuadrado<\/strong> es doctor en Filolog\u00eda y Catedr\u00e1tico de Instituto de Lengua y Literatura. Es autor de ediciones y estudios de autores cl\u00e1sicos y contempor\u00e1neos, y libros de texto de su especialidad.\u00bb<\/p>\n","protected":false},"excerpt":{"rendered":"<p><span data-sheets-value=\"{&quot;1&quot;:2,&quot;2&quot;:&quot;Edici\u00f3n anotada con estudio y orientaciones did\u00e1cticas. Para que los estudiantes lean el aut\u00e9ntico Quijote sin esfuerzo y as\u00ed puedan disfrutar plenamente de una obra que este a\u00f1o conmemoramos por su cuarto centenario&quot;}\" data-sheets-userformat=\"{&quot;2&quot;:15297,&quot;3&quot;:{&quot;1&quot;:0},&quot;9&quot;:0,&quot;10&quot;:0,&quot;11&quot;:4,&quot;12&quot;:0,&quot;14&quot;:[null,2,16711680],&quot;15&quot;:&quot;Arial&quot;,&quot;16&quot;:10}\">Edici\u00f3n anotada con estudio y orientaciones did\u00e1cticas para alumnos de instituto. Para que los estudiantes lean el aut\u00e9ntico <em>Quijote<\/em> sin esfuerzo y as\u00ed puedan disfrutar plenamente de esta obra.\u00a0<\/span><\/p>\n","protected":false},"featured_media":13658,"template":"","meta":{"_et_pb_use_builder":"","_et_pb_old_content":"","_et_gb_content_width":""},"product_brand":[],"product_cat":[81,84,148],"product_tag":[169],"class_list":{"0":"post-13804","1":"product","2":"type-product","3":"status-publish","4":"has-post-thumbnail","6":"product_cat-libros-de-uso-academico","7":"product_cat-lengua-castellana-y-literatura","8":"product_cat-narrativa-libros-de-uso-academico","9":"product_tag-recomendado","10":"product_shipping_class-standard-shipping","12":"first","13":"instock","14":"purchasable","15":"product-type-simple"},"_links":{"self":[{"href":"https:\/\/editorialalegoria.com\/web\/wp-json\/wp\/v2\/product\/13804","targetHints":{"allow":["GET"]}}],"collection":[{"href":"https:\/\/editorialalegoria.com\/web\/wp-json\/wp\/v2\/product"}],"about":[{"href":"https:\/\/editorialalegoria.com\/web\/wp-json\/wp\/v2\/types\/product"}],"wp:featuredmedia":[{"embeddable":true,"href":"https:\/\/editorialalegoria.com\/web\/wp-json\/wp\/v2\/media\/13658"}],"wp:attachment":[{"href":"https:\/\/editorialalegoria.com\/web\/wp-json\/wp\/v2\/media?parent=13804"}],"wp:term":[{"taxonomy":"product_brand","embeddable":true,"href":"https:\/\/editorialalegoria.com\/web\/wp-json\/wp\/v2\/product_brand?post=13804"},{"taxonomy":"product_cat","embeddable":true,"href":"https:\/\/editorialalegoria.com\/web\/wp-json\/wp\/v2\/product_cat?post=13804"},{"taxonomy":"product_tag","embeddable":true,"href":"https:\/\/editorialalegoria.com\/web\/wp-json\/wp\/v2\/product_tag?post=13804"}],"curies":[{"name":"wp","href":"https:\/\/api.w.org\/{rel}","templated":true}]}}