{"id":13811,"date":"2021-03-11T15:15:40","date_gmt":"2021-03-11T14:15:40","guid":{"rendered":"http:\/\/editorialalegoria.com\/web\/producto\/el-profeta-del-norte\/"},"modified":"2024-09-04T10:24:41","modified_gmt":"2024-09-04T08:24:41","slug":"el-profeta-del-norte","status":"publish","type":"product","link":"https:\/\/editorialalegoria.com\/web\/libro\/el-profeta-del-norte\/","title":{"rendered":"El profeta del Norte"},"content":{"rendered":"<p>Borges dijo de Swedenborg que fue el hombre m\u00e1s extraordinario que registra la historia. Hasta los 56 a\u00f1os, dedic\u00f3 esencialmente su vida a la investigaci\u00f3n cient\u00edfica, realizando estudios excepcionales. A esa edad tuvo una crisis religiosa y comenz\u00f3 a publicar obras visionarias, filos\u00f3ficas, teol\u00f3gicas y m\u00edsticas.<\/p>\n<p>El profesor Jos\u00e9 Antonio Ant\u00f3n Pacheco se ha ocupado de manera especial del autor sueco. En esta obra nos muestra las claves de su pensamiento, especialmente el empe\u00f1o swedenborgiano de conciliar el mundo natural y el sobrenatural, desde la convicci\u00f3n de que el universo se encuentra reunido y conectado ontol\u00f3gicamente: una suerte de solidaridad metaf\u00edsica preside la relaci\u00f3n entre todos los seres. El resultado es un apasionante recorrido por la obra de Swedenborg que contribuye a comprender por qu\u00e9 Borges le concedi\u00f3 el t\u00edtulo m\u00e1s honor\u00edfico de todos.<\/p>\n","protected":false},"excerpt":{"rendered":"<p>Apasionante recorrido por la obra de Swedenborg que contribuye a comprender por qu\u00e9 Borges le concedi\u00f3 el t\u00edtulo m\u00e1s honor\u00edfico de todos<\/p>\n","protected":false},"featured_media":13665,"template":"","meta":{"_et_pb_use_builder":"","_et_pb_old_content":"","_et_gb_content_width":""},"product_brand":[],"product_cat":[90,145,82],"product_tag":[],"class_list":{"0":"post-13811","1":"product","2":"type-product","3":"status-publish","4":"has-post-thumbnail","6":"product_cat-ensayo","7":"product_cat-ensayo-pensamiento","8":"product_cat-fondo-editorial","10":"first","11":"outofstock","12":"purchasable","13":"product-type-simple"},"_links":{"self":[{"href":"https:\/\/editorialalegoria.com\/web\/wp-json\/wp\/v2\/product\/13811","targetHints":{"allow":["GET"]}}],"collection":[{"href":"https:\/\/editorialalegoria.com\/web\/wp-json\/wp\/v2\/product"}],"about":[{"href":"https:\/\/editorialalegoria.com\/web\/wp-json\/wp\/v2\/types\/product"}],"wp:featuredmedia":[{"embeddable":true,"href":"https:\/\/editorialalegoria.com\/web\/wp-json\/wp\/v2\/media\/13665"}],"wp:attachment":[{"href":"https:\/\/editorialalegoria.com\/web\/wp-json\/wp\/v2\/media?parent=13811"}],"wp:term":[{"taxonomy":"product_brand","embeddable":true,"href":"https:\/\/editorialalegoria.com\/web\/wp-json\/wp\/v2\/product_brand?post=13811"},{"taxonomy":"product_cat","embeddable":true,"href":"https:\/\/editorialalegoria.com\/web\/wp-json\/wp\/v2\/product_cat?post=13811"},{"taxonomy":"product_tag","embeddable":true,"href":"https:\/\/editorialalegoria.com\/web\/wp-json\/wp\/v2\/product_tag?post=13811"}],"curies":[{"name":"wp","href":"https:\/\/api.w.org\/{rel}","templated":true}]}}