{"id":13816,"date":"2021-03-11T15:15:49","date_gmt":"2021-03-11T14:15:49","guid":{"rendered":"http:\/\/editorialalegoria.com\/web\/producto\/filosofia-y-ciudadania-1o-bachillerato-proxima-aparicion\/"},"modified":"2024-07-10T14:04:49","modified_gmt":"2024-07-10T12:04:49","slug":"filosofia-y-ciudadania-1o-bachillerato-proxima-aparicion","status":"publish","type":"product","link":"https:\/\/editorialalegoria.com\/web\/libro\/filosofia-y-ciudadania-1o-bachillerato-proxima-aparicion\/","title":{"rendered":"Filosof\u00eda y Ciudadan\u00eda 1\u00ba Bachillerato (pr\u00f3xima aparici\u00f3n)"},"content":{"rendered":"<p>Este libro forma parte del PROYECTO AS\u00c9BEIA, que engloba:<\/p>\n<p>\u2014Filosof\u00eda y Ciudadan\u00eda para todos. 1\u00ba Bachillerato<\/p>\n<p>\u2014Historia <em>filos\u00f3fica<\/em> de la filosof\u00eda. 2\u00ba Bachillerato<\/p>\n<p>Nuestro mundo actual se caracteriza por el imperio de lo audiovisual y, en esa medida, por una merma de la capacidad de abstracci\u00f3n. Ninguna asignatura est\u00e1 m\u00e1s afectada por esta circunstancia que la Filosof\u00eda. Esta circunstancia plantea no solo un problema acad\u00e9mico sino tambi\u00e9n pol\u00edtico: la democracia solo puede subsistir si cuenta con ciudadanos cr\u00edticos capaces de juzgar y tomar distancia de los discursos que le rodean.<\/p>\n<p>Este libro pretende extremar los recursos de seducci\u00f3n para evitar esta desconexi\u00f3n suicida (que tambi\u00e9n hace notar sus efectos disgregadores a nivel individual). Y lo lleva a cabo sin sacrificar el rigor ni la exigencia: la mejor filosof\u00eda de siempre es ense\u00f1ada a trav\u00e9s de t\u00e9cnicas variadas, creativas y atractivas, que tienden constantemente puentes con temas de actualidad y con la realidad concreta del alumno. Narraciones, di\u00e1logos, pel\u00edculas, poemas, desaf\u00edos, historia, humor, talleres, viajes, etc., se suman a un proyecto ambicioso que constituye tambi\u00e9n un recorrido por las ideas vertebradoras de nuestra cultura.<\/p>\n<p>El objetivo, parafraseando a Kant, es aprender filosof\u00eda para aprender a filosofar, lo cual implica `poner a dieta\u00b4 el saber recibido o dominante. No otra cosa significa la vocaci\u00f3n subversiva con la que nace la filosof\u00eda: la palabra `subversivo\u00b4 proviene de <em>subvertere<\/em>, que podemos traducir como \u00abdarse una vuelta por debajo\u00bb; en este caso, de la realidad establecida, para ver para qu\u00e9 sirve y a qui\u00e9n sirve. En consecuencia, un empe\u00f1o por cuestionar y problematizar que inevitablemente se enfrenta al adoctrinamiento, a la ideologizaci\u00f3n y a cualquier otra forma de dogmatismo o clausura mental, para defender la racionalidad libre y la ciudadan\u00eda comprometida. De ah\u00ed que el proyecto reciba el nombre com\u00fan de <em>as\u00e9beia<\/em>.<\/p>\n","protected":false},"excerpt":{"rendered":"<p>Una nueva manera de ense\u00f1ar filosof\u00eda a trav\u00e9s de una amplia variedad de recursos sugestivos, creativos y, en el sentido m\u00e1s profundo, interactivos.<\/p>\n","protected":false},"featured_media":15176,"template":"","meta":{"_et_pb_use_builder":"","_et_pb_old_content":"","_et_gb_content_width":""},"product_brand":[],"product_cat":[81,85,166],"product_tag":[],"class_list":{"0":"post-13816","1":"product","2":"type-product","3":"status-publish","4":"has-post-thumbnail","6":"product_cat-libros-de-uso-academico","7":"product_cat-filosofia-y-ciudadania","8":"product_cat-filosofia-primero-de-bachillerato","10":"first","11":"outofstock","12":"product-type-simple"},"_links":{"self":[{"href":"https:\/\/editorialalegoria.com\/web\/wp-json\/wp\/v2\/product\/13816","targetHints":{"allow":["GET"]}}],"collection":[{"href":"https:\/\/editorialalegoria.com\/web\/wp-json\/wp\/v2\/product"}],"about":[{"href":"https:\/\/editorialalegoria.com\/web\/wp-json\/wp\/v2\/types\/product"}],"wp:featuredmedia":[{"embeddable":true,"href":"https:\/\/editorialalegoria.com\/web\/wp-json\/wp\/v2\/media\/15176"}],"wp:attachment":[{"href":"https:\/\/editorialalegoria.com\/web\/wp-json\/wp\/v2\/media?parent=13816"}],"wp:term":[{"taxonomy":"product_brand","embeddable":true,"href":"https:\/\/editorialalegoria.com\/web\/wp-json\/wp\/v2\/product_brand?post=13816"},{"taxonomy":"product_cat","embeddable":true,"href":"https:\/\/editorialalegoria.com\/web\/wp-json\/wp\/v2\/product_cat?post=13816"},{"taxonomy":"product_tag","embeddable":true,"href":"https:\/\/editorialalegoria.com\/web\/wp-json\/wp\/v2\/product_tag?post=13816"}],"curies":[{"name":"wp","href":"https:\/\/api.w.org\/{rel}","templated":true}]}}