{"id":13817,"date":"2021-03-11T15:15:49","date_gmt":"2021-03-11T14:15:49","guid":{"rendered":"http:\/\/editorialalegoria.com\/web\/producto\/fisica-imperfecta\/"},"modified":"2024-07-10T14:04:49","modified_gmt":"2024-07-10T12:04:49","slug":"fisica-imperfecta","status":"publish","type":"product","link":"https:\/\/editorialalegoria.com\/web\/libro\/fisica-imperfecta\/","title":{"rendered":"F\u00edsica imperfecta"},"content":{"rendered":"<p>Poemario cargado de una sutil sensibilidad. De manos del cient\u00edfico Jos\u00e9 Mar\u00eda Delgado, este corpus de treinta y seis poemas nos habla del ser humano y su misterio.<\/p>\n","protected":false},"excerpt":{"rendered":"<p>Poemario delicado formado por 36 poemas.<\/p>\n","protected":false},"featured_media":13670,"template":"","meta":{"_et_pb_use_builder":"","_et_pb_old_content":"","_et_gb_content_width":""},"product_brand":[],"product_cat":[82,89],"product_tag":[],"class_list":{"0":"post-13817","1":"product","2":"type-product","3":"status-publish","4":"has-post-thumbnail","6":"product_cat-fondo-editorial","7":"product_cat-lirica","9":"first","10":"outofstock","11":"purchasable","12":"product-type-simple"},"_links":{"self":[{"href":"https:\/\/editorialalegoria.com\/web\/wp-json\/wp\/v2\/product\/13817","targetHints":{"allow":["GET"]}}],"collection":[{"href":"https:\/\/editorialalegoria.com\/web\/wp-json\/wp\/v2\/product"}],"about":[{"href":"https:\/\/editorialalegoria.com\/web\/wp-json\/wp\/v2\/types\/product"}],"wp:featuredmedia":[{"embeddable":true,"href":"https:\/\/editorialalegoria.com\/web\/wp-json\/wp\/v2\/media\/13670"}],"wp:attachment":[{"href":"https:\/\/editorialalegoria.com\/web\/wp-json\/wp\/v2\/media?parent=13817"}],"wp:term":[{"taxonomy":"product_brand","embeddable":true,"href":"https:\/\/editorialalegoria.com\/web\/wp-json\/wp\/v2\/product_brand?post=13817"},{"taxonomy":"product_cat","embeddable":true,"href":"https:\/\/editorialalegoria.com\/web\/wp-json\/wp\/v2\/product_cat?post=13817"},{"taxonomy":"product_tag","embeddable":true,"href":"https:\/\/editorialalegoria.com\/web\/wp-json\/wp\/v2\/product_tag?post=13817"}],"curies":[{"name":"wp","href":"https:\/\/api.w.org\/{rel}","templated":true}]}}