{"id":13823,"date":"2021-03-11T15:15:49","date_gmt":"2021-03-11T14:15:49","guid":{"rendered":"http:\/\/editorialalegoria.com\/web\/producto\/historia-de-espana-2o-bachillerato\/"},"modified":"2024-09-04T10:23:37","modified_gmt":"2024-09-04T08:23:37","slug":"historia-de-espana-2o-bachillerato","status":"publish","type":"product","link":"https:\/\/editorialalegoria.com\/web\/libro\/historia-de-espana-2o-bachillerato\/","title":{"rendered":"Historia de Espa\u00f1a 2\u00ba Bachillerato"},"content":{"rendered":"<p>Los libros de Bachillerato presentan un enfoque distinto con respecto al m\u00e9todo en la ESO, pues desde primer curso de Bachillerato se tiene como objetivo, adem\u00e1s de la pura ense\u00f1anza de la Historia, preparar al alumnado para las pruebas de acceso a la Universidad.<\/p>\n<ul>\n<li>El enfoque del m\u00e9todo pretende mantener un nivel elevado en cuanto a los contenidos, jalonado con actividades en las que se ponen en juego diferentes habilidades.<\/li>\n<li>Se le da especial importancia a la comprensi\u00f3n lectora, la expresi\u00f3n escrita y las t\u00e9cnicas de expresi\u00f3n oral.<\/li>\n<li>El m\u00e9todo persigue, a trav\u00e9s del an\u00e1lisis de documentos (textuales o audiovisuales), fomentar el pensamiento cr\u00edtico y la pr\u00e1ctica del razonamiento argumentado.<\/li>\n<li>Tambi\u00e9n se presentan actividades cuyo objetivo es conectar el presente con el pasado a trav\u00e9s de la observaci\u00f3n y la reflexi\u00f3n del alumno.<\/li>\n<li>Se da un enfoque del arte como elemento indispensable para entender la historia.<\/li>\n<li>A lo largo del m\u00e9todo (ya desde los primeros cursos de la ESO) se enfrenta al alumnado a las diversas t\u00e9cnicas de trabajo hist\u00f3rico.<\/li>\n<li>Para aquellos docentes que opten por trabajar con proyectos, presentamos distintas opciones de tareas finales en cada unidad.<\/li>\n<\/ul>\n","protected":false},"excerpt":{"rendered":"<p><strong>M\u00e9todo de Geograf\u00eda e Historia<\/strong><\/p>\n<p>Este proyecto es el resultado del trabajo en el aula de un grupo de profesores con dilatada experiencia docente. El planteamiento general ha sido la integraci\u00f3n de la teor\u00eda junto con talleres para que el alumno tenga un aprendizaje activo. Se aportan innumerables actividades y recursos audiovisuales en el propio libro del alumno para facilitar el uso del material tanto en el aula como en casa.<\/p>\n<p><strong>C\u00f3mo se organizan las unidades<\/strong><\/p>\n<p>Cada una de las seis unidades que conforman los libros de la ESO pueden dividirse en dos grandes bloques: talleres pr\u00e1cticos y contenidos te\u00f3ricos. Los alumnos se aproximar\u00e1n a los contenidos a trav\u00e9s de actividades, v\u00eddeos y lecturas. Se impregnar\u00e1n de los conocimientos sin apenas darse cuenta. Al final de cada unidad, todos los contenidos aparecen ordenados y concentrados en el bloque de Contenidos te\u00f3ricos.<\/p>\n","protected":false},"featured_media":13752,"template":"","meta":{"_et_pb_use_builder":"","_et_pb_old_content":"","_et_gb_content_width":""},"product_brand":[],"product_cat":[81,86],"product_tag":[],"class_list":{"0":"post-13823","1":"product","2":"type-product","3":"status-publish","4":"has-post-thumbnail","6":"product_cat-libros-de-uso-academico","7":"product_cat-geografia-e-historia","9":"first","10":"instock","11":"purchasable","12":"product-type-simple"},"_links":{"self":[{"href":"https:\/\/editorialalegoria.com\/web\/wp-json\/wp\/v2\/product\/13823","targetHints":{"allow":["GET"]}}],"collection":[{"href":"https:\/\/editorialalegoria.com\/web\/wp-json\/wp\/v2\/product"}],"about":[{"href":"https:\/\/editorialalegoria.com\/web\/wp-json\/wp\/v2\/types\/product"}],"wp:featuredmedia":[{"embeddable":true,"href":"https:\/\/editorialalegoria.com\/web\/wp-json\/wp\/v2\/media\/13752"}],"wp:attachment":[{"href":"https:\/\/editorialalegoria.com\/web\/wp-json\/wp\/v2\/media?parent=13823"}],"wp:term":[{"taxonomy":"product_brand","embeddable":true,"href":"https:\/\/editorialalegoria.com\/web\/wp-json\/wp\/v2\/product_brand?post=13823"},{"taxonomy":"product_cat","embeddable":true,"href":"https:\/\/editorialalegoria.com\/web\/wp-json\/wp\/v2\/product_cat?post=13823"},{"taxonomy":"product_tag","embeddable":true,"href":"https:\/\/editorialalegoria.com\/web\/wp-json\/wp\/v2\/product_tag?post=13823"}],"curies":[{"name":"wp","href":"https:\/\/api.w.org\/{rel}","templated":true}]}}