{"id":13831,"date":"2021-03-11T15:15:49","date_gmt":"2021-03-11T14:15:49","guid":{"rendered":"http:\/\/editorialalegoria.com\/web\/producto\/la-tarima-vacia\/"},"modified":"2024-09-12T15:02:11","modified_gmt":"2024-09-12T13:02:11","slug":"la-tarima-vacia","status":"publish","type":"product","link":"https:\/\/editorialalegoria.com\/web\/libro\/la-tarima-vacia\/","title":{"rendered":"La tarima vac\u00eda"},"content":{"rendered":"<p><em>La tarima vac\u00eda <\/em>es el relato de una calamidad: la aniquilaci\u00f3n de la ense\u00f1anza p\u00fablica en Espa\u00f1a llevada a cabo por las leyes educativas de los \u00faltimos treinta a\u00f1os; con ellas, se ha demolido el proyecto ilustrado que ofrec\u00eda a las clases m\u00e1s humildes su \u00fanica posibilidad de promoci\u00f3n social y personal.<\/p>\n<p>A lo largo de sus p\u00e1ginas se abordan cuestiones candentes como las rev\u00e1lidas, la inmersi\u00f3n ling\u00fc\u00edstica y la disgregaci\u00f3n del sistema educativo espa\u00f1ol; los nuevos est\u00e1ndares y r\u00fabricas, un sistema de evaluaci\u00f3n enloquecido; la relaci\u00f3n entre ins\u00adtrucci\u00f3n, cultura y valores; la necesidad de estudiar a nuestros cl\u00e1sicos; la enga\u00f1osa fascinaci\u00f3n por las nuevas tecnolog\u00edas, o la muerte del m\u00e9rito como raz\u00f3n \u00faltima de cuanto nos pasa. Y, sobre todo, la extinci\u00f3n de la profesi\u00f3n docente, despojada de su autoridad intelectual por la burocracia y por el comisariado pol\u00edtico-pedag\u00f3gico.<\/p>\n<p>La obra supone la culminaci\u00f3n de lo que su autor, Javier Orrico, comenz\u00f3 hace diez a\u00f1os con <em>La ense\u00f1anza destruida <\/em>(Madrid, 2005), libro pionero y cr\u00edtico que obtuvo una enorme repercusi\u00f3n en el mundo educativo y pol\u00edtico espa\u00f1ol.<\/p>\n<p><em>La tarima vac\u00eda <\/em>es lectura imprescindible para conocer lo que ha pasado y lo que pasa en la educaci\u00f3n espa\u00f1ola. Nace con la vocaci\u00f3n de intervenir en el debate abierto sobre las carencias de nuestro sistema educativo. Por ello no es, ni podr\u00eda serlo, un libro tibio, pues s\u00f3lo con una escritura radical se puede aspirar a remover las aguas estancadas.<\/p>\n<p>Les informamos de la presencia de<em> La tarima vac\u00eda <\/em>en:<\/p>\n<ul>\n<li style=\"list-style-type: none;\">\n<ul>\n<li>Librer\u00eda Miraguano. C\/ Hermosilla, 104<\/li>\n<li>Librer\u00eda LEE. Paseo de la Castellana, 154<\/li>\n<li>Librer\u00eda La Modesta C\/ Modesto Lafuente, 29<\/li>\n<li>Librer\u00eda Juan Rulfo C\/ Fernando el Cat\u00f3lico, 86<\/li>\n<li>Librer\u00eda del Mercado C\/ Tribulete, 18<\/li>\n<li>Librer\u00eda Muga Avd. Pablo Neruda, 89<\/li>\n<\/ul>\n<\/li>\n<\/ul>\n<ul>\n<li style=\"list-style-type: none;\"><\/li>\n<\/ul>\n<ul>\n<li style=\"list-style-type: none;\"><\/li>\n<\/ul>\n","protected":false},"excerpt":{"rendered":"<p><span data-sheets-value=\"{&quot;1&quot;:2,&quot;2&quot;:&quot;Relato sobre la aniquilaci\u00f3n de la ense\u00f1anza p\u00fablica en Espa\u00f1a&quot;}\" data-sheets-userformat=\"{&quot;2&quot;:15297,&quot;3&quot;:{&quot;1&quot;:0},&quot;9&quot;:0,&quot;10&quot;:0,&quot;11&quot;:4,&quot;12&quot;:0,&quot;14&quot;:[null,2,16711680],&quot;15&quot;:&quot;Arial&quot;,&quot;16&quot;:10}\">Relato sobre la aniquilaci\u00f3n de la ense\u00f1anza p\u00fablica en Espa\u00f1a<\/span><\/p>\n","protected":false},"featured_media":13683,"template":"","meta":{"_et_pb_use_builder":"","_et_pb_old_content":"","_et_gb_content_width":""},"product_brand":[],"product_cat":[90,147,82],"product_tag":[],"class_list":{"0":"post-13831","1":"product","2":"type-product","3":"status-publish","4":"has-post-thumbnail","6":"product_cat-ensayo","7":"product_cat-ensayo-educacion","8":"product_cat-fondo-editorial","10":"first","11":"instock","12":"purchasable","13":"product-type-simple"},"_links":{"self":[{"href":"https:\/\/editorialalegoria.com\/web\/wp-json\/wp\/v2\/product\/13831","targetHints":{"allow":["GET"]}}],"collection":[{"href":"https:\/\/editorialalegoria.com\/web\/wp-json\/wp\/v2\/product"}],"about":[{"href":"https:\/\/editorialalegoria.com\/web\/wp-json\/wp\/v2\/types\/product"}],"wp:featuredmedia":[{"embeddable":true,"href":"https:\/\/editorialalegoria.com\/web\/wp-json\/wp\/v2\/media\/13683"}],"wp:attachment":[{"href":"https:\/\/editorialalegoria.com\/web\/wp-json\/wp\/v2\/media?parent=13831"}],"wp:term":[{"taxonomy":"product_brand","embeddable":true,"href":"https:\/\/editorialalegoria.com\/web\/wp-json\/wp\/v2\/product_brand?post=13831"},{"taxonomy":"product_cat","embeddable":true,"href":"https:\/\/editorialalegoria.com\/web\/wp-json\/wp\/v2\/product_cat?post=13831"},{"taxonomy":"product_tag","embeddable":true,"href":"https:\/\/editorialalegoria.com\/web\/wp-json\/wp\/v2\/product_tag?post=13831"}],"curies":[{"name":"wp","href":"https:\/\/api.w.org\/{rel}","templated":true}]}}