{"id":13833,"date":"2021-03-11T15:15:49","date_gmt":"2021-03-11T14:15:49","guid":{"rendered":"http:\/\/editorialalegoria.com\/web\/producto\/las-clientelas-de-la-utopia\/"},"modified":"2024-09-04T10:23:36","modified_gmt":"2024-09-04T08:23:36","slug":"las-clientelas-de-la-utopia","status":"publish","type":"product","link":"https:\/\/editorialalegoria.com\/web\/libro\/las-clientelas-de-la-utopia\/","title":{"rendered":"Las clientelas de la utop\u00eda"},"content":{"rendered":"<p>o De la sustancia de la utop\u00eda se han forjado las pesadillas, los sue\u00f1os y quiz\u00e1s gran parte de aquello por lo que el mundo es mejor y la vida vale la pena. Pero el afelpado reducto de las sociedades protegidas, el maleable tejido de comunicaciones, presiones, adhesiones virtuales y sustituci\u00f3n del contenido por el volumen y difusi\u00f3n de las palabras han creado una clase nueva para la que la utop\u00eda es su veh\u00edculo, la lona que recubre s\u00f3lidos edificios de intereses, la contrase\u00f1a que permite el acceso a zonas deseables y bienes restringidos y que incluso procura el lujo de la superioridad de valores.<\/p>\n<p>El fen\u00f3meno es inseparable del parasitismo y el estado de bienestar. En ning\u00fan terreno se manifiesta con claridad tan meridiana como en el de los Se\u00f1ores de la Guerra Sem\u00e1ntica, que deben su status al monopolio del etiquetado pol\u00edtico y moral.<\/p>\n<p>Lo ocurrido en Educaci\u00f3n y Cultura (el interesante bot\u00f3n de muestra hisp\u00e1nico) es la punta del iceberg del gran secuestro que ha marcado el esp\u00edritu del siglo XX y se esfuerza en extenderse al siglo XXI: Nada menos que el monopolio de \u00e9tica y est\u00e9tica, de comunicaci\u00f3n y de civilizaci\u00f3n, de orientaci\u00f3n axiol\u00f3gica y de representaci\u00f3n del mundo que se ha habitado y que se habita. Y ello porque de la impostura, de la mistificaci\u00f3n de la Historia, del ocultamiento sistem\u00e1tico de al menos la mitad del planeta de los hechos lleva viviendo, prosperando, aplastando y perpetu\u00e1ndose una clase muy especial de los tiempos modernos que se ha creado toda una t\u00e9cnica de autojustificaci\u00f3n, conquista y subsistencia a base de impostar solidaridades, ideales y rebeliones.<\/p>\n","protected":false},"excerpt":{"rendered":"<p>Reflexi\u00f3n sobre las redes clientelares y el deterioro de la pol\u00edtica espa\u00f1ola.<\/p>\n","protected":false},"featured_media":13685,"template":"","meta":{"_et_pb_use_builder":"","_et_pb_old_content":"","_et_gb_content_width":""},"product_brand":[],"product_cat":[82,90,147],"product_tag":[],"class_list":{"0":"post-13833","1":"product","2":"type-product","3":"status-publish","4":"has-post-thumbnail","6":"product_cat-fondo-editorial","7":"product_cat-ensayo","8":"product_cat-ensayo-educacion","10":"first","11":"instock","12":"purchasable","13":"product-type-simple"},"_links":{"self":[{"href":"https:\/\/editorialalegoria.com\/web\/wp-json\/wp\/v2\/product\/13833","targetHints":{"allow":["GET"]}}],"collection":[{"href":"https:\/\/editorialalegoria.com\/web\/wp-json\/wp\/v2\/product"}],"about":[{"href":"https:\/\/editorialalegoria.com\/web\/wp-json\/wp\/v2\/types\/product"}],"wp:featuredmedia":[{"embeddable":true,"href":"https:\/\/editorialalegoria.com\/web\/wp-json\/wp\/v2\/media\/13685"}],"wp:attachment":[{"href":"https:\/\/editorialalegoria.com\/web\/wp-json\/wp\/v2\/media?parent=13833"}],"wp:term":[{"taxonomy":"product_brand","embeddable":true,"href":"https:\/\/editorialalegoria.com\/web\/wp-json\/wp\/v2\/product_brand?post=13833"},{"taxonomy":"product_cat","embeddable":true,"href":"https:\/\/editorialalegoria.com\/web\/wp-json\/wp\/v2\/product_cat?post=13833"},{"taxonomy":"product_tag","embeddable":true,"href":"https:\/\/editorialalegoria.com\/web\/wp-json\/wp\/v2\/product_tag?post=13833"}],"curies":[{"name":"wp","href":"https:\/\/api.w.org\/{rel}","templated":true}]}}