{"id":13834,"date":"2021-03-11T15:15:49","date_gmt":"2021-03-11T14:15:49","guid":{"rendered":"http:\/\/editorialalegoria.com\/web\/producto\/las-siete-vidas-del-cangrejo\/"},"modified":"2024-09-04T10:23:36","modified_gmt":"2024-09-04T08:23:36","slug":"las-siete-vidas-del-cangrejo","status":"publish","type":"product","link":"https:\/\/editorialalegoria.com\/web\/libro\/las-siete-vidas-del-cangrejo\/","title":{"rendered":"Las siete vidas del cangrejo"},"content":{"rendered":"<p>Una ni\u00f1a se ve obligada a jugar a la rayuela ininterrumpidamente. Un hombre inicia una relaci\u00f3n enfermiza que recuerda a la que comenz\u00f3 con aquel anuncio tristemente c\u00e9lebre: \u201cSe buscan hombres, j\u00f3venes y robustos, para ser devorados\u201d.<\/p>\n<p>Un abogado apela al caso Gary Gilmore contra el Pueblo de Utah en su alegato de defensa.<\/p>\n<p>Una mujer trata de comunicar una noticia importante a su hija a ritmo de aer\u00f3bic.<\/p>\n<p>Un adolescente pide que le administren la extremaunci\u00f3n v\u00eda Twitter.<\/p>\n<p>Una madre le escribe a su hija, que no fue.<\/p>\n<p>Un profesor de literatura acaba ingresando en una especie de \u201cClub de los Hachisianos\u201d similar al que frecuentaban de Nerval, Dumas o Baudelaire.<\/p>\n<p>Aunque aparentemente poco tienen en com\u00fan estas personas, sus voces parecen corear a Cort\u00e1zar sin saberlo: \u00abel Bardo nos devuelve a la vida, a la necesidad de una vida pura, precisamente cuando ya no hay escapatoria\u2026\u00bb. Es precisamente en esa frase interrumpida extra\u00edda de Rayuela, en esos puntos suspensivos, donde se cruzan las siete vidas que protagonizan el nuevo libro de Rebeca Garc\u00eda Nieto, a medio camino entre la colecci\u00f3n de relatos y la novela coral.<\/p>\n<p>Les informamos de la presencia de los t\u00edtulos <em>Las siete vidas del cangrejo en<\/em> las siguientes librer\u00edas:<\/p>\n<ul>\n<li style=\"list-style-type: none;\">\n<ul>\n<li>Librer\u00eda Miraguano. C\/ Hermosilla, 104<\/li>\n<li>Librer\u00eda LEE. Paseo de la Castellana, 154<\/li>\n<li>Librer\u00eda La Modesta C\/ Modesto Lafuente, 29<\/li>\n<li>Librer\u00eda Juan Rulfo C\/ Fernando el Cat\u00f3lico, 86<\/li>\n<li>Librer\u00eda del Mercado C\/ Tribulete, 18<\/li>\n<li>Librer\u00eda Muga Avd. Pablo Neruda, 89<\/li>\n<\/ul>\n<\/li>\n<\/ul>\n<ul>\n<li style=\"list-style-type: none;\"><\/li>\n<\/ul>\n<ul>\n<li style=\"list-style-type: none;\"><\/li>\n<\/ul>\n<ul>\n<li style=\"list-style-type: none;\"><\/li>\n<\/ul>\n<ul>\n<li style=\"list-style-type: none;\"><\/li>\n<\/ul>\n","protected":false},"excerpt":{"rendered":"<p>Siete historias, siete vidas aparentemente muy distintas pero con un misterioso y poderoso nexo com\u00fan.<\/p>\n<p>Benito Garrido de<em> Culturamas<\/em> ha dicho de la autora: <em>\u201cEs una escritora perspicaz, efectiva, de ideas claras y profundas reflexiones, muestra de la imperativa lucidez que debe tener un creador para ponerse en la piel de <\/em><em>sus personajes, y revelar las diferentes miradas con que cada uno enfrenta la vida.\u201d\u00a0<\/em><\/p>\n","protected":false},"featured_media":13686,"template":"","meta":{"_et_pb_use_builder":"","_et_pb_old_content":"","_et_gb_content_width":""},"product_brand":[],"product_cat":[82,88,146],"product_tag":[],"class_list":{"0":"post-13834","1":"product","2":"type-product","3":"status-publish","4":"has-post-thumbnail","6":"product_cat-fondo-editorial","7":"product_cat-narrativa","8":"product_cat-narrativa-general","10":"first","11":"instock","12":"purchasable","13":"product-type-simple"},"_links":{"self":[{"href":"https:\/\/editorialalegoria.com\/web\/wp-json\/wp\/v2\/product\/13834","targetHints":{"allow":["GET"]}}],"collection":[{"href":"https:\/\/editorialalegoria.com\/web\/wp-json\/wp\/v2\/product"}],"about":[{"href":"https:\/\/editorialalegoria.com\/web\/wp-json\/wp\/v2\/types\/product"}],"wp:featuredmedia":[{"embeddable":true,"href":"https:\/\/editorialalegoria.com\/web\/wp-json\/wp\/v2\/media\/13686"}],"wp:attachment":[{"href":"https:\/\/editorialalegoria.com\/web\/wp-json\/wp\/v2\/media?parent=13834"}],"wp:term":[{"taxonomy":"product_brand","embeddable":true,"href":"https:\/\/editorialalegoria.com\/web\/wp-json\/wp\/v2\/product_brand?post=13834"},{"taxonomy":"product_cat","embeddable":true,"href":"https:\/\/editorialalegoria.com\/web\/wp-json\/wp\/v2\/product_cat?post=13834"},{"taxonomy":"product_tag","embeddable":true,"href":"https:\/\/editorialalegoria.com\/web\/wp-json\/wp\/v2\/product_tag?post=13834"}],"curies":[{"name":"wp","href":"https:\/\/api.w.org\/{rel}","templated":true}]}}