{"id":13843,"date":"2021-03-11T15:16:00","date_gmt":"2021-03-11T14:16:00","guid":{"rendered":"http:\/\/editorialalegoria.com\/web\/producto\/literatura-infantil-y-juvenil\/"},"modified":"2024-09-12T15:01:24","modified_gmt":"2024-09-12T13:01:24","slug":"literatura-infantil-y-juvenil","status":"publish","type":"product","link":"https:\/\/editorialalegoria.com\/web\/libro\/literatura-infantil-y-juvenil\/","title":{"rendered":"Literatura infantil y juvenil"},"content":{"rendered":"<p>El prop\u00f3sito de este libro es hacer visible al lector, a trav\u00e9s de una selecci\u00f3n de rese\u00f1as representativas de monograf\u00edas recientes sobre Educaci\u00f3n Literaria y Literatura Infantil y Juvenil, el nuevo impulso cr\u00edtico producido en los a\u00f1os recorridos del siglo XXI. El lector recibe un conjunto informativo organizado en torno a cap\u00edtulos que coinciden con los subg\u00e9neros y los cauces expresivos por los que circula la literatura infantil y juvenil de ayer y hoy.<\/p>\n","protected":false},"excerpt":{"rendered":"<p><span data-sheets-value=\"{&quot;1&quot;:2,&quot;2&quot;:&quot;Estudio sobre las publicaciones recientes relacionadas con la educaci\u00f3n literaria de ni\u00f1os y j\u00f3venes&quot;}\" data-sheets-userformat=\"{&quot;2&quot;:15297,&quot;3&quot;:{&quot;1&quot;:0},&quot;9&quot;:0,&quot;10&quot;:0,&quot;11&quot;:4,&quot;12&quot;:0,&quot;14&quot;:[null,2,16711680],&quot;15&quot;:&quot;Arial&quot;,&quot;16&quot;:10}\">Estudio sobre las publicaciones recientes relacionadas con la educaci\u00f3n literaria de ni\u00f1os y j\u00f3venes.<\/span><\/p>\n","protected":false},"featured_media":13695,"template":"","meta":{"_et_pb_use_builder":"","_et_pb_old_content":"","_et_gb_content_width":""},"product_brand":[],"product_cat":[82,90,147],"product_tag":[],"class_list":{"0":"post-13843","1":"product","2":"type-product","3":"status-publish","4":"has-post-thumbnail","6":"product_cat-fondo-editorial","7":"product_cat-ensayo","8":"product_cat-ensayo-educacion","10":"first","11":"instock","12":"purchasable","13":"product-type-simple"},"_links":{"self":[{"href":"https:\/\/editorialalegoria.com\/web\/wp-json\/wp\/v2\/product\/13843","targetHints":{"allow":["GET"]}}],"collection":[{"href":"https:\/\/editorialalegoria.com\/web\/wp-json\/wp\/v2\/product"}],"about":[{"href":"https:\/\/editorialalegoria.com\/web\/wp-json\/wp\/v2\/types\/product"}],"wp:featuredmedia":[{"embeddable":true,"href":"https:\/\/editorialalegoria.com\/web\/wp-json\/wp\/v2\/media\/13695"}],"wp:attachment":[{"href":"https:\/\/editorialalegoria.com\/web\/wp-json\/wp\/v2\/media?parent=13843"}],"wp:term":[{"taxonomy":"product_brand","embeddable":true,"href":"https:\/\/editorialalegoria.com\/web\/wp-json\/wp\/v2\/product_brand?post=13843"},{"taxonomy":"product_cat","embeddable":true,"href":"https:\/\/editorialalegoria.com\/web\/wp-json\/wp\/v2\/product_cat?post=13843"},{"taxonomy":"product_tag","embeddable":true,"href":"https:\/\/editorialalegoria.com\/web\/wp-json\/wp\/v2\/product_tag?post=13843"}],"curies":[{"name":"wp","href":"https:\/\/api.w.org\/{rel}","templated":true}]}}