{"id":13847,"date":"2021-03-11T15:16:00","date_gmt":"2021-03-11T14:16:00","guid":{"rendered":"http:\/\/editorialalegoria.com\/web\/producto\/los-poetas-del-27-y-el-grupo-cantico-de-cordoba-correspondencia-entre-ricardo-molina-y-luis-cernuda-jorge-guillen-gerardo-diego-y-damaso-alonso-libro-dos\/"},"modified":"2024-09-12T15:01:24","modified_gmt":"2024-09-12T13:01:24","slug":"los-poetas-del-27-y-el-grupo-cantico-de-cordoba-correspondencia-entre-ricardo-molina-y-luis-cernuda-jorge-guillen-gerardo-diego-y-damaso-alonso-libro-dos","status":"publish","type":"product","link":"https:\/\/editorialalegoria.com\/web\/libro\/los-poetas-del-27-y-el-grupo-cantico-de-cordoba-correspondencia-entre-ricardo-molina-y-luis-cernuda-jorge-guillen-gerardo-diego-y-damaso-alonso-libro-dos\/","title":{"rendered":"Los Poetas del 27 y el grupo C\u00e1ntico de C\u00f3rdoba. Correspondencia entre Ricardo Molina y Luis Cernuda, Jorge Guill\u00e9n, Gerardo Diego y D\u00e1maso Alonso (Libro dos)"},"content":{"rendered":"<p>La correspondencia entre Ricardo Molina y Vicente Aleixandre, publicada en el primer volumen, se completa en este segundo con la transcripci\u00f3n y anotaci\u00f3n de las cartas \u2013en su mayor\u00eda in\u00e9ditas\u2013 que el poeta y codirector de la revista <em>C\u00e1ntico <\/em>intercambi\u00f3 con otros miembros de aquella generaci\u00f3n: Luis Cernuda, Jorge Guill\u00e9n, Gerardo Diego y D\u00e1maso Alonso. Este valioso legado epistolar, que forma parte del archivo personal de Molina, se convierte en una prueba fehaciente de la firme uni\u00f3n entre los poetas del 27 y los j\u00f3venes de <em>C\u00e1ntico,<\/em> que con su revista trataron de reavivar la voz po\u00e9tica en el sur convirti\u00e9ndose a su vez en referencia de generaciones posteriores, desde finales de los a\u00f1os sesenta hasta nuestros d\u00edas. Estos dos vol\u00famenes alumbran una nueva faceta de ambos grupos po\u00e9ticos, tan proclives a la amistad y, por fortuna, tan prol\u00edficos en cartas.<\/p>\n<p>En el Libro Uno se recogen las cartas cruzadas del poeta con Vicente Aleixandre. En el Libro Dos se han recopilado las cartas intercambiadas entre Ricardo Molina y poetas del 27 tan prestigiosos como Luis Cernuda, Jorge Guill\u00e9n, Gerardo Diego y D\u00e1maso Alonso.<\/p>\n<p>En las cartas cruzadas en este segundo volumen los poetas hablan de proyectos literarios, concepciones po\u00e9ticas, libros en ciernes, conferencias, recitales previstos, etc., pero tambi\u00e9n de experiencias vitales, confidencias y privacidades. Valga como muestra el comentario de Luis Cernuda al recibir el n\u00famero de la revista dedicado a \u00e9l: \u00abCu\u00e1nto bien me ha hecho ver que no estoy tan solo como a veces me figuro\u00bb.<\/p>\n","protected":false},"excerpt":{"rendered":"<p><span data-sheets-value=\"{&quot;1&quot;:2,&quot;2&quot;:&quot;Cartas cruzadas entre miembros del grupo C\u00e1ntico de C\u00f3rdoba y poetas del 27. Dos vol\u00famenes&quot;}\" data-sheets-userformat=\"{&quot;2&quot;:15297,&quot;3&quot;:{&quot;1&quot;:0},&quot;9&quot;:0,&quot;10&quot;:0,&quot;11&quot;:4,&quot;12&quot;:0,&quot;14&quot;:[null,2,16711680],&quot;15&quot;:&quot;Arial&quot;,&quot;16&quot;:10}\">Cartas cruzadas entre miembros del grupo C\u00e1ntico de C\u00f3rdoba y poetas del 27. Dos vol\u00famenes.<\/span><\/p>\n","protected":false},"featured_media":13617,"template":"","meta":{"_et_pb_use_builder":"","_et_pb_old_content":"","_et_gb_content_width":""},"product_brand":[],"product_cat":[91,82],"product_tag":[],"class_list":{"0":"post-13847","1":"product","2":"type-product","3":"status-publish","4":"has-post-thumbnail","6":"product_cat-epistolarios","7":"product_cat-fondo-editorial","9":"first","10":"instock","11":"purchasable","12":"product-type-simple"},"_links":{"self":[{"href":"https:\/\/editorialalegoria.com\/web\/wp-json\/wp\/v2\/product\/13847","targetHints":{"allow":["GET"]}}],"collection":[{"href":"https:\/\/editorialalegoria.com\/web\/wp-json\/wp\/v2\/product"}],"about":[{"href":"https:\/\/editorialalegoria.com\/web\/wp-json\/wp\/v2\/types\/product"}],"wp:featuredmedia":[{"embeddable":true,"href":"https:\/\/editorialalegoria.com\/web\/wp-json\/wp\/v2\/media\/13617"}],"wp:attachment":[{"href":"https:\/\/editorialalegoria.com\/web\/wp-json\/wp\/v2\/media?parent=13847"}],"wp:term":[{"taxonomy":"product_brand","embeddable":true,"href":"https:\/\/editorialalegoria.com\/web\/wp-json\/wp\/v2\/product_brand?post=13847"},{"taxonomy":"product_cat","embeddable":true,"href":"https:\/\/editorialalegoria.com\/web\/wp-json\/wp\/v2\/product_cat?post=13847"},{"taxonomy":"product_tag","embeddable":true,"href":"https:\/\/editorialalegoria.com\/web\/wp-json\/wp\/v2\/product_tag?post=13847"}],"curies":[{"name":"wp","href":"https:\/\/api.w.org\/{rel}","templated":true}]}}