{"id":13848,"date":"2021-03-11T15:16:00","date_gmt":"2021-03-11T14:16:00","guid":{"rendered":"http:\/\/editorialalegoria.com\/web\/producto\/motivos-suficientes-para-no-viajar-a-marte\/"},"modified":"2024-09-12T15:01:25","modified_gmt":"2024-09-12T13:01:25","slug":"motivos-suficientes-para-no-viajar-a-marte","status":"publish","type":"product","link":"https:\/\/editorialalegoria.com\/web\/libro\/motivos-suficientes-para-no-viajar-a-marte\/","title":{"rendered":"Motivos suficientes para no viajar a Marte"},"content":{"rendered":"<p>En un futuro no muy lejano, los barrios madrile\u00f1os de Chueca y Chamber\u00ed albergan, desconchados y en semirruina, a la mayor\u00eda de la poblaci\u00f3n. Unos pocos privilegiados viven lujosamente en la periferia: son los administradores y los clandestinos gremiales. Estos dan el golpe y se hacen con el control definitivo, pero no cambia nada, porque los administradores eran todos secretos gremiales. Mientras tanto, los habitantes del centro sobreviven como pueden entre partidos de baloncesto y fiestas callejeras en las que matan su hambre.<\/p>\n<p>Pero una antigua instrucci\u00f3n ministerial ha seguido su curso y hoy se cumple: se instalan las MADRES, M\u00e1quinas Recicladoras que acaban con la econom\u00eda y las clases, porque ofrecen hasta comida. Esto los Gremios no lo van a tolerar, y redoblan sus esfuerzos por mantener el control.<\/p>\n<p>El control de qu\u00e9? Todo funciona solo, y los intentos por encuadrar a los del centro en una profesi\u00f3n u otra, y por tanto en un gremio en particular, fracasan por la propia densidad de su organizaci\u00f3n hiperburocr\u00e1tica. De modo que las ONG toman el poder, ayudados por el Gremio de Pedagogos, impagable asesor de argot, y desde el gobierno se dedican a hacer manifestaciones y protestas contra el gobierno. De modo que los del centro est\u00e1n, por fin, libres de administradores y pueden intrigar para enrolarse en los viajes a Marte que se anuncian para dentro de poco.<\/p>\n<p>Pero estos viajes han sido ya tomados al asalto por las ONG y los pedagogos: todo un planeta que reglamentar no es una golosina que vayan a dejar escapar. Los del centro se dan cuenta en el \u00faltimo instante y los dejan ir, al principio con algo de tristeza, pero pronto se dan cuenta de que ahora son por fin due\u00f1os de su propia ciudad.<\/p>\n","protected":false},"excerpt":{"rendered":"<p>Novela futurista en la que se describe el inquietante porvenir que atrapar\u00e1 a Espa\u00f1a.<\/p>\n","protected":false},"featured_media":13618,"template":"","meta":{"_et_pb_use_builder":"","_et_pb_old_content":"","_et_gb_content_width":""},"product_brand":[],"product_cat":[82,88,146],"product_tag":[],"class_list":{"0":"post-13848","1":"product","2":"type-product","3":"status-publish","4":"has-post-thumbnail","6":"product_cat-fondo-editorial","7":"product_cat-narrativa","8":"product_cat-narrativa-general","10":"first","11":"instock","12":"purchasable","13":"product-type-simple"},"_links":{"self":[{"href":"https:\/\/editorialalegoria.com\/web\/wp-json\/wp\/v2\/product\/13848","targetHints":{"allow":["GET"]}}],"collection":[{"href":"https:\/\/editorialalegoria.com\/web\/wp-json\/wp\/v2\/product"}],"about":[{"href":"https:\/\/editorialalegoria.com\/web\/wp-json\/wp\/v2\/types\/product"}],"wp:featuredmedia":[{"embeddable":true,"href":"https:\/\/editorialalegoria.com\/web\/wp-json\/wp\/v2\/media\/13618"}],"wp:attachment":[{"href":"https:\/\/editorialalegoria.com\/web\/wp-json\/wp\/v2\/media?parent=13848"}],"wp:term":[{"taxonomy":"product_brand","embeddable":true,"href":"https:\/\/editorialalegoria.com\/web\/wp-json\/wp\/v2\/product_brand?post=13848"},{"taxonomy":"product_cat","embeddable":true,"href":"https:\/\/editorialalegoria.com\/web\/wp-json\/wp\/v2\/product_cat?post=13848"},{"taxonomy":"product_tag","embeddable":true,"href":"https:\/\/editorialalegoria.com\/web\/wp-json\/wp\/v2\/product_tag?post=13848"}],"curies":[{"name":"wp","href":"https:\/\/api.w.org\/{rel}","templated":true}]}}