{"id":13849,"date":"2021-03-11T15:16:00","date_gmt":"2021-03-11T14:16:00","guid":{"rendered":"http:\/\/editorialalegoria.com\/web\/producto\/musica-dos\/"},"modified":"2024-09-12T15:00:12","modified_gmt":"2024-09-12T13:00:12","slug":"musica-dos","status":"publish","type":"product","link":"https:\/\/editorialalegoria.com\/web\/libro\/musica-dos\/","title":{"rendered":"M\u00fasica Dos"},"content":{"rendered":"<h3><strong>C\u00f3mo es este libro<\/strong><\/h3>\n<p>Este libro es fruto de la experiencia en el aula de dos profesores en activo: el compendio de los materiales y las estrategias did\u00e1cticas que han ido utilizando a lo largo de casi veinte a\u00f1os de carrera docente. Un manual orientado tanto a formar buenos oyentes como a despertar vocaciones musicales entre el alumnado.<\/p>\n<p>Su punto de partida es la pr\u00e1ctica, lo que significa dar un mayor peso a la interpretaci\u00f3n grupal y a la escucha activa. Aprender haciendo, como propon\u00eda Dewey, sin dejar de lado la formaci\u00f3n te\u00f3rica necesaria para promover la autonom\u00eda de los estudiantes. La pr\u00e1ctica es el entramado a partir del cual tejer una red de conocimiento.<\/p>\n<p>Este libro, tanto en su versi\u00f3n f\u00edsica como en su formato digital, es una red en la que los diferentes bloques tem\u00e1ticos interaccionan con el fin de proporcionar una visi\u00f3n integral de la m\u00fasica.<\/p>\n<h3><strong>Organizaci\u00f3n del libro<\/strong><\/h3>\n<p>Cada trimestre consta de dos unidades did\u00e1cticas y un proyecto final denominado Programa de mano.<br \/>\nEn las unidades se desarrollan los cuatro bloques recogidos en la ley, con abundante material audiovisual, partituras y actividades de refuerzo y ampliaci\u00f3n. Cada unidad incluye una partitura vocal y una instrumental, y finaliza con un comentario de texto cuyo objetivo es desarrollar la comprensi\u00f3n lectora y estimular el esp\u00edritu cr\u00edtico.<\/p>\n<p>El \u00faltimo apartado del libro es un ep\u00edlogo que sintetiza las ideas principales estudiadas a lo largo del curso, ofrece listas de reproducci\u00f3n de los diferentes periodos musicales y plantea una serie de actividades que lo convierten en una excelente herramienta tanto para el repaso como para la recuperaci\u00f3n de los aprendizajes no adquiridos.<\/p>\n<p>La finalidad del Programa de mano es que los estudiantes vivan la experiencia de organizar y participar en una audici\u00f3n p\u00fablica. Con ese fin, se adjuntan arreglos adicionales que cumplen un doble prop\u00f3sito: servir como material de ampliaci\u00f3n para los alumnos y renovar anualmente el repertorio a disposici\u00f3n del profesor.<\/p>\n<h3><strong>Otros libros de M\u00fasica en Editorial Alegor\u00eda<\/strong><\/h3>\n<p><a href=\"https:\/\/editorialalegoria.com\/web\/libro\/musica-uno\/\"><img loading=\"lazy\" decoding=\"async\" class=\"wp-image-13620 size-medium\" src=\"https:\/\/editorialalegoria.com\/web\/wp-content\/uploads\/56-musica-uno-228x300.jpeg\" alt=\"Autor: Nacho Camino | Editorial Alegor\u00eda\" width=\"228\" height=\"300\" title=\"\"><\/a><\/p>\n<p><a href=\"https:\/\/editorialalegoria.com\/web\/libro\/cultura-del-flamenco\/\"><img loading=\"lazy\" decoding=\"async\" class=\"wp-image-223023 size-medium alignleft\" src=\"https:\/\/editorialalegoria.com\/web\/wp-content\/uploads\/Portada_CULTURA-DEL-FLAMENCO-228x300.jpg\" alt=\"\" width=\"228\" height=\"300\" title=\"\"><\/a><\/p>\n<p>&nbsp;<\/p>\n<p>&nbsp;<\/p>\n<p>&nbsp;<\/p>\n<p>&nbsp;<\/p>\n<p>&nbsp;<\/p>\n<p>&nbsp;<\/p>\n<p>&nbsp;<\/p>\n","protected":false},"excerpt":{"rendered":"<p>Material acad\u00e9mico que forma parte de un proyecto orientado tanto a formar buenos oyentes como a despertar vocaciones musicales entre el alumnado.<\/p>\n","protected":false},"featured_media":14675,"template":"","meta":{"_et_pb_use_builder":"","_et_pb_old_content":"","_et_gb_content_width":""},"product_brand":[],"product_cat":[81,87],"product_tag":[],"class_list":{"0":"post-13849","1":"product","2":"type-product","3":"status-publish","4":"has-post-thumbnail","6":"product_cat-libros-de-uso-academico","7":"product_cat-musica","9":"first","10":"instock","11":"purchasable","12":"product-type-simple"},"_links":{"self":[{"href":"https:\/\/editorialalegoria.com\/web\/wp-json\/wp\/v2\/product\/13849","targetHints":{"allow":["GET"]}}],"collection":[{"href":"https:\/\/editorialalegoria.com\/web\/wp-json\/wp\/v2\/product"}],"about":[{"href":"https:\/\/editorialalegoria.com\/web\/wp-json\/wp\/v2\/types\/product"}],"wp:featuredmedia":[{"embeddable":true,"href":"https:\/\/editorialalegoria.com\/web\/wp-json\/wp\/v2\/media\/14675"}],"wp:attachment":[{"href":"https:\/\/editorialalegoria.com\/web\/wp-json\/wp\/v2\/media?parent=13849"}],"wp:term":[{"taxonomy":"product_brand","embeddable":true,"href":"https:\/\/editorialalegoria.com\/web\/wp-json\/wp\/v2\/product_brand?post=13849"},{"taxonomy":"product_cat","embeddable":true,"href":"https:\/\/editorialalegoria.com\/web\/wp-json\/wp\/v2\/product_cat?post=13849"},{"taxonomy":"product_tag","embeddable":true,"href":"https:\/\/editorialalegoria.com\/web\/wp-json\/wp\/v2\/product_tag?post=13849"}],"curies":[{"name":"wp","href":"https:\/\/api.w.org\/{rel}","templated":true}]}}