{"id":13853,"date":"2021-03-11T15:16:00","date_gmt":"2021-03-11T14:16:00","guid":{"rendered":"http:\/\/editorialalegoria.com\/web\/producto\/ocho-filosofos-guias-de-lectura\/"},"modified":"2024-09-04T10:23:36","modified_gmt":"2024-09-04T08:23:36","slug":"ocho-filosofos-guias-de-lectura","status":"publish","type":"product","link":"https:\/\/editorialalegoria.com\/web\/libro\/ocho-filosofos-guias-de-lectura\/","title":{"rendered":"Ocho fil\u00f3sofos. Gu\u00edas de lectura"},"content":{"rendered":"<p>El profesorado de Filosof\u00eda que imparte en 2\u00ba de bachillerato se encuentra ante la enorme dificultad de proporcionar una visi\u00f3n global de toda la historia del pensamiento y, al mismo tiempo, de preparar a fondo cuatro textos de autores cl\u00e1sicos.<\/p>\n<p>Con s\u00f3lo tres horas de clase a la semana, eso supone a menudo enfrentarse al dilema de elegir entre ense\u00f1ar Historia de la Filosof\u00eda o meramente instruir a los alumnos en la superaci\u00f3n de la prueba de Selectividad.<\/p>\n<p>Este libro viene a paliar esta indeseable disyuntiva, pues analiza de manera pormenorizada los 8 textos que propone la Ponencia de Selectividad, resolviendo en sus apartados exhaustivamente cada una de las preguntas del examen (vocabulario; comentario de texto; contexto; actualidad y relaci\u00f3n con otras posiciones filos\u00f3ficas).<\/p>\n<p>Enlace a cr\u00edticas u otros:<\/p>\n<ul>\n<li><a href=\"http:\/\/www.letraaurea.es\/catelecon.php?idElegen=4\" target=\"_blank\" rel=\"noopener\">Presentaci\u00f3n<\/a><\/li>\n<\/ul>\n","protected":false},"excerpt":{"rendered":"<p class=\"Formatolibre\"><span lang=\"ES-TRAD\" style=\"font-weight: normal;\">Libro de uso acad\u00e9mico del nivel de 2\u00ba de Bachillerato para la materia de Filosof\u00eda.<\/span><\/p>\n","protected":false},"featured_media":13623,"template":"","meta":{"_et_pb_use_builder":"","_et_pb_old_content":"","_et_gb_content_width":""},"product_brand":[],"product_cat":[81,85,167],"product_tag":[],"class_list":{"0":"post-13853","1":"product","2":"type-product","3":"status-publish","4":"has-post-thumbnail","6":"product_cat-libros-de-uso-academico","7":"product_cat-filosofia-y-ciudadania","8":"product_cat-filosofia-segundo-de-bachillerato","10":"first","11":"instock","12":"purchasable","13":"product-type-simple"},"_links":{"self":[{"href":"https:\/\/editorialalegoria.com\/web\/wp-json\/wp\/v2\/product\/13853","targetHints":{"allow":["GET"]}}],"collection":[{"href":"https:\/\/editorialalegoria.com\/web\/wp-json\/wp\/v2\/product"}],"about":[{"href":"https:\/\/editorialalegoria.com\/web\/wp-json\/wp\/v2\/types\/product"}],"wp:featuredmedia":[{"embeddable":true,"href":"https:\/\/editorialalegoria.com\/web\/wp-json\/wp\/v2\/media\/13623"}],"wp:attachment":[{"href":"https:\/\/editorialalegoria.com\/web\/wp-json\/wp\/v2\/media?parent=13853"}],"wp:term":[{"taxonomy":"product_brand","embeddable":true,"href":"https:\/\/editorialalegoria.com\/web\/wp-json\/wp\/v2\/product_brand?post=13853"},{"taxonomy":"product_cat","embeddable":true,"href":"https:\/\/editorialalegoria.com\/web\/wp-json\/wp\/v2\/product_cat?post=13853"},{"taxonomy":"product_tag","embeddable":true,"href":"https:\/\/editorialalegoria.com\/web\/wp-json\/wp\/v2\/product_tag?post=13853"}],"curies":[{"name":"wp","href":"https:\/\/api.w.org\/{rel}","templated":true}]}}