{"id":13854,"date":"2021-03-11T15:16:00","date_gmt":"2021-03-11T14:16:00","guid":{"rendered":"http:\/\/editorialalegoria.com\/web\/producto\/ocho-filosofos-pau-andalucia\/"},"modified":"2024-09-04T10:23:35","modified_gmt":"2024-09-04T08:23:35","slug":"ocho-filosofos-pau-andalucia","status":"publish","type":"product","link":"https:\/\/editorialalegoria.com\/web\/libro\/ocho-filosofos-pau-andalucia\/","title":{"rendered":"Ocho fil\u00f3sofos. PAU Andaluc\u00eda"},"content":{"rendered":"<p>Estos son los nuevos textos para la Selectividad 2012-2013:<\/p>\n<p><strong>L\u00ednea ontoepistemol\u00f3gica:<\/strong><\/p>\n<ul>\n<li>PLAT\u00d3N, Rep\u00fablica, libro VII, 514a1-517c1.<br \/>\nDESCARTES, R. Discurso del M\u00e9todo, Segunda parte (p\u00e1rrafos seleccionados) y IV parte completa.<br \/>\nNIETSZCHE, F. El Crep\u00fasculo de los \u00cddolos, \u00abLa Raz\u00f3n en la Filosof\u00eda\u00bb.<br \/>\nORTEGA Y GASSET, J. El Tema de Nuestro Tiempo, \u00abLa Doctrina del Punto de Vista\u00bb.<\/li>\n<\/ul>\n<p><strong>L\u00ednea \u00e9tico-pol\u00edtica:<\/strong><\/p>\n<ul>\n<li>TOM\u00c1S DE AQUINO, Suma Teol\u00f3gica, I-II, cuesti\u00f3n 94, art. 2.<br \/>\nKANT, I. \u00abContestaci\u00f3n a la pregunta: \u00bfQu\u00e9 es la Ilustraci\u00f3n?\u00bb, en \u00bfQu\u00e9 es la Ilustraci\u00f3n?<br \/>\nMARX, K. Manuscritos de Econom\u00eda y Filosof\u00eda.<br \/>\nRAWLS, J. La justicia como equidad. Una reformulaci\u00f3n.<\/li>\n<\/ul>\n<p>En el nuevo Ocho fil\u00f3sofos. PAU Andaluc\u00eda nuestros autores han analizado en profundidad los nuevos textos y han realizado, en la mayor\u00eda de los casos, una labor intensa de revisi\u00f3n y mejora de los textos que se mantienen.<\/p>\n","protected":false},"excerpt":{"rendered":"<p><span data-sheets-value=\"{&quot;1&quot;:2,&quot;2&quot;:&quot;An\u00e1lisis pormenorizado de los 8 textos que propone la Ponencia de Selectividad en Andaluc\u00eda, resolviendo exhaustivamente cada una de las preguntas de la Prueba de Acceso a la Universidad (PAU) de la asignatura Historia de la Filosof\u00eda (contexto, comentario de texto; vocabulario, relaci\u00f3n con otros autores y vigencia).&quot;}\" data-sheets-userformat=\"{&quot;2&quot;:15297,&quot;3&quot;:{&quot;1&quot;:0},&quot;9&quot;:0,&quot;10&quot;:0,&quot;11&quot;:4,&quot;12&quot;:0,&quot;14&quot;:[null,2,16711680],&quot;15&quot;:&quot;Arial&quot;,&quot;16&quot;:10}\">An\u00e1lisis pormenorizado de los 8 textos que propone la Ponencia de Selectividad en Andaluc\u00eda, resolviendo exhaustivamente cada una de las preguntas de la Prueba de Acceso a la Universidad (PAU) de la asignatura Historia de la Filosof\u00eda (contexto, comentario de texto; vocabulario, relaci\u00f3n con otros autores y vigencia).<\/span><\/p>\n","protected":false},"featured_media":13624,"template":"","meta":{"_et_pb_use_builder":"","_et_pb_old_content":"","_et_gb_content_width":""},"product_brand":[],"product_cat":[81,85,167],"product_tag":[],"class_list":{"0":"post-13854","1":"product","2":"type-product","3":"status-publish","4":"has-post-thumbnail","6":"product_cat-libros-de-uso-academico","7":"product_cat-filosofia-y-ciudadania","8":"product_cat-filosofia-segundo-de-bachillerato","10":"first","11":"instock","12":"purchasable","13":"product-type-simple"},"_links":{"self":[{"href":"https:\/\/editorialalegoria.com\/web\/wp-json\/wp\/v2\/product\/13854","targetHints":{"allow":["GET"]}}],"collection":[{"href":"https:\/\/editorialalegoria.com\/web\/wp-json\/wp\/v2\/product"}],"about":[{"href":"https:\/\/editorialalegoria.com\/web\/wp-json\/wp\/v2\/types\/product"}],"wp:featuredmedia":[{"embeddable":true,"href":"https:\/\/editorialalegoria.com\/web\/wp-json\/wp\/v2\/media\/13624"}],"wp:attachment":[{"href":"https:\/\/editorialalegoria.com\/web\/wp-json\/wp\/v2\/media?parent=13854"}],"wp:term":[{"taxonomy":"product_brand","embeddable":true,"href":"https:\/\/editorialalegoria.com\/web\/wp-json\/wp\/v2\/product_brand?post=13854"},{"taxonomy":"product_cat","embeddable":true,"href":"https:\/\/editorialalegoria.com\/web\/wp-json\/wp\/v2\/product_cat?post=13854"},{"taxonomy":"product_tag","embeddable":true,"href":"https:\/\/editorialalegoria.com\/web\/wp-json\/wp\/v2\/product_tag?post=13854"}],"curies":[{"name":"wp","href":"https:\/\/api.w.org\/{rel}","templated":true}]}}