{"id":13855,"date":"2021-03-11T15:16:20","date_gmt":"2021-03-11T14:16:20","guid":{"rendered":"http:\/\/editorialalegoria.com\/web\/producto\/opera-heretica\/"},"modified":"2024-07-10T14:04:00","modified_gmt":"2024-07-10T12:04:00","slug":"opera-heretica","status":"publish","type":"product","link":"https:\/\/editorialalegoria.com\/web\/libro\/opera-heretica\/","title":{"rendered":"\u00d3pera her\u00e9tica"},"content":{"rendered":"<p>\u00bfQui\u00e9n es fray Josepho? S\u00f3lo se conoce de \u00e9l su obra: poemas sat\u00edricos publicados en la revista virtual www.docencia.com y, hasta hace poco, en la revista \u00c9poca. No cabe, pues, discutir acerca de su personalidad m\u00e1s que a trav\u00e9s de lo \u00fanico que \u00e9l deja ver: su verbo \u00e1cido y afilado, su m\u00e9trica perfecta, su erudici\u00f3n po\u00e9tica y su habilidad fuera de serie para la escritura.<\/p>\n<p>\u00d3pera her\u00e9tica es, en primer lugar, un libro de poes\u00eda; pero es simult\u00e1neamente la cr\u00f3nica angulada e hirviente de nuestro mundo, de sus obras y, sobre todo, de sus pompas. De la copla al soneto, del romance a la cuaderna v\u00eda, no hay forma po\u00e9tica que no le pida a fray Josepho su argumento y su personaje, personaje que nunca es, por cierto, h\u00e9roe de andanzas ecuestres o de legendarias haza\u00f1as: vale la lectura de esta obra por la de mil peri\u00f3dicos de actualidad, o quiz\u00e1 vale m\u00e1s, porque muestra lo que las premuras period\u00edsticas no permiten. Ha percibido el autor las subterr\u00e1neas comunicaciones entre unos y otros personajes, las compa\u00f1\u00edas m\u00e1s o menos secretas de unos y otros asuntos de nuestra sociedad, y as\u00ed re\u00fane en cap\u00edtulos su material: De dextra manu, De sinistra manu (en los que hace presa en los politiqueos, naturalmente), o De re docente et calamitate logsiana, el m\u00e1s extenso y probablemente intenso en su cr\u00edtica, que se hace definitivamente abierta y partidaria: partidaria de la ense\u00f1anza, de la cultura, del sentido com\u00fan y de la raz\u00f3n. \u00bfRaz\u00f3n proclamada por un sat\u00edrico? Precisamente ah\u00ed radica la fuerza de la s\u00e1tira po\u00e9tica espa\u00f1ola, que tiene en fray Josepho el mejor de los relevos: descuartiza en risas al infame, al injusto o al simplemente irracional; se\u00f1ala el absurdo, el abuso o el rid\u00edculo y construye con sus malicias el muro que contendr\u00e1 la inundaci\u00f3n.<\/p>\n<p>El sat\u00edrico no puede disimular, y no disimula fray Josepho: \u00abse moja\u00bb, como se suele decir, y a ninguno se le escapa su aversi\u00f3n al cursi desvar\u00edo: De fictis nationibus et satrapis periferiae es el t\u00edtulo m\u00e1s o menos macarr\u00f3nico, o quiz\u00e1 simplemente barroco, de un primer cap\u00edtulo a partir del cual el lector ya sabe d\u00f3nde se est\u00e1 metiendo: c\u00f3mo va a haber reverencias y genuflexiones, remilgos o beater\u00edas en la estirpe quevedesca. A partir de ah\u00ed, el vuelo del poeta coge altura y va eligiendo sus presas con vista de \u00e1guila y nada ni nadie se salva de sus garras, y por ese motivo todos le achacar\u00e1n, como se suele, la pertenencia a bandos y trincheras ajenos. No hay como alejarse de cualquiera de estos para percibir que fray Josepho y su obra son solamente ellos mismos, que no se casan con nadie, y que as\u00ed se naturaliza en ese territorio tan nuestro y a menudo tan abandonado que es el de la poes\u00eda sat\u00edrica. Alcanzar esta naturalizaci\u00f3n no es suceso balad\u00ed, pues exige todo lo dicho y adem\u00e1s calidad, y en muy rara ocasi\u00f3n se puede afirmar, como en esta, que por fin ha aparecido un heredero digno: fray Josepho.<br \/>\nFray Josepho se cachondea del papanatismo cultural, de lo pol\u00edticamente correcto, de las moditas y las resignaciones. Su vena sat\u00edrica hierve de ira cuando los c\u00f3mplices del terrorismo ocupan las s\u00edlabas de sus versos. Bueno es anunciar que Juan P\u00e9rez-Creus tiene sucesor en el trono epigram\u00e1tico. (ABC, 17 DE DICIEMBRE DE 2000. \u00abSAT\u00cdRICO\u00bb, DE ALFONSO USS\u00cdA)<\/p>\n<p>Es, en primer lugar, un libro de poes\u00eda; pero es simult\u00e1neamente la cr\u00f3nica angulada e hirviente de nuestro mundo, de sus obras y sobre todo de sus pompas (&#8230;). Vale la lectura de esta obra por la de mil peri\u00f3dicos de actualidad, o quiz\u00e1 vale m\u00e1s, porque muestra lo que las premuras period\u00edsticas no permiten.(RESE\u00d1A. BOLET\u00cdN DEL COLEGIO DE DOCTORES Y LICENCIADOS)<\/p>\n","protected":false},"excerpt":{"rendered":"<p>Libro de poes\u00eda y cr\u00f3nica angulada e hirviente de nuestro mundo, de sus obras y sobre todo de sus pompas.<\/p>\n","protected":false},"featured_media":13625,"template":"","meta":{"_et_pb_use_builder":"","_et_pb_old_content":"","_et_gb_content_width":""},"product_brand":[],"product_cat":[82,89],"product_tag":[],"class_list":{"0":"post-13855","1":"product","2":"type-product","3":"status-publish","4":"has-post-thumbnail","6":"product_cat-fondo-editorial","7":"product_cat-lirica","9":"first","10":"outofstock","11":"purchasable","12":"product-type-simple"},"_links":{"self":[{"href":"https:\/\/editorialalegoria.com\/web\/wp-json\/wp\/v2\/product\/13855","targetHints":{"allow":["GET"]}}],"collection":[{"href":"https:\/\/editorialalegoria.com\/web\/wp-json\/wp\/v2\/product"}],"about":[{"href":"https:\/\/editorialalegoria.com\/web\/wp-json\/wp\/v2\/types\/product"}],"wp:featuredmedia":[{"embeddable":true,"href":"https:\/\/editorialalegoria.com\/web\/wp-json\/wp\/v2\/media\/13625"}],"wp:attachment":[{"href":"https:\/\/editorialalegoria.com\/web\/wp-json\/wp\/v2\/media?parent=13855"}],"wp:term":[{"taxonomy":"product_brand","embeddable":true,"href":"https:\/\/editorialalegoria.com\/web\/wp-json\/wp\/v2\/product_brand?post=13855"},{"taxonomy":"product_cat","embeddable":true,"href":"https:\/\/editorialalegoria.com\/web\/wp-json\/wp\/v2\/product_cat?post=13855"},{"taxonomy":"product_tag","embeddable":true,"href":"https:\/\/editorialalegoria.com\/web\/wp-json\/wp\/v2\/product_tag?post=13855"}],"curies":[{"name":"wp","href":"https:\/\/api.w.org\/{rel}","templated":true}]}}