{"id":13856,"date":"2021-03-11T15:16:20","date_gmt":"2021-03-11T14:16:20","guid":{"rendered":"http:\/\/editorialalegoria.com\/web\/producto\/pebau-historia-de-la-filosofia-andalucia\/"},"modified":"2024-09-04T10:23:35","modified_gmt":"2024-09-04T08:23:35","slug":"pebau-historia-de-la-filosofia-andalucia","status":"publish","type":"product","link":"https:\/\/editorialalegoria.com\/web\/libro\/pebau-historia-de-la-filosofia-andalucia\/","title":{"rendered":"PEBAU. Historia de la Filosof\u00eda. Andaluc\u00eda"},"content":{"rendered":"<p><strong>La estructura de la prueba (hay cambios)<\/strong><\/p>\n<ul>\n<li>El examen propone dos textos, de los cuales el alumno debe elegir uno. La prueba consta de seis preguntas relacionadas con el texto elegido:<\/li>\n<li>Contexto filos\u00f3fico-cultural: 1,5 puntos.<\/li>\n<li>Identificaci\u00f3n y explicaci\u00f3n del contenido del texto: 2 puntos.<\/li>\n<li>Justificaci\u00f3n del texto desde la posici\u00f3n filos\u00f3fica del autor: 2,5 puntos.<\/li>\n<li>Relaci\u00f3n del tema o el autor con una posici\u00f3n filos\u00f3fica contempor\u00e1nea: 2 puntos.<\/li>\n<li>Valoraci\u00f3n de la actualidad del tema o el autor: 1 punto.<\/li>\n<li>Una pregunta semiabierta sobre ideas b\u00e1sicas del otro autor de referencia: 1 punto.<\/li>\n<\/ul>\n<p><strong>Los principales cambios en la estructura de la prueba son los siguientes:<\/strong><\/p>\n<ul>\n<li>Se suprime la definici\u00f3n de t\u00e9rminos.<\/li>\n<li>Se suprime el contexto hist\u00f3rico.<\/li>\n<li>La relaci\u00f3n ha de ser necesariamente con una posici\u00f3n filos\u00f3fica contempor\u00e1nea.<\/li>\n<li>Aparece una pregunta nueva que solicita completar frases sobre un fil\u00f3sofo de otro periodo hist\u00f3rico.<\/li>\n<\/ul>\n<p><strong>Los textos<\/strong><\/p>\n<p>Los textos elegidos son cuatro de los ya vigentes hasta ahora (en el examen solo entran fragmentos):<\/p>\n<p style=\"padding-left: 40px;\"><strong>Bloque I (l\u00ednea onto-epist\u00e9mica)<\/strong><\/p>\n<ul>\n<li style=\"list-style-type: none;\">\n<ul>\n<li>Plat\u00f3n, Rep\u00fablica, Libro VII, 514a1-517c1.<\/li>\n<li>Descartes, R. Discurso del M\u00e9todo. Parte II (selecci\u00f3n) y Parte IV .<\/li>\n<\/ul>\n<\/li>\n<\/ul>\n<p style=\"padding-left: 40px;\"><strong>Bloque II (l\u00ednea \u00e9tico-pol\u00edtica)<\/strong><\/p>\n<ul>\n<li style=\"list-style-type: none;\">\n<ul>\n<li>Tom\u00e1s de Aquino, Suma Teol\u00f3gica, I-II, cuesti\u00f3n 94, art.2.<\/li>\n<li>Kant, I. \u201cContestaci\u00f3n a la pregunta: \u00bfQu\u00e9 es la Ilustraci\u00f3n?\u201d, en \u00bfQu\u00e9 es la Ilustraci\u00f3n?<\/li>\n<\/ul>\n<\/li>\n<\/ul>\n<p>Los libros de Editorial Alegor\u00eda en el \u00e1rea de Filosof\u00eda han obtenido un general reconocimiento por parte del profesorado y, en lo relativo a la prueba de Selectividad de Filosof\u00eda, es la marca l\u00edder desde hace una d\u00e9cada. Avalados por esta experiencia, presentamos ahora el libro que resuelve \u00edntegramente todas las cuestiones de la nueva prueba. Con un estilo \u00e1gil, pr\u00e1ctico y claro, permite afrontar con solvencia y las mejores perspectivas de \u00e9xito las dificultades que presenta el nuevo examen.<\/p>\n<p>Los libros estar\u00e1n disponibles a partir del 5 de marzo. Sin embargo, usted puede adquirirlo ya en nuestra web con un 5% de descuento y gastos de env\u00edo gratis antes del 5 de marzo (aunque solo compre 1 ejemplar).<\/p>\n<p>\u00a1C\u00f3mprelo ahora y sea el primero en recibirlo!<\/p>\n<p><strong>OFERTA PARA CENTROS EDUCATIVOS POR COMPRAS DIRECTAS EN LA WEB (tiempo indefinido)<\/strong><\/p>\n<p>Si has elegido PEBAU Andaluc\u00eda. Historia de la Filosof\u00eda para utilizar como material con tus alumnos, puedes ponerte en contacto con nosotros y aprovechar estos descuentos, comprando directamente desde el centro escolar:<\/p>\n<p>Comprando<\/p>\n<p>5 ejemplares o m\u00e1s&#8230;&#8230;&#8230;&#8230;&#8230;&#8230;&#8230;&#8230;&#8230;&#8230;&#8230;&#8230;..-5% de descuento.<\/p>\n<p>10 ejemplares o m\u00e1s&#8230;&#8230;&#8230;&#8230;&#8230;&#8230;&#8230;.-10% de descuento.<\/p>\n<p>Si \u00fanicamente desea recibir informaci\u00f3n sobre el nuevo manual o sobre la nueva prueba de acceso a a la universidad, no tiene m\u00e1s que escribirnos a <a href=\"mailto:comunicacion@editorialalegoria.com\" target=\"_blank\" rel=\"noopener\">comunicacion@editorialalegoria.com<\/a> y le mantendremos informado.<\/p>\n","protected":false},"excerpt":{"rendered":"<p>El presente manual resuelve todas las cuestiones de la nueva prueba de evaluaci\u00f3n y acceso a la universidad.<\/p>\n<p>Adem\u00e1s, incluye cuatro ex\u00e1menes resueltos, uno por cada autor.<\/p>\n<p>Totalmente adaptado a la PEBAU.<\/p>\n","protected":false},"featured_media":13626,"template":"","meta":{"_et_pb_use_builder":"","_et_pb_old_content":"","_et_gb_content_width":""},"product_brand":[],"product_cat":[81,85,167],"product_tag":[],"class_list":{"0":"post-13856","1":"product","2":"type-product","3":"status-publish","4":"has-post-thumbnail","6":"product_cat-libros-de-uso-academico","7":"product_cat-filosofia-y-ciudadania","8":"product_cat-filosofia-segundo-de-bachillerato","10":"first","11":"instock","12":"purchasable","13":"product-type-simple"},"_links":{"self":[{"href":"https:\/\/editorialalegoria.com\/web\/wp-json\/wp\/v2\/product\/13856","targetHints":{"allow":["GET"]}}],"collection":[{"href":"https:\/\/editorialalegoria.com\/web\/wp-json\/wp\/v2\/product"}],"about":[{"href":"https:\/\/editorialalegoria.com\/web\/wp-json\/wp\/v2\/types\/product"}],"wp:featuredmedia":[{"embeddable":true,"href":"https:\/\/editorialalegoria.com\/web\/wp-json\/wp\/v2\/media\/13626"}],"wp:attachment":[{"href":"https:\/\/editorialalegoria.com\/web\/wp-json\/wp\/v2\/media?parent=13856"}],"wp:term":[{"taxonomy":"product_brand","embeddable":true,"href":"https:\/\/editorialalegoria.com\/web\/wp-json\/wp\/v2\/product_brand?post=13856"},{"taxonomy":"product_cat","embeddable":true,"href":"https:\/\/editorialalegoria.com\/web\/wp-json\/wp\/v2\/product_cat?post=13856"},{"taxonomy":"product_tag","embeddable":true,"href":"https:\/\/editorialalegoria.com\/web\/wp-json\/wp\/v2\/product_tag?post=13856"}],"curies":[{"name":"wp","href":"https:\/\/api.w.org\/{rel}","templated":true}]}}