{"id":13857,"date":"2021-03-11T15:16:20","date_gmt":"2021-03-11T14:16:20","guid":{"rendered":"http:\/\/editorialalegoria.com\/web\/producto\/perros-del-desierto\/"},"modified":"2023-08-29T10:42:26","modified_gmt":"2023-08-29T08:42:26","slug":"perros-del-desierto","status":"publish","type":"product","link":"https:\/\/editorialalegoria.com\/web\/libro\/perros-del-desierto\/","title":{"rendered":"Perros del desierto"},"content":{"rendered":"<p>La ec\u00f3loga terrestre Claire To es enviada a un \u00e1rido e inh\u00f3spito planeta situado en uno de los extremos de la galaxia para inventariar las diversas estaciones climatol\u00f3gicas all\u00ed situadas, abandonadas en su mayor\u00eda a las arenas del desierto. El sargento Raimundo Cruz, de la Oficina de Seguridad Colonial, ser\u00e1 el encargado de acompa\u00f1ar y velar por la seguridad de la cient\u00edfica durante su estancia all\u00ed, un ejemplo de la colonizaci\u00f3n fallida por parte del ser humano, un despojo de civilizaci\u00f3n.<\/p>\n<p>Mientras tanto, en los profundos arenales del planeta surge la figura m\u00edtica del conocido como \u201chombre del desierto\u201d, un personaje misterioso y esquivo que ha conseguido reunir en torno a s\u00ed a un peque\u00f1o ej\u00e9rcito de fieles fan\u00e1ticos extremadamente violentos y sin un objetivo claro. Pronto el sargento Cruz descubrir\u00e1 que las intenciones de la ec\u00f3loga no son exactamente las que parec\u00edan y se encontrar\u00e1 inmerso en un viaje inesperado y peligroso por las interminables arenas del desierto, donde las manadas\u00a0de perros salvajes esperan su oportunidad para saciar su sed de sangre.<\/p>\n","protected":false},"excerpt":{"rendered":"<p>Novela Pulp sobre un personaje misterioso a trav\u00e9s del cual se exploran los l\u00edmites de la violencia. Pertenece a la colecci\u00f3n Memento Mori.<\/p>\n","protected":false},"featured_media":13627,"template":"","meta":{"_et_pb_use_builder":"","_et_pb_old_content":"","_et_gb_content_width":""},"product_brand":[],"product_cat":[82,88,149],"product_tag":[],"class_list":{"0":"post-13857","1":"product","2":"type-product","3":"status-publish","4":"has-post-thumbnail","6":"product_cat-fondo-editorial","7":"product_cat-narrativa","8":"product_cat-novela-pulp","10":"first","11":"instock","12":"purchasable","13":"product-type-simple"},"_links":{"self":[{"href":"https:\/\/editorialalegoria.com\/web\/wp-json\/wp\/v2\/product\/13857","targetHints":{"allow":["GET"]}}],"collection":[{"href":"https:\/\/editorialalegoria.com\/web\/wp-json\/wp\/v2\/product"}],"about":[{"href":"https:\/\/editorialalegoria.com\/web\/wp-json\/wp\/v2\/types\/product"}],"wp:featuredmedia":[{"embeddable":true,"href":"https:\/\/editorialalegoria.com\/web\/wp-json\/wp\/v2\/media\/13627"}],"wp:attachment":[{"href":"https:\/\/editorialalegoria.com\/web\/wp-json\/wp\/v2\/media?parent=13857"}],"wp:term":[{"taxonomy":"product_brand","embeddable":true,"href":"https:\/\/editorialalegoria.com\/web\/wp-json\/wp\/v2\/product_brand?post=13857"},{"taxonomy":"product_cat","embeddable":true,"href":"https:\/\/editorialalegoria.com\/web\/wp-json\/wp\/v2\/product_cat?post=13857"},{"taxonomy":"product_tag","embeddable":true,"href":"https:\/\/editorialalegoria.com\/web\/wp-json\/wp\/v2\/product_tag?post=13857"}],"curies":[{"name":"wp","href":"https:\/\/api.w.org\/{rel}","templated":true}]}}