{"id":13858,"date":"2021-03-11T15:16:20","date_gmt":"2021-03-11T14:16:20","guid":{"rendered":"http:\/\/editorialalegoria.com\/web\/producto\/planto-de-gilgames\/"},"modified":"2023-08-29T10:42:25","modified_gmt":"2023-08-29T08:42:25","slug":"planto-de-gilgames","status":"publish","type":"product","link":"https:\/\/editorialalegoria.com\/web\/libro\/planto-de-gilgames\/","title":{"rendered":"Planto de Gilgame\u0161"},"content":{"rendered":"<p>El amor termina en luto. La muerte es la forma m\u00e1s rotunda de estar ausente. Y hay un h\u00e9roe en una leyenda sumeria que quer\u00eda vencer a la muerte. Ese era Gilgame\u0161.<\/p>\n<p>\u00abUna extensa eleg\u00eda, un r\u00edo caudal que mana del dolor, de la experiencia lacerante de la p\u00e9rdida, de la conciencia onerosa del despojamiento\u2026\u00bb (Miguel Flori\u00e1n)<\/p>\n","protected":false},"excerpt":{"rendered":"<p><span data-sheets-value=\"{&quot;1&quot;:2,&quot;2&quot;:&quot;Desgarrador poemario que introduce al lector en las apasionates garras del amor y el dolor&quot;}\" data-sheets-userformat=\"{&quot;2&quot;:15297,&quot;3&quot;:{&quot;1&quot;:0},&quot;9&quot;:0,&quot;10&quot;:0,&quot;11&quot;:4,&quot;12&quot;:0,&quot;14&quot;:[null,2,16711680],&quot;15&quot;:&quot;Arial&quot;,&quot;16&quot;:10}\">Desgarrador poemario que introduce al lector en las apasionantes garras del amor y el dolor.<\/span><\/p>\n","protected":false},"featured_media":13628,"template":"","meta":{"_et_pb_use_builder":"","_et_pb_old_content":"","_et_gb_content_width":""},"product_brand":[],"product_cat":[82,89],"product_tag":[],"class_list":{"0":"post-13858","1":"product","2":"type-product","3":"status-publish","4":"has-post-thumbnail","6":"product_cat-fondo-editorial","7":"product_cat-lirica","9":"first","10":"instock","11":"purchasable","12":"product-type-simple"},"_links":{"self":[{"href":"https:\/\/editorialalegoria.com\/web\/wp-json\/wp\/v2\/product\/13858","targetHints":{"allow":["GET"]}}],"collection":[{"href":"https:\/\/editorialalegoria.com\/web\/wp-json\/wp\/v2\/product"}],"about":[{"href":"https:\/\/editorialalegoria.com\/web\/wp-json\/wp\/v2\/types\/product"}],"wp:featuredmedia":[{"embeddable":true,"href":"https:\/\/editorialalegoria.com\/web\/wp-json\/wp\/v2\/media\/13628"}],"wp:attachment":[{"href":"https:\/\/editorialalegoria.com\/web\/wp-json\/wp\/v2\/media?parent=13858"}],"wp:term":[{"taxonomy":"product_brand","embeddable":true,"href":"https:\/\/editorialalegoria.com\/web\/wp-json\/wp\/v2\/product_brand?post=13858"},{"taxonomy":"product_cat","embeddable":true,"href":"https:\/\/editorialalegoria.com\/web\/wp-json\/wp\/v2\/product_cat?post=13858"},{"taxonomy":"product_tag","embeddable":true,"href":"https:\/\/editorialalegoria.com\/web\/wp-json\/wp\/v2\/product_tag?post=13858"}],"curies":[{"name":"wp","href":"https:\/\/api.w.org\/{rel}","templated":true}]}}