{"id":13860,"date":"2021-03-11T15:16:20","date_gmt":"2021-03-11T14:16:20","guid":{"rendered":"http:\/\/editorialalegoria.com\/web\/producto\/poesia-del-27-y-el-36-comentada-garcia-lorca-luis-cernuda-y-miguel-hernandez\/"},"modified":"2024-09-12T14:58:07","modified_gmt":"2024-09-12T12:58:07","slug":"poesia-del-27-y-el-36-comentada-garcia-lorca-luis-cernuda-y-miguel-hernandez","status":"publish","type":"product","link":"https:\/\/editorialalegoria.com\/web\/libro\/poesia-del-27-y-el-36-comentada-garcia-lorca-luis-cernuda-y-miguel-hernandez\/","title":{"rendered":"Poes\u00eda del 27 y el 36 comentada. Garc\u00eda Lorca, Luis Cernuda y Miguel Hern\u00e1ndez"},"content":{"rendered":"<p><em>Poes\u00eda del 27 y el 36 comentada. Garc\u00eda Lorca, Luis Cernuda y Miguel Hern\u00e1ndez<\/em> selecciona lo m\u00e1s distinguido de la obra de estos tres grandes poetas espa\u00f1oles del siglo XX. Con ellos llega a su culmen la Edad de Plata, una \u00e9poca de esplendor literario solo comparable a los Siglos de Oro. Los cincuenta y seis poemas que componen el volumen se comentan verso a verso, se resumen y se destacan aspectos de forma y contenido que permiten entenderlos en su contexto literario, en un momento en el que la poes\u00eda ser\u00e1 la clave de nuestra literatura. El riguroso trabajo de David J. Calzado y Francisco Mart\u00ednez, que a\u00fanan su experiencia docente con un profundo amor por la literatura, parte de la creencia de que s\u00f3lo entendiendo todos y cada uno de los versos podremos valorar y disfrutar las excelencias de esta poes\u00eda.\u00bb<\/p>\n","protected":false},"excerpt":{"rendered":"<p><span data-sheets-value=\"{&quot;1&quot;:2,&quot;2&quot;:&quot;Selecci\u00f3n de 55 poemas del siglo XX originales comentados verso a verso para garantizar su comprensi\u00f3n y disfrute. Dirigido a lectores de poes\u00eda noveles y a profesorado&quot;}\" data-sheets-userformat=\"{&quot;2&quot;:15297,&quot;3&quot;:{&quot;1&quot;:0},&quot;9&quot;:0,&quot;10&quot;:0,&quot;11&quot;:4,&quot;12&quot;:0,&quot;14&quot;:[null,2,16711680],&quot;15&quot;:&quot;Arial&quot;,&quot;16&quot;:10}\">Selecci\u00f3n de 55 poemas del siglo XX originales comentados verso a verso para garantizar su comprensi\u00f3n y disfrute. Dirigido a lectores de poes\u00eda noveles y a profesorado.<\/span><\/p>\n","protected":false},"featured_media":222366,"template":"","meta":{"_et_pb_use_builder":"","_et_pb_old_content":"","_et_gb_content_width":""},"product_brand":[],"product_cat":[81,84,152],"product_tag":[169],"class_list":{"0":"post-13860","1":"product","2":"type-product","3":"status-publish","4":"has-post-thumbnail","6":"product_cat-libros-de-uso-academico","7":"product_cat-lengua-castellana-y-literatura","8":"product_cat-poesias-comentadas","9":"product_tag-recomendado","10":"product_shipping_class-standard-shipping","12":"first","13":"instock","14":"purchasable","15":"product-type-simple"},"_links":{"self":[{"href":"https:\/\/editorialalegoria.com\/web\/wp-json\/wp\/v2\/product\/13860","targetHints":{"allow":["GET"]}}],"collection":[{"href":"https:\/\/editorialalegoria.com\/web\/wp-json\/wp\/v2\/product"}],"about":[{"href":"https:\/\/editorialalegoria.com\/web\/wp-json\/wp\/v2\/types\/product"}],"wp:featuredmedia":[{"embeddable":true,"href":"https:\/\/editorialalegoria.com\/web\/wp-json\/wp\/v2\/media\/222366"}],"wp:attachment":[{"href":"https:\/\/editorialalegoria.com\/web\/wp-json\/wp\/v2\/media?parent=13860"}],"wp:term":[{"taxonomy":"product_brand","embeddable":true,"href":"https:\/\/editorialalegoria.com\/web\/wp-json\/wp\/v2\/product_brand?post=13860"},{"taxonomy":"product_cat","embeddable":true,"href":"https:\/\/editorialalegoria.com\/web\/wp-json\/wp\/v2\/product_cat?post=13860"},{"taxonomy":"product_tag","embeddable":true,"href":"https:\/\/editorialalegoria.com\/web\/wp-json\/wp\/v2\/product_tag?post=13860"}],"curies":[{"name":"wp","href":"https:\/\/api.w.org\/{rel}","templated":true}]}}