{"id":13861,"date":"2021-03-11T15:16:20","date_gmt":"2021-03-11T14:16:20","guid":{"rendered":"http:\/\/editorialalegoria.com\/web\/producto\/poesia-medieval-comentada-narrativa-y-lirica\/"},"modified":"2024-09-12T14:58:07","modified_gmt":"2024-09-12T12:58:07","slug":"poesia-medieval-comentada-narrativa-y-lirica","status":"publish","type":"product","link":"https:\/\/editorialalegoria.com\/web\/libro\/poesia-medieval-comentada-narrativa-y-lirica\/","title":{"rendered":"Poes\u00eda Medieval comentada. Narrativa y L\u00edrica"},"content":{"rendered":"","protected":false},"excerpt":{"rendered":"","protected":false},"featured_media":13631,"template":"","meta":{"_et_pb_use_builder":"","_et_pb_old_content":"Este volumen consta de 100 textos comentados, tanto l\u00edricos como narrativos. En algunos casos, vienen actualizados al castellano actual (adem\u00e1s del original). Una herramienta \u00fatil y amena para introducirse en la literatura medieval.","_et_gb_content_width":""},"product_brand":[],"product_cat":[81,84,152],"product_tag":[169],"class_list":{"0":"post-13861","1":"product","2":"type-product","3":"status-publish","4":"has-post-thumbnail","6":"product_cat-libros-de-uso-academico","7":"product_cat-lengua-castellana-y-literatura","8":"product_cat-poesias-comentadas","9":"product_tag-recomendado","10":"product_shipping_class-standard-shipping","12":"first","13":"instock","14":"purchasable","15":"product-type-simple"},"_links":{"self":[{"href":"https:\/\/editorialalegoria.com\/web\/wp-json\/wp\/v2\/product\/13861","targetHints":{"allow":["GET"]}}],"collection":[{"href":"https:\/\/editorialalegoria.com\/web\/wp-json\/wp\/v2\/product"}],"about":[{"href":"https:\/\/editorialalegoria.com\/web\/wp-json\/wp\/v2\/types\/product"}],"wp:featuredmedia":[{"embeddable":true,"href":"https:\/\/editorialalegoria.com\/web\/wp-json\/wp\/v2\/media\/13631"}],"wp:attachment":[{"href":"https:\/\/editorialalegoria.com\/web\/wp-json\/wp\/v2\/media?parent=13861"}],"wp:term":[{"taxonomy":"product_brand","embeddable":true,"href":"https:\/\/editorialalegoria.com\/web\/wp-json\/wp\/v2\/product_brand?post=13861"},{"taxonomy":"product_cat","embeddable":true,"href":"https:\/\/editorialalegoria.com\/web\/wp-json\/wp\/v2\/product_cat?post=13861"},{"taxonomy":"product_tag","embeddable":true,"href":"https:\/\/editorialalegoria.com\/web\/wp-json\/wp\/v2\/product_tag?post=13861"}],"curies":[{"name":"wp","href":"https:\/\/api.w.org\/{rel}","templated":true}]}}