{"id":13862,"date":"2021-03-11T15:16:20","date_gmt":"2021-03-11T14:16:20","guid":{"rendered":"http:\/\/editorialalegoria.com\/web\/producto\/poesia-modernista-y-del-98-comentada-ruben-dario-antonio-machado-y-juan-ramon-jimenez\/"},"modified":"2024-09-12T14:58:07","modified_gmt":"2024-09-12T12:58:07","slug":"poesia-modernista-y-del-98-comentada-ruben-dario-antonio-machado-y-juan-ramon-jimenez","status":"publish","type":"product","link":"https:\/\/editorialalegoria.com\/web\/libro\/poesia-modernista-y-del-98-comentada-ruben-dario-antonio-machado-y-juan-ramon-jimenez\/","title":{"rendered":"Poes\u00eda Modernista y del 98 comentada. Rub\u00e9n Dar\u00edo, Antonio Machado y Juan Ram\u00f3n Jim\u00e9nez"},"content":{"rendered":"<p><em>Poes\u00eda Modernista y del 98 comentada. Rub\u00e9n Dar\u00edo, Antonio Machado y Juan Ram\u00f3n <\/em><em>Jim\u00e9nez<\/em> selecciona lo m\u00e1s distinguido de la obra de estos tres grandes poetas de la \u00e9poca. Los poemas se comentan verso a verso (tal como Machado entend\u00eda la poes\u00eda y la vida), se resumen y se destacan aspectos de forma y contenido que permiten entenderlos en su contexto literario, en un momento donde la poes\u00eda inicia el camino de la modernidad y quiere dar respuesta a profundas inquietudes est\u00e9ticas, sociales y humanas. El trabajo concienzudo de Francisco Mart\u00ednez , David J. Calzado y Luis Miguel Godoy, que a\u00fanan su experiencia docente con un profundo amor por la literatura, parte de la creencia de que solo entendiendo todos y cada uno de los versos se puede llegar a valorar y disfrutar las excelencias de esta poes\u00eda.<\/p>\n","protected":false},"excerpt":{"rendered":"<p>Selecci\u00f3n de 55 poemas originales comentados verso a verso para garantizar su comprensi\u00f3n y disfrute. Dirigido a lectores de poes\u00eda noveles y profesores.<\/p>\n","protected":false},"featured_media":13632,"template":"","meta":{"_et_pb_use_builder":"","_et_pb_old_content":"","_et_gb_content_width":""},"product_brand":[],"product_cat":[81,84,152],"product_tag":[169],"class_list":{"0":"post-13862","1":"product","2":"type-product","3":"status-publish","4":"has-post-thumbnail","6":"product_cat-libros-de-uso-academico","7":"product_cat-lengua-castellana-y-literatura","8":"product_cat-poesias-comentadas","9":"product_tag-recomendado","10":"product_shipping_class-standard-shipping","12":"first","13":"instock","14":"purchasable","15":"product-type-simple"},"_links":{"self":[{"href":"https:\/\/editorialalegoria.com\/web\/wp-json\/wp\/v2\/product\/13862","targetHints":{"allow":["GET"]}}],"collection":[{"href":"https:\/\/editorialalegoria.com\/web\/wp-json\/wp\/v2\/product"}],"about":[{"href":"https:\/\/editorialalegoria.com\/web\/wp-json\/wp\/v2\/types\/product"}],"wp:featuredmedia":[{"embeddable":true,"href":"https:\/\/editorialalegoria.com\/web\/wp-json\/wp\/v2\/media\/13632"}],"wp:attachment":[{"href":"https:\/\/editorialalegoria.com\/web\/wp-json\/wp\/v2\/media?parent=13862"}],"wp:term":[{"taxonomy":"product_brand","embeddable":true,"href":"https:\/\/editorialalegoria.com\/web\/wp-json\/wp\/v2\/product_brand?post=13862"},{"taxonomy":"product_cat","embeddable":true,"href":"https:\/\/editorialalegoria.com\/web\/wp-json\/wp\/v2\/product_cat?post=13862"},{"taxonomy":"product_tag","embeddable":true,"href":"https:\/\/editorialalegoria.com\/web\/wp-json\/wp\/v2\/product_tag?post=13862"}],"curies":[{"name":"wp","href":"https:\/\/api.w.org\/{rel}","templated":true}]}}