{"id":13864,"date":"2021-03-11T15:16:20","date_gmt":"2021-03-11T14:16:20","guid":{"rendered":"http:\/\/editorialalegoria.com\/web\/producto\/practicar-la-filosofia\/"},"modified":"2024-09-12T14:56:41","modified_gmt":"2024-09-12T12:56:41","slug":"practicar-la-filosofia","status":"publish","type":"product","link":"https:\/\/editorialalegoria.com\/web\/libro\/practicar-la-filosofia\/","title":{"rendered":"Practicar la Filosof\u00eda"},"content":{"rendered":"<p>\u00bfEs posible investigar filos\u00f3ficamente mientras tomamos una taza de caf\u00e9? \u00bfDebe salir la Filosof\u00eda de su encierro acad\u00e9mico y de los congresos especializados para poder convertirse en algo m\u00e1s cotidiano, al alcance de cualquier persona?<\/p>\n<p>Este libro se inserta dentro de la corriente denominada <em>Pr\u00e1ctica filos\u00f3fica<\/em>. Recoge, en forma de relato, el contenido de los di\u00e1logos surgidos en los <em>Caf\u00e9s filos\u00f3ficos<\/em> dirigidos por el autor, id\u00f3neos tanto como gu\u00eda de reflexi\u00f3n filos\u00f3fica individual como colectiva (en el contexto del aula).<\/p>\n<p>Se trata de la primera obra escrita en espa\u00f1ol sobre los caf\u00e9s filos\u00f3ficos que tanto est\u00e1n renovando la filosof\u00eda al ponerla al servicio de una ciudadan\u00eda cr\u00edtica.<\/p>\n<p>Quiz\u00e1s, poniendo a la Filosof\u00eda <em>en acci\u00f3n<\/em>, practic\u00e1ndola y mostrando su utilidad para los seres humanos de hoy en d\u00eda, escape alguna vez de las acechanzas pol\u00edticas e ideol\u00f3gicas que amenazan con silenciar su valor.<\/p>\n","protected":false},"excerpt":{"rendered":"<p><span data-sheets-value=\"{&quot;1&quot;:2,&quot;2&quot;:&quot;Este libro recoge, en forma de relato, el contenido de los di\u00e1logos surgidos en los &lt;em&gt;Caf\u00e9s filos\u00f3ficos&lt;\/em&gt; dirigidos por el autor&quot;}\" data-sheets-userformat=\"{&quot;2&quot;:15297,&quot;3&quot;:{&quot;1&quot;:0},&quot;9&quot;:0,&quot;10&quot;:0,&quot;11&quot;:4,&quot;12&quot;:0,&quot;14&quot;:[null,2,16711680],&quot;15&quot;:&quot;Arial&quot;,&quot;16&quot;:10}\">Este libro recoge, en forma de relato, el contenido de los di\u00e1logos surgidos en los <em>Caf\u00e9s filos\u00f3ficos<\/em> dirigidos por el autor<\/span><\/p>\n","protected":false},"featured_media":13634,"template":"","meta":{"_et_pb_use_builder":"","_et_pb_old_content":"","_et_gb_content_width":""},"product_brand":[],"product_cat":[82,90,145],"product_tag":[],"class_list":{"0":"post-13864","1":"product","2":"type-product","3":"status-publish","4":"has-post-thumbnail","6":"product_cat-fondo-editorial","7":"product_cat-ensayo","8":"product_cat-ensayo-pensamiento","9":"product_shipping_class-standard-shipping","11":"first","12":"instock","13":"purchasable","14":"product-type-simple"},"_links":{"self":[{"href":"https:\/\/editorialalegoria.com\/web\/wp-json\/wp\/v2\/product\/13864","targetHints":{"allow":["GET"]}}],"collection":[{"href":"https:\/\/editorialalegoria.com\/web\/wp-json\/wp\/v2\/product"}],"about":[{"href":"https:\/\/editorialalegoria.com\/web\/wp-json\/wp\/v2\/types\/product"}],"wp:featuredmedia":[{"embeddable":true,"href":"https:\/\/editorialalegoria.com\/web\/wp-json\/wp\/v2\/media\/13634"}],"wp:attachment":[{"href":"https:\/\/editorialalegoria.com\/web\/wp-json\/wp\/v2\/media?parent=13864"}],"wp:term":[{"taxonomy":"product_brand","embeddable":true,"href":"https:\/\/editorialalegoria.com\/web\/wp-json\/wp\/v2\/product_brand?post=13864"},{"taxonomy":"product_cat","embeddable":true,"href":"https:\/\/editorialalegoria.com\/web\/wp-json\/wp\/v2\/product_cat?post=13864"},{"taxonomy":"product_tag","embeddable":true,"href":"https:\/\/editorialalegoria.com\/web\/wp-json\/wp\/v2\/product_tag?post=13864"}],"curies":[{"name":"wp","href":"https:\/\/api.w.org\/{rel}","templated":true}]}}