{"id":13866,"date":"2021-03-11T15:16:20","date_gmt":"2021-03-11T14:16:20","guid":{"rendered":"http:\/\/editorialalegoria.com\/web\/producto\/una-bala-a-dios-y-otra-al-diablo\/"},"modified":"2024-09-12T14:41:59","modified_gmt":"2024-09-12T12:41:59","slug":"una-bala-a-dios-y-otra-al-diablo","status":"publish","type":"product","link":"https:\/\/editorialalegoria.com\/web\/libro\/una-bala-a-dios-y-otra-al-diablo\/","title":{"rendered":"Una bala a Dios y otra al Diablo"},"content":{"rendered":"<p>\u00ab<em>No pod\u00eda matar al gato encima de la cama porque era una superficie blanda, al menos eso fue lo que me dije. Lo cog\u00ed de una forma absurda, por las patas traseras, como si fuera un saco de patatas o un conejo muerto. Pero estaba dormido, no muerto, as\u00ed que se revolvi\u00f3 un poco, como en sue\u00f1os. Lo tuve que coger mejor y por un momento pens\u00e9 en abrazarlo fuerte hasta asfixiarlo y luego proceder con el martillo, pero me di asco de m\u00ed mismo por pensar as\u00ed. Visto con perspectiva puede que hubiese sido mejor<\/em>\u00bb.<\/p>\n<p>En el momento en el que Javier tuvo que sacrificar de un modo tan truculento al gato de sus abuelos para poder invocar a un demonio, su vida dejo de ser ni remotamente parecida a lo que hab\u00eda sido hasta entonces. La muerte de su abuela en un accidente le abri\u00f3 la puerta a un mundo oculto lleno de comercio de almas, de demonios y \u00e1ngeles que llegan a acuerdos y de pactos tan antiguos que nadie recuerda su principio.<\/p>\n<p>Javier se lanzar\u00e1 a una carrera alocada para recuperar el alma de su abuela, vendida a un demonio muchos a\u00f1os antes, y descubrir\u00e1 que su propia alma est\u00e1 en juego y que en el submundo de lo sobrenatural y del m\u00e1s all\u00e1 nadie es completamente bueno ni completamente malo. Y tambi\u00e9n que puede ser m\u00e1s interesante ser un buen abogado que un buen exorcista.\u00bb<\/p>\n","protected":false},"excerpt":{"rendered":"<p><span data-sheets-value=\"{&quot;1&quot;:2,&quot;2&quot;:&quot;Novela pulp que nos adentra en un mundo de violencia, exorcismos y sacrificios&quot;}\" data-sheets-userformat=\"{&quot;2&quot;:15297,&quot;3&quot;:{&quot;1&quot;:0},&quot;9&quot;:0,&quot;10&quot;:0,&quot;11&quot;:4,&quot;12&quot;:0,&quot;14&quot;:[null,2,16711680],&quot;15&quot;:&quot;Arial&quot;,&quot;16&quot;:10}\">Novela pulp que nos adentra en un mundo de violencia, exorcismos y sacrificios.<\/span><\/p>\n","protected":false},"featured_media":13636,"template":"","meta":{"_et_pb_use_builder":"","_et_pb_old_content":"","_et_gb_content_width":""},"product_brand":[],"product_cat":[82,88,149],"product_tag":[],"class_list":{"0":"post-13866","1":"product","2":"type-product","3":"status-publish","4":"has-post-thumbnail","6":"product_cat-fondo-editorial","7":"product_cat-narrativa","8":"product_cat-novela-pulp","9":"product_shipping_class-standard-shipping","11":"first","12":"instock","13":"purchasable","14":"product-type-simple"},"_links":{"self":[{"href":"https:\/\/editorialalegoria.com\/web\/wp-json\/wp\/v2\/product\/13866","targetHints":{"allow":["GET"]}}],"collection":[{"href":"https:\/\/editorialalegoria.com\/web\/wp-json\/wp\/v2\/product"}],"about":[{"href":"https:\/\/editorialalegoria.com\/web\/wp-json\/wp\/v2\/types\/product"}],"wp:featuredmedia":[{"embeddable":true,"href":"https:\/\/editorialalegoria.com\/web\/wp-json\/wp\/v2\/media\/13636"}],"wp:attachment":[{"href":"https:\/\/editorialalegoria.com\/web\/wp-json\/wp\/v2\/media?parent=13866"}],"wp:term":[{"taxonomy":"product_brand","embeddable":true,"href":"https:\/\/editorialalegoria.com\/web\/wp-json\/wp\/v2\/product_brand?post=13866"},{"taxonomy":"product_cat","embeddable":true,"href":"https:\/\/editorialalegoria.com\/web\/wp-json\/wp\/v2\/product_cat?post=13866"},{"taxonomy":"product_tag","embeddable":true,"href":"https:\/\/editorialalegoria.com\/web\/wp-json\/wp\/v2\/product_tag?post=13866"}],"curies":[{"name":"wp","href":"https:\/\/api.w.org\/{rel}","templated":true}]}}