{"id":13868,"date":"2021-03-11T15:16:20","date_gmt":"2021-03-11T14:16:20","guid":{"rendered":"http:\/\/editorialalegoria.com\/web\/producto\/viaje-a-traves-de-la-nada\/"},"modified":"2024-09-12T14:56:41","modified_gmt":"2024-09-12T12:56:41","slug":"viaje-a-traves-de-la-nada","status":"publish","type":"product","link":"https:\/\/editorialalegoria.com\/web\/libro\/viaje-a-traves-de-la-nada\/","title":{"rendered":"Viaje a trav\u00e9s de la nada"},"content":{"rendered":"<p><span data-sheets-value=\"{&quot;1&quot;:2,&quot;2&quot;:&quot;De camino a la consulta de psicolog\u00eda en la que trabajo me encontr\u00e9 con una amiga vidente. La vi muy consternada.\\n\\n-\u00bfQu\u00e9 te pasa? -le pregunt\u00e9.\\n\\n-Ha habido un atropello y una persona ha muerto.\\n\\nSe\u00f1al\u00f3 el lugar como si todav\u00eda estuviera contemplando la escena. Luego a\u00f1adi\u00f3:\\n\\n-\u00c9l todav\u00eda no sabe que est\u00e1 muerto. Todos debemos ayudarlo ahora.\\n\\nNo pod\u00eda quitarme de la cabeza c\u00f3mo podr\u00eda hacerlo, as\u00ed que me puse a escribir.\\n\\n&amp;nbsp;\\n\\n\u00bfHay vida despu\u00e9s de la muerte? \u00bfO es la verdadera vida la que nos encontramos despu\u00e9s de morir? \u00bfQu\u00e9 caminos tiene que transitar el alma, o la mente, para regresar a casa? El personaje de esta novela nos guiar\u00e1 hacia ese universo... que no est\u00e1 tan lejos ni tan cerca de como imaginamos. Un thriller inquietante que nos har\u00e1 sentir amor, compasi\u00f3n y calma, mucha calma.&quot;}\" data-sheets-userformat=\"{&quot;2&quot;:15297,&quot;3&quot;:{&quot;1&quot;:0},&quot;9&quot;:0,&quot;10&quot;:0,&quot;11&quot;:4,&quot;12&quot;:0,&quot;14&quot;:[null,2,16711680],&quot;15&quot;:&quot;Arial&quot;,&quot;16&quot;:10}\">De camino a la consulta de psicolog\u00eda en la que trabajo me encontr\u00e9 con una amiga vidente. La vi muy consternada.<\/p>\n<p>-\u00bfQu\u00e9 te pasa? -le pregunt\u00e9.<\/p>\n<p>-Ha habido un atropello y una persona ha muerto.<\/p>\n<p>Se\u00f1al\u00f3 el lugar como si todav\u00eda estuviera contemplando la escena. Luego a\u00f1adi\u00f3:<\/p>\n<p>-\u00c9l todav\u00eda no sabe que est\u00e1 muerto. Todos debemos ayudarlo ahora.<\/p>\n<p>No pod\u00eda quitarme de la cabeza c\u00f3mo podr\u00eda hacerlo, as\u00ed que me puse a escribir.<\/p>\n<p>\u00bfHay vida despu\u00e9s de la muerte? \u00bfO es la verdadera vida la que nos encontramos despu\u00e9s de morir? \u00bfQu\u00e9 caminos tiene que transitar el alma, o la mente, para regresar a casa? El personaje de esta novela nos guiar\u00e1 hacia ese universo&#8230; que no est\u00e1 tan lejos ni tan cerca de como imaginamos. Un thriller inquietante que nos har\u00e1 sentir amor, compasi\u00f3n y calma, mucha calma.<\/span><\/p>\n","protected":false},"excerpt":{"rendered":"<p><span data-sheets-value=\"{&quot;1&quot;:2,&quot;2&quot;:&quot;Novela llena de misterios y animada por una optimista visi\u00f3n de vida tras la muerte&quot;}\" data-sheets-userformat=\"{&quot;2&quot;:15297,&quot;3&quot;:{&quot;1&quot;:0},&quot;9&quot;:0,&quot;10&quot;:0,&quot;11&quot;:4,&quot;12&quot;:0,&quot;14&quot;:[null,2,16711680],&quot;15&quot;:&quot;Arial&quot;,&quot;16&quot;:10}\">Novela llena de misterios y animada por una optimista visi\u00f3n de vida tras la muerte.<\/span><\/p>\n","protected":false},"featured_media":13638,"template":"","meta":{"_et_pb_use_builder":"","_et_pb_old_content":"","_et_gb_content_width":""},"product_brand":[],"product_cat":[82,88,146],"product_tag":[],"class_list":{"0":"post-13868","1":"product","2":"type-product","3":"status-publish","4":"has-post-thumbnail","6":"product_cat-fondo-editorial","7":"product_cat-narrativa","8":"product_cat-narrativa-general","9":"product_shipping_class-standard-shipping","11":"first","12":"instock","13":"purchasable","14":"product-type-simple"},"_links":{"self":[{"href":"https:\/\/editorialalegoria.com\/web\/wp-json\/wp\/v2\/product\/13868","targetHints":{"allow":["GET"]}}],"collection":[{"href":"https:\/\/editorialalegoria.com\/web\/wp-json\/wp\/v2\/product"}],"about":[{"href":"https:\/\/editorialalegoria.com\/web\/wp-json\/wp\/v2\/types\/product"}],"wp:featuredmedia":[{"embeddable":true,"href":"https:\/\/editorialalegoria.com\/web\/wp-json\/wp\/v2\/media\/13638"}],"wp:attachment":[{"href":"https:\/\/editorialalegoria.com\/web\/wp-json\/wp\/v2\/media?parent=13868"}],"wp:term":[{"taxonomy":"product_brand","embeddable":true,"href":"https:\/\/editorialalegoria.com\/web\/wp-json\/wp\/v2\/product_brand?post=13868"},{"taxonomy":"product_cat","embeddable":true,"href":"https:\/\/editorialalegoria.com\/web\/wp-json\/wp\/v2\/product_cat?post=13868"},{"taxonomy":"product_tag","embeddable":true,"href":"https:\/\/editorialalegoria.com\/web\/wp-json\/wp\/v2\/product_tag?post=13868"}],"curies":[{"name":"wp","href":"https:\/\/api.w.org\/{rel}","templated":true}]}}