{"id":13870,"date":"2021-03-11T15:16:20","date_gmt":"2021-03-11T14:16:20","guid":{"rendered":"http:\/\/editorialalegoria.com\/web\/producto\/vuelo-cancelado\/"},"modified":"2024-09-12T14:56:42","modified_gmt":"2024-09-12T12:56:42","slug":"vuelo-cancelado","status":"publish","type":"product","link":"https:\/\/editorialalegoria.com\/web\/libro\/vuelo-cancelado\/","title":{"rendered":"Vuelo cancelado"},"content":{"rendered":"<p>Hace ya varias d\u00e9cadas, C.P. Snow public\u00f3 el art\u00edculo Las dos culturas, en el que expresaba el abismo de incomprensi\u00f3n que existe en la actualidad entre el \u00e1mbito cient\u00edfico y el human\u00edstico.<\/p>\n<p>Una de las caracter\u00edsticas principales de la trayectoria intelectual del profesor Jos\u00e9 Mar\u00eda Delgado es precisamente la de ser adalid de una tercera cultura reconciliadora de \u201cletras\u201d y \u201cciencias\u201d. Investigador de pura cepa (autor de numerosas obras de referencia y director de un prestigioso equipo de investigaci\u00f3n en la Universidad Pablo de Olavide), es adem\u00e1s responsable de obras de divulgaci\u00f3n cient\u00edfica escritas desde una actitud de fecunda apertura a la filosof\u00eda y la literatura. Ahora, en este libro, nos revela su fina sensibilidad hacia la palabra po\u00e9tica. En la estela de los presocr\u00e1ticos, Leonardo, Cartesio, Leibniz, Swendenborg, Schr\u00f6dinger o su admirado Ram\u00f3n y Cajal, el profesor Jos\u00e9 Mar\u00eda Delgado se inserta en una tradici\u00f3n del pasado que posee mucho futuro \u2013o, al menos, eso nos gustar\u00eda pensar. Seg\u00fan esta tradici\u00f3n, la creaci\u00f3n po\u00e9tica y la investigaci\u00f3n cient\u00edfica no se oponen sino que se complementan. Hijas del mismo anhelo de desnudar lo real (de aleth\u00e9ia como dec\u00edan los antiguos griegos), cada una se presenta frente a la otra como su continuidad\u2026 por otros medios: a la claridad solar de la ciencia le sucede, con naturalidad, la nocturnidad indefinida de la poes\u00eda.<\/p>\n<p>Y es que, como sugiere la portada, en ocasiones el reflejo nos dice m\u00e1s que la propia realidad, pues en \u00e9l se funden \u2013oce\u00e1nicamente dir\u00eda Freud- el objeto y el sujeto y objeto. Por eso los vuelos cancelados se convierten en oportunidad para mirar en nuestro interior sin miedo al vac\u00edo: quien posee la llave de los jardines simb\u00f3licos es capaz de habitar cualquier mundo.<\/p>\n<p>Y no cabe la menor duda de que esa llave est\u00e1 en manos de alguien capaz de escribir: \u201cPlenitud del ansia, \/ residencia \/ del deseo irrealizable. \/ Extranjera \/ en la culta realidad. \/ Manantial \/ de la espera.\u201d<\/p>\n<p><strong>Enlace a cr\u00edticas u otros:<\/strong><\/p>\n<ul>\n<li><a href=\"https:\/\/www.diariodesevilla.es\/sevilla\/cerebro-maquinaria-inventa-mundo-fabulador_0_170083379.html\" target=\"_blank\" rel=\"noopener\">\u201cCient\u00edfico y poeta\u201d, columna de Juan Luis Pav\u00f3n (16-6-2008)<\/a><\/li>\n<li><a href=\"http:\/\/www.diariodesevilla.es\/article\/opinion\/186312\/jose\/maria\/delgado\/y\/harold\/bloom.html\" target=\"_blank\" rel=\"noopener\">\u00abJos\u00e9 Mar\u00eda Delgado y Harold Bloom\u201d, columna de Carlos Col\u00f3n Tomar<\/a><\/li>\n<\/ul>\n","protected":false},"excerpt":{"rendered":"<p>Poemario de sincera emotividad de manos del cient\u00edfico Jos\u00e9 Mar\u00eda Delgado.<\/p>\n","protected":false},"featured_media":13640,"template":"","meta":{"_et_pb_use_builder":"","_et_pb_old_content":"","_et_gb_content_width":""},"product_brand":[],"product_cat":[82,89],"product_tag":[],"class_list":{"0":"post-13870","1":"product","2":"type-product","3":"status-publish","4":"has-post-thumbnail","6":"product_cat-fondo-editorial","7":"product_cat-lirica","8":"product_shipping_class-standard-shipping","10":"first","11":"instock","12":"purchasable","13":"product-type-simple"},"_links":{"self":[{"href":"https:\/\/editorialalegoria.com\/web\/wp-json\/wp\/v2\/product\/13870","targetHints":{"allow":["GET"]}}],"collection":[{"href":"https:\/\/editorialalegoria.com\/web\/wp-json\/wp\/v2\/product"}],"about":[{"href":"https:\/\/editorialalegoria.com\/web\/wp-json\/wp\/v2\/types\/product"}],"wp:featuredmedia":[{"embeddable":true,"href":"https:\/\/editorialalegoria.com\/web\/wp-json\/wp\/v2\/media\/13640"}],"wp:attachment":[{"href":"https:\/\/editorialalegoria.com\/web\/wp-json\/wp\/v2\/media?parent=13870"}],"wp:term":[{"taxonomy":"product_brand","embeddable":true,"href":"https:\/\/editorialalegoria.com\/web\/wp-json\/wp\/v2\/product_brand?post=13870"},{"taxonomy":"product_cat","embeddable":true,"href":"https:\/\/editorialalegoria.com\/web\/wp-json\/wp\/v2\/product_cat?post=13870"},{"taxonomy":"product_tag","embeddable":true,"href":"https:\/\/editorialalegoria.com\/web\/wp-json\/wp\/v2\/product_tag?post=13870"}],"curies":[{"name":"wp","href":"https:\/\/api.w.org\/{rel}","templated":true}]}}