{"id":13871,"date":"2021-03-11T15:16:20","date_gmt":"2021-03-11T14:16:20","guid":{"rendered":"http:\/\/editorialalegoria.com\/web\/producto\/baraja-filosofica\/"},"modified":"2024-09-12T14:41:58","modified_gmt":"2024-09-12T12:41:58","slug":"baraja-filosofica","status":"publish","type":"product","link":"https:\/\/editorialalegoria.com\/web\/libro\/baraja-filosofica\/","title":{"rendered":"Baraja filos\u00f3fica"},"content":{"rendered":"<p>La Filosof\u00eda arrastra una larga reputaci\u00f3n de saber arduo e impenetrable. Esta baraja pretende, por el contrario, iniciarnos en su dimensi\u00f3n m\u00e1s luminosa y divertida, la m\u00e1s esencial. S\u00f3crates ya nos advirti\u00f3 que \u201cuna vida sin reflexi\u00f3n no merece la pena ser vivida\u201d. Pensar es entonces un deber. Pero esta perspectiva no debe hacernos olvidar que es tambi\u00e9n un placer, el placer de ser y sabernos humanos.<\/p>\n<p>El juego plantea una competici\u00f3n entre puntuaciones de fil\u00f3sofos en 5 \u00e1mbitos: Ser Supremo, Raz\u00f3n, Placer, Cr\u00edtica y Voluntad. La \u201cdisputa\u201d se lleva a cabo de acuerdo con el paradigma que, en ese momento, est\u00e9 sobre el tapete. Si, por ejemplo, es el de la Modernidad, la puntuaci\u00f3n que cuenta es la de Ser Supremo, Raz\u00f3n y Cr\u00edtica (se llevar\u00e1 las cartas el fil\u00f3sofo que, en esos apartados, tenga la mayor puntuaci\u00f3n). Si rige el paradigma de la Edad Media, el valor que ha de considerarse es exclusivamente el del Ser Supremo. Etc\u00e9tera.<\/p>\n<p>Por otro lado, hay Cartas de acci\u00f3n que plantean relevantes interacciones entre los jugadores al hilo de diversas teor\u00edas filos\u00f3ficas. Y Desaf\u00edos que obligan a los participantes a razonar acerca de temas como los derechos de la mujer, el sentido de la vida, la fe, el dinero, la guerra o el colonianismo.<\/p>\n<p>En definitiva, un juego que te introduce, de manera gr\u00e1cil, en las m\u00e1s profundas concepciones del pensamiento filos\u00f3fico.<\/p>\n","protected":false},"excerpt":{"rendered":"<p>Baraja de cartas cuyos protagonistas son los fil\u00f3sofos de todos los tiempos<\/p>\n","protected":false},"featured_media":13641,"template":"","meta":{"_et_pb_use_builder":"","_et_pb_old_content":"","_et_gb_content_width":""},"product_brand":[],"product_cat":[83],"product_tag":[],"class_list":{"0":"post-13871","1":"product","2":"type-product","3":"status-publish","4":"has-post-thumbnail","6":"product_cat-otros-productos","7":"product_shipping_class-standard-shipping","9":"first","10":"instock","11":"purchasable","12":"product-type-simple"},"_links":{"self":[{"href":"https:\/\/editorialalegoria.com\/web\/wp-json\/wp\/v2\/product\/13871","targetHints":{"allow":["GET"]}}],"collection":[{"href":"https:\/\/editorialalegoria.com\/web\/wp-json\/wp\/v2\/product"}],"about":[{"href":"https:\/\/editorialalegoria.com\/web\/wp-json\/wp\/v2\/types\/product"}],"wp:featuredmedia":[{"embeddable":true,"href":"https:\/\/editorialalegoria.com\/web\/wp-json\/wp\/v2\/media\/13641"}],"wp:attachment":[{"href":"https:\/\/editorialalegoria.com\/web\/wp-json\/wp\/v2\/media?parent=13871"}],"wp:term":[{"taxonomy":"product_brand","embeddable":true,"href":"https:\/\/editorialalegoria.com\/web\/wp-json\/wp\/v2\/product_brand?post=13871"},{"taxonomy":"product_cat","embeddable":true,"href":"https:\/\/editorialalegoria.com\/web\/wp-json\/wp\/v2\/product_cat?post=13871"},{"taxonomy":"product_tag","embeddable":true,"href":"https:\/\/editorialalegoria.com\/web\/wp-json\/wp\/v2\/product_tag?post=13871"}],"curies":[{"name":"wp","href":"https:\/\/api.w.org\/{rel}","templated":true}]}}