{"id":13877,"date":"2021-03-11T15:16:40","date_gmt":"2021-03-11T14:16:40","guid":{"rendered":"http:\/\/editorialalegoria.com\/web\/producto\/lengua-castellana-y-literatura-4o-eso-proyecto-isegoria-edicion-2020\/"},"modified":"2024-09-12T14:58:07","modified_gmt":"2024-09-12T12:58:07","slug":"lengua-castellana-y-literatura-4o-eso-proyecto-isegoria-edicion-2020","status":"publish","type":"product","link":"https:\/\/editorialalegoria.com\/web\/libro\/lengua-castellana-y-literatura-4o-eso-proyecto-isegoria-edicion-2020\/","title":{"rendered":"Lengua castellana y Literatura 4\u00ba ESO. Proyecto Isegor\u00eda (Edici\u00f3n 2020)"},"content":{"rendered":"<p>Este proyecto consiste en cinco libros de texto correspondiente a los cuatro cursos de la ESO y 1\u00ba de Bachillerato. De una manera interactiva y pr\u00e1ctica se proporciona al alumnado los fundamentos en el uso de la lengua y la inmersi\u00f3n en el conocimiento de las mejores tradiciones literarias. A partir de un material (textos y documentos audiovisuales) cuidadosamente seleccionado, el alumno va intuyendo de manera natural los contenidos te\u00f3ricos.<\/p>\n<p><strong>Proyecto Isegor\u00eda. <\/strong><\/p>\n<p>La bella expresi\u00f3n `isegor\u00eda\u00b4 se remonta a los antiguos griegos y significa \u201cigualdad en el \u00e1gora\u201d, o sea, en la asamblea de ciudadanos. Podemos traducirla menos literalmente como \u201cigualdad en el uso de la palabra libre\u201d.<\/p>\n<p>Este proyecto editorial parte de la convicci\u00f3n de que s\u00f3lo desde esta ra\u00edz iseg\u00f3rica, que concede la capacidad radical de comprender y expresar, se puede alcanzar una convivencia justa, digna y libre: democr\u00e1tica. Un ciudadano que no comprende o que no sabe expresarse no es sino un s\u00fabdito encubierto.<\/p>\n","protected":false},"excerpt":{"rendered":"<p>M\u00e9todo inductivo para la ense\u00f1anza de la materia Lengua castellana y Literatura. Desde 1\u00ba de ESO hasta 1\u00ba de Bachillerato.<\/p>\n","protected":false},"featured_media":13647,"template":"","meta":{"_et_pb_use_builder":"","_et_pb_old_content":"","_et_gb_content_width":""},"product_brand":[],"product_cat":[81,84,150],"product_tag":[],"class_list":{"0":"post-13877","1":"product","2":"type-product","3":"status-publish","4":"has-post-thumbnail","6":"product_cat-libros-de-uso-academico","7":"product_cat-lengua-castellana-y-literatura","8":"product_cat-proyecto-isegoria","9":"product_shipping_class-standard-shipping","11":"first","12":"instock","13":"purchasable","14":"product-type-simple"},"_links":{"self":[{"href":"https:\/\/editorialalegoria.com\/web\/wp-json\/wp\/v2\/product\/13877","targetHints":{"allow":["GET"]}}],"collection":[{"href":"https:\/\/editorialalegoria.com\/web\/wp-json\/wp\/v2\/product"}],"about":[{"href":"https:\/\/editorialalegoria.com\/web\/wp-json\/wp\/v2\/types\/product"}],"wp:featuredmedia":[{"embeddable":true,"href":"https:\/\/editorialalegoria.com\/web\/wp-json\/wp\/v2\/media\/13647"}],"wp:attachment":[{"href":"https:\/\/editorialalegoria.com\/web\/wp-json\/wp\/v2\/media?parent=13877"}],"wp:term":[{"taxonomy":"product_brand","embeddable":true,"href":"https:\/\/editorialalegoria.com\/web\/wp-json\/wp\/v2\/product_brand?post=13877"},{"taxonomy":"product_cat","embeddable":true,"href":"https:\/\/editorialalegoria.com\/web\/wp-json\/wp\/v2\/product_cat?post=13877"},{"taxonomy":"product_tag","embeddable":true,"href":"https:\/\/editorialalegoria.com\/web\/wp-json\/wp\/v2\/product_tag?post=13877"}],"curies":[{"name":"wp","href":"https:\/\/api.w.org\/{rel}","templated":true}]}}