{"id":222361,"date":"2023-03-07T10:08:49","date_gmt":"2023-03-07T09:08:49","guid":{"rendered":"https:\/\/editorialalegoria.com\/web\/?post_type=product&#038;p=222361"},"modified":"2025-04-13T14:31:48","modified_gmt":"2025-04-13T12:31:48","slug":"la-poesia-el-amor-el-tiempo-y-otros-misterios-antologia-tematica-comentada","status":"publish","type":"product","link":"https:\/\/editorialalegoria.com\/web\/libro\/la-poesia-el-amor-el-tiempo-y-otros-misterios-antologia-tematica-comentada\/","title":{"rendered":"La poes\u00eda, el amor, el tiempo\u00a0 y otros misterios. Antolog\u00eda tem\u00e1tica comentada de la poes\u00eda en castellano a trav\u00e9s de los tiempos"},"content":{"rendered":"<p><strong><em>La poes\u00eda, el amor, el tiempo y otros misterios<\/em><\/strong> consta de cincuenta y cuatro poemas en lengua castellana agrupados en nueve temas: el <em>yo<\/em>, el <em>amor<\/em>, el <em>desamor<\/em>, la <em>mujer<\/em>, la <em>soledad<\/em>, la <em>naturaleza<\/em>, el <em>tiempo<\/em>, <em>Dios<\/em> y la <em>poes\u00eda<\/em>. Estos temas han sido reelaborados a lo largo de la historia de la literatura universal y podr\u00edan resumirse en una sola pregunta: <strong><em>\u00bfQu\u00e9 es y para qu\u00e9 vive el ser humano?<\/em><\/strong><\/p>\n<p>Se ha dado multitud de respuestas a esta cuesti\u00f3n; y tambi\u00e9n se ha afirmado que es una pregunta que no tiene respuesta o que nunca tendr\u00e1 una sola respuesta. Esto \u00faltimo es \u2012al menos en la literatura\u2012 indiscutible. Por eso hemos llamado a estos nueve temas: <em>misterios<\/em>. Los comentarios que acompa\u00f1an a los poemas no pretenden desentra\u00f1ar su misterio sino navegar, junto al lector, por \u00e9l.<\/p>\n<p>Esta antolog\u00eda se integra en <strong>Efecto Pigmali\u00f3n<\/strong>,\u00a0 un proyecto surgido del deseo de trazar puentes entre los lectores de poes\u00eda noveles y los textos de nuestra tradici\u00f3n literaria, desde la Edad Media hasta hoy d\u00eda.<br \/>\nLos textos hasta el siglo XIX son analizados verso a verso en distintos vol\u00famenes constituyentes de la colecci\u00f3n Cl\u00e1sicos Originales Comentados, y aquellos de los siglos XX y XXI son analizados en los vol\u00famenes de la colecci\u00f3n Cl\u00e1sicos Contempor\u00e1neos Comentados.<\/p>\n","protected":false},"excerpt":{"rendered":"<p><span data-sheets-value=\"{&quot;1&quot;:2,&quot;2&quot;:&quot;Selecci\u00f3n de 55 poemas del siglo XX originales comentados verso a verso para garantizar su comprensi\u00f3n y disfrute. Dirigido a lectores de poes\u00eda noveles y a profesorado&quot;}\" data-sheets-userformat=\"{&quot;2&quot;:15297,&quot;3&quot;:{&quot;1&quot;:0},&quot;9&quot;:0,&quot;10&quot;:0,&quot;11&quot;:4,&quot;12&quot;:0,&quot;14&quot;:[null,2,16711680],&quot;15&quot;:&quot;Arial&quot;,&quot;16&quot;:10}\">An\u00e1lisis de 54 poemas agrupados en 9 temas, valorando la evoluci\u00f3n de cada tema a lo largo de los siglos. Dirigido a lectores de poes\u00eda y a profesorado de literatura y filosof\u00eda.<\/span><\/p>\n","protected":false},"featured_media":222362,"template":"","meta":{"_et_pb_use_builder":"","_et_pb_old_content":"<strong><em>La poes\u00eda, el amor, el tiempo y otros misterios<\/em><\/strong> consta de cincuenta y cuatro poemas en lengua castellana agrupados en nueve temas: el <em>yo<\/em>, el <em>amor<\/em>, el <em>desamor<\/em>, la <em>mujer<\/em>, la <em>soledad<\/em>, la <em>naturaleza<\/em>, el <em>tiempo<\/em>, <em>Dios<\/em> y la <em>poes\u00eda<\/em>. Estos temas han sido reelaborados a lo largo de la historia de la literatura universal y podr\u00edan resumirse en una sola pregunta: <strong><em>\u00bfQu\u00e9 es y para qu\u00e9 vive el ser humano?<\/em><\/strong>\r\n\r\nSe ha dado multitud de respuestas a esta cuesti\u00f3n; y tambi\u00e9n se ha afirmado que es una pregunta que no tiene respuesta o que nunca tendr\u00e1 una sola respuesta. Esto \u00faltimo es \u2012al menos en la literatura\u2012 indiscutible. Por eso hemos llamado a estos nueve temas: <em>misterios<\/em>. Los comentarios que acompa\u00f1an a los poemas no pretenden desentra\u00f1ar su misterio sino navegar, junto al lector, por \u00e9l.\r\n\r\nEsta antolog\u00eda se integra en <strong>Efecto Pigmali\u00f3n<\/strong>,\u00a0 un proyecto surgido del deseo de trazar puentes entre los lectores de poes\u00eda noveles y los textos de nuestra tradici\u00f3n literaria, desde la Edad Media hasta hoy d\u00eda.\r\nLos textos hasta el siglo XIX son analizados verso a verso en distintos vol\u00famenes constituyentes de la colecci\u00f3n Cl\u00e1sicos Originales Comentados, y aquellos de los siglos XX y XXI son analizados en los vol\u00famenes de la colecci\u00f3n Cl\u00e1sicos Contempor\u00e1neos Comentados.\r\n\r\n[button link=\"https:\/\/editorialalegoria.hflip.co\/034d621816.html\" type=\"big\" color=\"orange\" newwindow=\"yes\"] Pincha aqu\u00ed para conocer el libro por dentro[\/button]","_et_gb_content_width":""},"product_brand":[],"product_cat":[81,84,152],"product_tag":[169],"class_list":{"0":"post-222361","1":"product","2":"type-product","3":"status-publish","4":"has-post-thumbnail","6":"product_cat-libros-de-uso-academico","7":"product_cat-lengua-castellana-y-literatura","8":"product_cat-poesias-comentadas","9":"product_tag-recomendado","10":"product_shipping_class-standard-shipping","12":"first","13":"instock","14":"purchasable","15":"product-type-simple"},"_links":{"self":[{"href":"https:\/\/editorialalegoria.com\/web\/wp-json\/wp\/v2\/product\/222361","targetHints":{"allow":["GET"]}}],"collection":[{"href":"https:\/\/editorialalegoria.com\/web\/wp-json\/wp\/v2\/product"}],"about":[{"href":"https:\/\/editorialalegoria.com\/web\/wp-json\/wp\/v2\/types\/product"}],"wp:featuredmedia":[{"embeddable":true,"href":"https:\/\/editorialalegoria.com\/web\/wp-json\/wp\/v2\/media\/222362"}],"wp:attachment":[{"href":"https:\/\/editorialalegoria.com\/web\/wp-json\/wp\/v2\/media?parent=222361"}],"wp:term":[{"taxonomy":"product_brand","embeddable":true,"href":"https:\/\/editorialalegoria.com\/web\/wp-json\/wp\/v2\/product_brand?post=222361"},{"taxonomy":"product_cat","embeddable":true,"href":"https:\/\/editorialalegoria.com\/web\/wp-json\/wp\/v2\/product_cat?post=222361"},{"taxonomy":"product_tag","embeddable":true,"href":"https:\/\/editorialalegoria.com\/web\/wp-json\/wp\/v2\/product_tag?post=222361"}],"curies":[{"name":"wp","href":"https:\/\/api.w.org\/{rel}","templated":true}]}}