{"id":223392,"date":"2024-09-12T15:03:21","date_gmt":"2024-09-12T13:03:21","guid":{"rendered":"https:\/\/editorialalegoria.com\/web\/?post_type=product&#038;p=223392"},"modified":"2024-09-12T15:26:36","modified_gmt":"2024-09-12T13:26:36","slug":"lengua-castellana-y-literatura-1o-bachillerato-proyecto-alejandria-edicion-lomloe","status":"publish","type":"product","link":"https:\/\/editorialalegoria.com\/web\/libro\/lengua-castellana-y-literatura-1o-bachillerato-proyecto-alejandria-edicion-lomloe\/","title":{"rendered":"Lengua castellana y Literatura 1\u00ba Bachillerato, Proyecto Alejandr\u00eda EDICI\u00d3N LOMLOE"},"content":{"rendered":"<p>SINTAXIS. Con este manual hemos pretendido elaborar el m\u00e9todo m\u00e1s completo de Espa\u00f1a para la ense\u00f1anza de la materia Lengua castellana y Literatura. Sin ning\u00fan miedo a abordar los an\u00e1lisis sint\u00e1cticos m\u00e1s peliagudos, el m\u00e9todo ofrece infinidad de oraciones resueltas, tratando de incorporar las novedades de la \u00faltima literatura cient\u00edfica, pero sin perder de vista el nivel de los alumnos y la tradici\u00f3n con la que los profesores han abordado la sintaxis durante muchos a\u00f1os. Por ello, se explica a partir de lo nuevo, pero incluyendo aclaraciones que lo conectan con los saberes anteriores.<\/p>\n<p>MORFOLOG\u00cdA. Se incluye un repaso completo de la morfolog\u00eda, pues entendemos que el alumnado, aunque ya ha estudiado estos contenidos en cursos anteriores, siempre requiere de un repaso y una actualizaci\u00f3n.<\/p>\n<p>LITERATURA. Se aborda la literatura pormenorizadamente pero haciendo un especial hincapi\u00e9 en una muy completa selecci\u00f3n de textos, imprescindibles para que el docente pueda hacer comprender a sus alumnos los rasgos propios de cada periodo, de cada autor y de cada obra.<\/p>\n<p>COMENTARIO DE TEXTO. En este proyecto se incluye una gu\u00eda pormenorizada de c\u00f3mo abordar las cl\u00e1sicas preguntas de comentario de texto: tema, resumen, estructura, coherencia y cohesi\u00f3n, comentario cr\u00edtico de las ideas, reflexi\u00f3n, etc. Y como las explicaciones te\u00f3ricas no son suficientes para el aula, en los libros de los alumnos hemos incluido numerosos comentarios, tanto cr\u00edticos como literarios.<\/p>\n<p>COMUNICACI\u00d3N. De manera did\u00e1ctica y completa se explican todos los rasgos del texto y los elementos de la comunicaci\u00f3n, tambi\u00e9n enfocando su estudio al an\u00e1lisis del texto y del discurso.<\/p>\n<p>Todo el manual se completa con actividades escritas (unas resueltas en el libro del alumno y otras no), v\u00eddeos, entrevistas y una selecci\u00f3n de im\u00e1genes que hacen que los dos t\u00edtulos de este proyecto no solo sean acad\u00e9micamente completos sino tambi\u00e9n visualmente bellos.<\/p>\n","protected":false},"excerpt":{"rendered":"<p>Manual de Lengua castellana y Literatura para 1\u00ba de Bachillerato. Incluye un m\u00e9todo de comentario de texto con numerosos comentarios resueltos incluso en el libro del alumno. Adaptado a la Nueva gram\u00e1tica de la lengua espa\u00f1ola y al Glosario de t\u00e9rminos gramaticales. Uno de los mejores m\u00e9todos del mercado. El Proyecto Alejandr\u00eda tiene 1\u00ba y 2\u00ba de Bachillerato.<\/p>\n<p>&nbsp;<\/p>\n<p>&nbsp;<\/p>\n","protected":false},"featured_media":223393,"template":"","meta":{"_et_pb_use_builder":"","_et_pb_old_content":"<strong><span style=\"color: #33cccc\">NUEVA EDICI\u00d3N LOMLOE<\/span><\/strong>\r\n\r\nSINTAXIS. Con este manual hemos pretendido elaborar el m\u00e9todo m\u00e1s completo de Espa\u00f1a para la ense\u00f1anza de la materia Lengua castellana y Literatura. Sin ning\u00fan miedo a abordar los an\u00e1lisis sint\u00e1cticos m\u00e1s peliagudos, el m\u00e9todo ofrece infinidad de oraciones resueltas, tratando de incorporar las novedades de la \u00faltima literatura cient\u00edfica, pero sin perder de vista el nivel de los alumnos y la tradici\u00f3n con la que los profesores han abordado la sintaxis durante muchos a\u00f1os. Por ello, se explica a partir de lo nuevo, pero incluyendo aclaraciones que lo conectan con los saberes anteriores.\r\n\r\nMORFOLOG\u00cdA. Se incluye un repaso completo de la morfolog\u00eda, pues entendemos que el alumnado, aunque ya ha estudiado estos contenidos en cursos anteriores, siempre requiere de un repaso y una actualizaci\u00f3n.\r\n\r\nLITERATURA. Se aborda la literatura pormenorizadamente pero haciendo un especial hincapi\u00e9 en una muy completa selecci\u00f3n de textos, imprescindibles para que el docente pueda hacer comprender a sus alumnos los rasgos propios de cada periodo, de cada autor y de cada obra.\r\n\r\nCOMENTARIO DE TEXTO. En este proyecto se incluye una gu\u00eda pormenorizada de c\u00f3mo abordar las cl\u00e1sicas preguntas de comentario de texto: tema, resumen, estructura, coherencia y cohesi\u00f3n, comentario cr\u00edtico de las ideas, reflexi\u00f3n, etc. Y como las explicaciones te\u00f3ricas no son suficientes para el aula, en los libros de los alumnos hemos incluido numerosos comentarios, tanto cr\u00edticos como literarios.\r\n\r\nCOMUNICACI\u00d3N. De manera did\u00e1ctica y completa se explican todos los rasgos del texto y los elementos de la comunicaci\u00f3n, tambi\u00e9n enfocando su estudio al an\u00e1lisis del texto y del discurso.\r\n\r\nTodo el manual se completa con actividades escritas (unas resueltas en el libro del alumno y otras no), v\u00eddeos, entrevistas y una selecci\u00f3n de im\u00e1genes que hacen que los dos t\u00edtulos de este proyecto no solo sean acad\u00e9micamente completos sino tambi\u00e9n visualmente bellos.","_et_gb_content_width":""},"product_brand":[],"product_cat":[81,84,92],"product_tag":[],"class_list":{"0":"post-223392","1":"product","2":"type-product","3":"status-publish","4":"has-post-thumbnail","6":"product_cat-libros-de-uso-academico","7":"product_cat-lengua-castellana-y-literatura","8":"product_cat-proyecto-alejandria","9":"product_shipping_class-standard-shipping","11":"first","12":"instock","13":"purchasable","14":"product-type-simple"},"_links":{"self":[{"href":"https:\/\/editorialalegoria.com\/web\/wp-json\/wp\/v2\/product\/223392","targetHints":{"allow":["GET"]}}],"collection":[{"href":"https:\/\/editorialalegoria.com\/web\/wp-json\/wp\/v2\/product"}],"about":[{"href":"https:\/\/editorialalegoria.com\/web\/wp-json\/wp\/v2\/types\/product"}],"wp:featuredmedia":[{"embeddable":true,"href":"https:\/\/editorialalegoria.com\/web\/wp-json\/wp\/v2\/media\/223393"}],"wp:attachment":[{"href":"https:\/\/editorialalegoria.com\/web\/wp-json\/wp\/v2\/media?parent=223392"}],"wp:term":[{"taxonomy":"product_brand","embeddable":true,"href":"https:\/\/editorialalegoria.com\/web\/wp-json\/wp\/v2\/product_brand?post=223392"},{"taxonomy":"product_cat","embeddable":true,"href":"https:\/\/editorialalegoria.com\/web\/wp-json\/wp\/v2\/product_cat?post=223392"},{"taxonomy":"product_tag","embeddable":true,"href":"https:\/\/editorialalegoria.com\/web\/wp-json\/wp\/v2\/product_tag?post=223392"}],"curies":[{"name":"wp","href":"https:\/\/api.w.org\/{rel}","templated":true}]}}