{"id":223412,"date":"2024-09-13T12:35:47","date_gmt":"2024-09-13T10:35:47","guid":{"rendered":"https:\/\/editorialalegoria.com\/web\/?post_type=product&#038;p=223412"},"modified":"2024-09-13T12:56:22","modified_gmt":"2024-09-13T10:56:22","slug":"musica-uno-edicion-2024","status":"publish","type":"product","link":"https:\/\/editorialalegoria.com\/web\/libro\/musica-uno-edicion-2024\/","title":{"rendered":"M\u00fasica Uno. Edici\u00f3n 2024"},"content":{"rendered":"<h3><strong>\u00bfDe qu\u00e9 tipo de libro hablamos?<\/strong><\/h3>\n<p>Este libro es fruto de la experiencia en el aula de dos profesores en activo: el compendio de los materiales y las estrategias did\u00e1cticas que han ido utilizando a lo largo de casi veinte a\u00f1os de carrera docente. Un manual orientado tanto a formar buenos oyentes como a despertar vocaciones musicales entre los alumnos.<\/p>\n<p>Su punto de partida es la pr\u00e1ctica, lo que significa dar un mayor peso a la interpretaci\u00f3n grupal y a la escucha activa. Aprender haciendo, como propon\u00eda Dewey, sin dejar de lado la formaci\u00f3n te\u00f3rica necesaria para promover la autonom\u00eda de los estudiantes. La pr\u00e1ctica es el entramado a partir del cual tejer una red de conocimiento.<\/p>\n<p>Este libro, tanto en su versi\u00f3n f\u00edsica como en su formato digital, es una red en la que los diferentes bloques tem\u00e1ticos interaccionan con el fin de proporcionar una visi\u00f3n integral de la m\u00fasica.<\/p>\n<h3><strong>Organizaci\u00f3n del libro<\/strong><\/h3>\n<p>Cada trimestre consta de tres unidades did\u00e1cticas y un proyecto final denominado programa de mano.<\/p>\n<p>En las unidades se desarrollan los cuatro bloques recogidos en la ley, con abundante material audiovisual, partituras y actividades de refuerzo y ampliaci\u00f3n. Cada unidad incluye una partitura vocal y una instrumental, y finaliza con un comentario de texto cuyo objetivo es desarrollar la comprensi\u00f3n lectora y estimular el esp\u00edritu cr\u00edtico.<\/p>\n<p>La \u00faltima unidad es un ep\u00edlogo que sintetiza las ideas principales del libro, reuniendo un conjunto de actividades que lo convierten en una excelente herramienta tanto para el repaso como para la recuperaci\u00f3n de los aprendizajes no adquiridos.<\/p>\n<p>El objetivo del programa de mano es que los alumnos vivan la experiencia de organizar y participar en una audici\u00f3n p\u00fablica. Con ese fin, se adjuntan arreglos adicionales que cumplen un doble prop\u00f3sito: servir como material de ampliaci\u00f3n para los alumnos y renovar anualmente el repertorio a disposici\u00f3n del profesor.<\/p>\n<h3><strong>Otros libros de M\u00fasica en Editorial Alegor\u00eda<\/strong><\/h3>\n<p><a href=\"https:\/\/editorialalegoria.com\/web\/wp-content\/uploads\/PORTADA_MUSICA-2-DOS-2024.jpg\"><img loading=\"lazy\" decoding=\"async\" class=\"wp-image-223418  alignleft\" src=\"https:\/\/editorialalegoria.com\/web\/wp-content\/uploads\/PORTADA_MUSICA-2-DOS-2024-779x1024.jpg\" alt=\"\" width=\"300\" height=\"542\" title=\"\"><\/a><a href=\"https:\/\/editorialalegoria.com\/web\/wp-content\/uploads\/maqueta-Cubierta_CULTURA-DEL-FLAMENCO-2024-r.jpg\"><img loading=\"lazy\" decoding=\"async\" class=\"wp-image-222861  alignleft\" src=\"https:\/\/editorialalegoria.com\/web\/wp-content\/uploads\/maqueta-Cubierta_CULTURA-DEL-FLAMENCO-2024-r-779x1024.jpg\" alt=\"\" width=\"300\" height=\"409\" title=\"\"><\/a><\/p>\n<p>&nbsp;<\/p>\n<p>&nbsp;<\/p>\n<p>&nbsp;<\/p>\n<p>&nbsp;<\/p>\n<p>&nbsp;<\/p>\n<p>&nbsp;<\/p>\n<p>&nbsp;<\/p>\n<p>&nbsp;<\/p>\n","protected":false},"excerpt":{"rendered":"<p>Libro de texto para ense\u00f1ar M\u00fasica en Educaci\u00f3n Secundaria. Proyecto orientado tanto a formar buenos oyentes como a despertar vocaciones musicales entre el alumnado.<\/p>\n","protected":false},"featured_media":223413,"template":"","meta":{"_et_pb_use_builder":"","_et_pb_old_content":"","_et_gb_content_width":""},"product_brand":[],"product_cat":[81,87],"product_tag":[],"class_list":{"0":"post-223412","1":"product","2":"type-product","3":"status-publish","4":"has-post-thumbnail","6":"product_cat-libros-de-uso-academico","7":"product_cat-musica","8":"product_shipping_class-standard-shipping","10":"first","11":"instock","12":"purchasable","13":"product-type-simple"},"_links":{"self":[{"href":"https:\/\/editorialalegoria.com\/web\/wp-json\/wp\/v2\/product\/223412","targetHints":{"allow":["GET"]}}],"collection":[{"href":"https:\/\/editorialalegoria.com\/web\/wp-json\/wp\/v2\/product"}],"about":[{"href":"https:\/\/editorialalegoria.com\/web\/wp-json\/wp\/v2\/types\/product"}],"wp:featuredmedia":[{"embeddable":true,"href":"https:\/\/editorialalegoria.com\/web\/wp-json\/wp\/v2\/media\/223413"}],"wp:attachment":[{"href":"https:\/\/editorialalegoria.com\/web\/wp-json\/wp\/v2\/media?parent=223412"}],"wp:term":[{"taxonomy":"product_brand","embeddable":true,"href":"https:\/\/editorialalegoria.com\/web\/wp-json\/wp\/v2\/product_brand?post=223412"},{"taxonomy":"product_cat","embeddable":true,"href":"https:\/\/editorialalegoria.com\/web\/wp-json\/wp\/v2\/product_cat?post=223412"},{"taxonomy":"product_tag","embeddable":true,"href":"https:\/\/editorialalegoria.com\/web\/wp-json\/wp\/v2\/product_tag?post=223412"}],"curies":[{"name":"wp","href":"https:\/\/api.w.org\/{rel}","templated":true}]}}