{"id":223946,"date":"2026-04-26T14:08:55","date_gmt":"2026-04-26T12:08:55","guid":{"rendered":"https:\/\/editorialalegoria.com\/web\/?post_type=product&#038;p=223946"},"modified":"2026-04-26T14:28:12","modified_gmt":"2026-04-26T12:28:12","slug":"nueva-pau-filosofia-andalucia-papel","status":"publish","type":"product","link":"https:\/\/editorialalegoria.com\/web\/libro\/nueva-pau-filosofia-andalucia-papel\/","title":{"rendered":"Nueva PAU Filosof\u00eda Andaluc\u00eda"},"content":{"rendered":"<h3><span style=\"color: #008000;\"><strong>CARTA AL PROFESORADO<\/strong><\/span><\/h3>\n<a href='#' class='big-button biggreen'><span style=\"color: #0a3610;\"> <strong>IMP<\/strong><strong>ORTANTE<\/strong>. El pirateo hace mucho da\u00f1o a la industria del libro, especialmente a editoriales peque\u00f1as como la nuestra. Sencillamente, no es posible mantener proyectos de calidad si los profesores y alumnos se apropian ilegalmente de los materiales que creamos con tanto esfuerzo. Para empezar, porque los autores con nivel no se muestran interesados en invertir tiempo y sacrificio si no existe una contrapartida. Te pedimos por ello que nos ayudes a combatir esta pr\u00e1ctica il\u00edcita e injusta que, demasiado a menudo, se inicia en los centros escolares.<\/span><\/a>\n<p>La propuesta de la PAU para este curso presenta, respecto a a\u00f1os anteriores, una significativa ampliaci\u00f3n de textos, un incremento de la complejidad y, en cumplimiento de la nueva Ley, un dise\u00f1o competencial que permita comprobar el grado de consecuci\u00f3n de las competencias espec\u00edficas.<\/p>\n<p>Todo lo anterior se resume en dos palabras: <strong><em>mayor dificultad<\/em><\/strong>. Eso supone m\u00e1s trabajo para el docente, pero tambi\u00e9n una oportunidad para que su alumnado aprenda m\u00e1s filosof\u00eda. Para afrontar el desaf\u00edo, resulta muy conveniente disponer de un material de apoyo de calidad. Y es aqu\u00ed donde cobra sentido esta obra.<\/p>\n<p><a href=\"https:\/\/editorialalegoria.com\/web\/wp-content\/uploads\/00-PAU2026_iniciales2-1.jpg\"><img loading=\"lazy\" decoding=\"async\" class=\"alignnone wp-image-223828 size-medium\" src=\"https:\/\/editorialalegoria.com\/web\/wp-content\/uploads\/00-PAU2026_iniciales2-1-228x300.jpg\" alt=\"\" width=\"228\" height=\"300\" title=\"\">\u00a0<\/a><a href=\"https:\/\/editorialalegoria.com\/web\/wp-content\/uploads\/00-PAU2026_iniciales3-1.jpg\"><img loading=\"lazy\" decoding=\"async\" class=\"alignnone wp-image-223829 size-medium\" src=\"https:\/\/editorialalegoria.com\/web\/wp-content\/uploads\/00-PAU2026_iniciales3-1-228x300.jpg\" alt=\"\" width=\"228\" height=\"300\" title=\"\"><\/a><\/p>\n<p><a href=\"https:\/\/editorialalegoria.com\/web\/wp-content\/uploads\/00-PAU2026_iniciales-cc3-scaled.jpg\"><img loading=\"lazy\" decoding=\"async\" class=\"alignnone wp-image-223831 size-medium\" src=\"https:\/\/editorialalegoria.com\/web\/wp-content\/uploads\/00-PAU2026_iniciales-cc3-300x197.jpg\" alt=\"\" width=\"300\" height=\"197\" title=\"\"> <\/a><\/p>\n<p>&nbsp;<\/p>\n<p>A pesar del escaso tiempo disponible (la informaci\u00f3n sobre la nueva prueba fue proporcionada a finales de octubre de 2025), en <strong>Editorial Alegor\u00eda<\/strong> nos hemos puesto manos a la obra para proporcionar al profesorado y al alumnado un material que le permita afrontar con \u00e9xito la prueba.<\/p>\n<p>&nbsp;<\/p>\n<p><a href=\"https:\/\/editorialalegoria.com\/web\/wp-content\/uploads\/CUBIERTA-NUEVA-PAU-2026.jpg\"><img loading=\"lazy\" decoding=\"async\" class=\"alignright wp-image-223824 size-medium\" src=\"https:\/\/editorialalegoria.com\/web\/wp-content\/uploads\/CUBIERTA-NUEVA-PAU-2026-228x300.jpg\" alt=\"\" width=\"228\" height=\"300\" title=\"\"><\/a><a href=\"https:\/\/editorialalegoria.com\/web\/wp-content\/uploads\/CUBIERTA-NUEVA-PAU-20263.jpg\"><img loading=\"lazy\" decoding=\"async\" class=\"alignright wp-image-223822 size-medium\" src=\"https:\/\/editorialalegoria.com\/web\/wp-content\/uploads\/CUBIERTA-NUEVA-PAU-20263-228x300.jpg\" alt=\"\" width=\"228\" height=\"300\" title=\"\"><\/a><\/p>\n<h3><span style=\"color: #008000;\">Estructura del libro<\/span><\/h3>\n<p>El libro comienza analizando las claves para desarrollar una disertaci\u00f3n de car\u00e1cter filos\u00f3fico, de acuerdo con la <strong>Parte I<\/strong> de la PAU. Incluye un ejemplo con las 400 palabras (las que la prueba fija como l\u00edmite).<\/p>\n<p>Respecto a la <strong>Parte II<\/strong>, la PAU ofrece dos textos, uno correspondiente a los \u201cproblemas ontol\u00f3gicos y epistemol\u00f3gicos\u201d y otro a los \u201cproblemas \u00e9ticos y pol\u00edticos\u201d. El docente ha de decidir cu\u00e1l de las dos l\u00edneas va a seguir durante el curso (pues ciertamente no es razonable la pretensi\u00f3n de abordar con rigor los textos de ambas l\u00edneas). Nosotros hemos optado por la l\u00ednea preferida por el profesorado: la <em>onto-epist\u00e9mica<\/em> (sin descartar \u2012depender\u00e1 de la respuesta\u2012 la posibilidad de que, m\u00e1s adelante, se hiciera lo mismo con la \u00e9tico-pol\u00edtica).<\/p>\n<p>Esta segunda parte de la prueba consta de tres preguntas:<\/p>\n<p>\u2012La primera versa sobre la comprensi\u00f3n del texto. Nuestra obra encara esta cuesti\u00f3n con su t\u00e9cnica habitual de comentario \u00edntegro del texto en paralelo (a doble columna), que tanto reconocimiento ha merecido del profesorado.<\/p>\n<p>\u2012La segunda pregunta demanda relacionar \u201clas ideas del texto con la filosof\u00eda del autor o la autora correspondiente\u201d. En esta obra se ofrecen algunos apoyos para trazar esta relaci\u00f3n, pero por su amplitud no se desarrolla de manera sistem\u00e1tica (esta tarea recae principalmente sobre el docente en sus clases).<\/p>\n<p>\u2012La tercera pide exponer c\u00f3mo se \u201cha abordado en otra \u00e9poca el problema filos\u00f3fico planteado en el texto\u201d y confrontarlo \u201ccon el pensamiento de un autor o una autora de esa otra \u00e9poca\u201d. Para abordarla, en el libro se presenta de manera esquem\u00e1tica, al final del cap\u00edtulo dedicado a cada uno de los cuatro autores, aquellos fil\u00f3sofos con los que parece m\u00e1s natural relacionarlos (tanto positiva como negativamente).<\/p>\n\n\t\t<div class='author-shortcodes'>\n\t\t\t<div class='author-inner'>\n\t\t\t\t<div class='author-image'>\n\t\t\t<img decoding=\"async\" src=\"\" alt=\"\" title=\"\">\n\t\t\t<div class='author-overlay'><\/div>\n\t\t<\/div> \n\t\t<div class='author-info'>\n\t\t\t<strong>Carlos Rodr\u00edguez<\/strong> ha sido profesor de Filosof\u00eda en Ense\u00f1anza Secundaria durante m\u00e1s de treinta a\u00f1os y tiene una ampl\u00edsima trayectoria como autor de libros de texto, especialmente aquellos dirigidos a la superaci\u00f3n de las pruebas de acceso a la Universidad en la materia Historia de la Filosof\u00eda, de 2\u00ba de Bachillerato.\n\t\t<\/div>\n\t\t\t<\/div>\n\t\t<\/div>\n<p><a href='https:\/\/editorialalegoria.com\/web\/categoria-producto\/libros-de-uso-academico\/filosofia-y-ciudadania\/' class='big-button bigblue'><span style=\"color: #ffffff;\">Consulta aqu\u00ed nuestros manuales de Filosof\u00eda de cursos anteriores y temarios distintos. \u00a1Quiz\u00e1s se ajusten a la PAU de tu comunidad aut\u00f3noma!<\/span><\/a><a href=\"https:\/\/editorialalegoria.com\/web\/libro\/nueva-pau-filosofia-andalucia-digital\/\"><img loading=\"lazy\" decoding=\"async\" class=\"wp-image-223947 size-medium alignright\" src=\"https:\/\/editorialalegoria.com\/web\/wp-content\/uploads\/CUBIERTA-licencia-digital-NUEVA-PAU-2026-228x300.jpg\" alt=\"\" width=\"228\" height=\"300\" title=\"\"><\/a><\/p>\n<h3><span style=\"color: #3366ff;\"><strong>\u00bfC\u00f3mo puedo comprar este libro?<\/strong><\/span><\/h3>\n<p>Ponemos a la venta el libro en su versi\u00f3n digital y tambi\u00e9n en su edici\u00f3n en papel.<\/p>\n<p>Al tener tan buena acogida esta versi\u00f3n digital, nos hemos animado a sacarlo en papel (hemos de reconocer que a nosotros nos encanta el papel). \u00a1Vayamos al procedimiento!<\/p>\n<h4><strong>OPCI\u00d3N 1: VENTA A PARTICULARES (profesores o alumnos pero no a centros escolares)<\/strong><\/h4>\n<p style=\"padding-left: 40px;\">1) Realiza tu compra a\u00f1adiendo tu ejemplar al carrito y pagando en caja con CUALQUIER TARJETA, <em><span style=\"color: #3366ff;\"><strong>aunque no tengas cuenta de Paypal<\/strong> <\/span><\/em>(en el m\u00f3vil te puede dar problemas; en el ordenador, no).<br \/>\n2) Tras haber pagado, <em><strong>obligatoriamente debes rellenar<\/strong><\/em> el FORMULARIO DE ACCESO A LA\u00a0 ACADEMIA que tienes m\u00e1s abajo.<br \/>\n3) Espera a ser validado.<\/p>\n<h4><strong>OPCI\u00d3N 2: VENTA A CENTROS ESCOLARES CON FACTURA PREVIA y pago por transferencia<\/strong><\/h4>\n<ul>\n<li>Si, como profesor, deseas hacer una compra y que la <strong>facturemos al centro escolar<\/strong> donde trabajas, debes dirigirte a la p\u00e1gina de PEDIDOS y all\u00ed realizar dicha compra. Recuerda que tienes que tener los datos fiscales de tu centro para proceder a realizar el pedido. Descuento a partir de 30 ejemplares. <a href=\"https:\/\/editorialalegoria.com\/web\/la-editorial\/distribucion-y-pedidos\/\"><strong>PULSA AQU\u00cd Y HAZ TU PEDIDO: VENTA DIRECTA A CENTROS ESCOLARES.<\/strong><\/a>\n<ul>\n<li>Una vez que est\u00e9 hecho el pedido y pagada la factura, tienes que rellenar igualmente el FORMULARIO DE ACCESO A LA\u00a0 ACADEMIA que tienes aqu\u00ed abajo, y esperar a ser validado.<\/li>\n<\/ul>\n<\/li>\n<\/ul>\n<p>&nbsp;<\/p>\n<h6><a href=\"https:\/\/zfrmz.eu\/lj89SmJsKm9pJVRzFvLf\" class=\"big-button bigblue\" target=\"_blank\" rel=\"noopener\"><span style=\"color: #ffffff;\"> FORMULARIO DE ACCESO A LA\u00a0 ACADEMIA NUEVA PAU FILOSOF\u00cdA ANDALUC\u00cdA (rellenar tras completar el pago de la licencia, nunca antes)<\/span><\/a><\/h6>\n","protected":false},"excerpt":{"rendered":"<p><span data-sheets-value=\"{&quot;1&quot;:2,&quot;2&quot;:&quot;An\u00e1lisis pormenorizado de los 8 textos que propone la Ponencia de Selectividad en Andaluc\u00eda, resolviendo exhaustivamente cada una de las preguntas de la Prueba de Acceso a la Universidad (PAU) de la asignatura Historia de la Filosof\u00eda (contexto, comentario de texto; vocabulario, relaci\u00f3n con otros autores y vigencia).&quot;}\" data-sheets-userformat=\"{&quot;2&quot;:15297,&quot;3&quot;:{&quot;1&quot;:0},&quot;9&quot;:0,&quot;10&quot;:0,&quot;11&quot;:4,&quot;12&quot;:0,&quot;14&quot;:[null,2,16711680],&quot;15&quot;:&quot;Arial&quot;,&quot;16&quot;:10}\">An\u00e1lisis pormenorizado de los 4 textos que propone la Ponencia de Filosof\u00eda en Andaluc\u00eda (primera aplicaci\u00f3n: PAU 2026). Resoluci\u00f3n exhaustiva de todas las preguntas de la PAU.<\/span><\/p>\n","protected":false},"featured_media":223950,"template":"","meta":{"_et_pb_use_builder":"","_et_pb_old_content":"","_et_gb_content_width":""},"product_brand":[],"product_cat":[81,85,167],"product_tag":[],"class_list":{"0":"post-223946","1":"product","2":"type-product","3":"status-publish","4":"has-post-thumbnail","6":"product_cat-libros-de-uso-academico","7":"product_cat-filosofia-y-ciudadania","8":"product_cat-filosofia-segundo-de-bachillerato","9":"product_shipping_class-standard-shipping","11":"first","12":"instock","13":"taxable","14":"shipping-taxable","15":"purchasable","16":"product-type-simple"},"_links":{"self":[{"href":"https:\/\/editorialalegoria.com\/web\/wp-json\/wp\/v2\/product\/223946","targetHints":{"allow":["GET"]}}],"collection":[{"href":"https:\/\/editorialalegoria.com\/web\/wp-json\/wp\/v2\/product"}],"about":[{"href":"https:\/\/editorialalegoria.com\/web\/wp-json\/wp\/v2\/types\/product"}],"wp:featuredmedia":[{"embeddable":true,"href":"https:\/\/editorialalegoria.com\/web\/wp-json\/wp\/v2\/media\/223950"}],"wp:attachment":[{"href":"https:\/\/editorialalegoria.com\/web\/wp-json\/wp\/v2\/media?parent=223946"}],"wp:term":[{"taxonomy":"product_brand","embeddable":true,"href":"https:\/\/editorialalegoria.com\/web\/wp-json\/wp\/v2\/product_brand?post=223946"},{"taxonomy":"product_cat","embeddable":true,"href":"https:\/\/editorialalegoria.com\/web\/wp-json\/wp\/v2\/product_cat?post=223946"},{"taxonomy":"product_tag","embeddable":true,"href":"https:\/\/editorialalegoria.com\/web\/wp-json\/wp\/v2\/product_tag?post=223946"}],"curies":[{"name":"wp","href":"https:\/\/api.w.org\/{rel}","templated":true}]}}